{"id":18851,"date":"2026-02-27T00:41:52","date_gmt":"2026-02-27T00:41:52","guid":{"rendered":"https:\/\/nordicmart.andreevmaster.com\/product\/songmics-forvaringslada-for-julgranskulor\/"},"modified":"2026-02-27T08:29:59","modified_gmt":"2026-02-27T08:29:59","slug":"songmics-forvaringslada-for-julgranskulor","status":"publish","type":"product","link":"https:\/\/nordicmart.andreevmaster.com\/sv\/produkt\/songmics-forvaringslada-for-julgranskulor\/","title":{"rendered":"SONGMICS f\u00f6rvaringsl\u00e5da f\u00f6r julgranskulor"},"content":{"rendered":"<p>SONGMICS f\u00f6rvaringsl\u00e5da f\u00f6r julgranskulor, f\u00f6rvaring av julgranskulor, 54 fack \u00e0 10,2 cm, av plast, lock, 2 dragkedjor, 6 brickor, handtag p\u00e5 sidorna, sandf\u00e4rgat guld RFB030A01<br \/>\nF\u00e4rg: Halvtransparent guldf\u00e4rgad<br \/>\nMaterial: PP-plast<br \/>\nStorlek: 67 x 34 x 34 cm (L x B x H)<br \/>\nVikt: 2,2 kg<br \/>\nMax. statisk belastningskapacitet: 3 kg<\/p>\n","protected":false},"excerpt":{"rendered":"<p>SONGMICS f\u00f6rvaringsl\u00e5da f\u00f6r julgranskulor, f\u00f6rvaring av julgranskulor, 54 fack \u00e0 10,2 cm, av plast, lock, 2 dragkedjor, 6 brickor, handtag p\u00e5 sidorna, sandf\u00e4rgat guld RFB030A01<\/p>\n","protected":false},"featured_media":45830,"comment_status":"open","ping_status":"closed","template":"","meta":[],"product_brand":[],"product_cat":[33],"product_tag":[],"class_list":{"0":"post-18851","1":"product","2":"type-product","3":"status-publish","4":"has-post-thumbnail","6":"product_cat-okategoriserad","8":"first","9":"instock","10":"shipping-taxable","11":"purchasable","12":"product-type-simple"},"_links":{"self":[{"href":"https:\/\/nordicmart.andreevmaster.com\/sv\/wp-json\/wp\/v2\/product\/18851","targetHints":{"allow":["GET"]}}],"collection":[{"href":"https:\/\/nordicmart.andreevmaster.com\/sv\/wp-json\/wp\/v2\/product"}],"about":[{"href":"https:\/\/nordicmart.andreevmaster.com\/sv\/wp-json\/wp\/v2\/types\/product"}],"replies":[{"embeddable":true,"href":"https:\/\/nordicmart.andreevmaster.com\/sv\/wp-json\/wp\/v2\/comments?post=18851"}],"wp:featuredmedia":[{"embeddable":true,"href":"https:\/\/nordicmart.andreevmaster.com\/sv\/wp-json\/wp\/v2\/media\/45830"}],"wp:attachment":[{"href":"https:\/\/nordicmart.andreevmaster.com\/sv\/wp-json\/wp\/v2\/media?parent=18851"}],"wp:term":[{"taxonomy":"product_brand","embeddable":true,"href":"https:\/\/nordicmart.andreevmaster.com\/sv\/wp-json\/wp\/v2\/product_brand?post=18851"},{"taxonomy":"product_cat","embeddable":true,"href":"https:\/\/nordicmart.andreevmaster.com\/sv\/wp-json\/wp\/v2\/product_cat?post=18851"},{"taxonomy":"product_tag","embeddable":true,"href":"https:\/\/nordicmart.andreevmaster.com\/sv\/wp-json\/wp\/v2\/product_tag?post=18851"}],"curies":[{"name":"wp","href":"https:\/\/api.w.org\/{rel}","templated":true}]}}