{"id":18850,"date":"2026-02-27T00:41:51","date_gmt":"2026-02-27T00:41:51","guid":{"rendered":"https:\/\/nordicmart.andreevmaster.com\/product\/songmics-forvaringsbox-26-cm-6-pack-gra-melerad\/"},"modified":"2026-02-27T08:29:59","modified_gmt":"2026-02-27T08:29:59","slug":"songmics-forvaringsbox-26-cm-6-pack-gra-melerad","status":"publish","type":"product","link":"https:\/\/nordicmart.andreevmaster.com\/sv\/produkt\/songmics-forvaringsbox-26-cm-6-pack-gra-melerad\/","title":{"rendered":"SONGMICS f\u00f6rvaringsbox 26 cm, 6-pack, gr\u00e5 melerad"},"content":{"rendered":"<p>SONGMICS f\u00f6rvaringsbox, 6-pack, f\u00f6rvaringsboxar av non-woven-tyg med handtag, f\u00f6rvaringsboxar, 26 x 26 x 28 cm, organiseringsbox, f\u00f6r kubhyllor, vikbar box, kl\u00e4df\u00f6rvaring, svart melerad RFB026B01<br \/>\nF\u00e4rg: Gr\u00e5 melerad<br \/>\nMaterial: 1,9 mm tjock kartong, 80 g\/m\u00b2 non-woven<br \/>\nStorlek per l\u00e5da: 26 x 26 x 28 cm (L x B x H)<br \/>\nTotalvikt: 2,3 kg<br \/>\nMax. statisk belastningskapacitet per l\u00e5da: 5 kg<\/p>\n","protected":false},"excerpt":{"rendered":"<p>SONGMICS f\u00f6rvaringsbox, 6-pack, f\u00f6rvaringsboxar av non-woven-tyg med handtag, f\u00f6rvaringsboxar, 26 x 26 x 28 cm, organiseringsbox, f\u00f6r kubhyllor, vikbar box, kl\u00e4df\u00f6rvaring, svart melerad RFB026B01<\/p>\n","protected":false},"featured_media":45829,"comment_status":"open","ping_status":"closed","template":"","meta":[],"product_brand":[],"product_cat":[33],"product_tag":[],"class_list":{"0":"post-18850","1":"product","2":"type-product","3":"status-publish","4":"has-post-thumbnail","6":"product_cat-okategoriserad","8":"first","9":"instock","10":"shipping-taxable","11":"purchasable","12":"product-type-simple"},"_links":{"self":[{"href":"https:\/\/nordicmart.andreevmaster.com\/sv\/wp-json\/wp\/v2\/product\/18850","targetHints":{"allow":["GET"]}}],"collection":[{"href":"https:\/\/nordicmart.andreevmaster.com\/sv\/wp-json\/wp\/v2\/product"}],"about":[{"href":"https:\/\/nordicmart.andreevmaster.com\/sv\/wp-json\/wp\/v2\/types\/product"}],"replies":[{"embeddable":true,"href":"https:\/\/nordicmart.andreevmaster.com\/sv\/wp-json\/wp\/v2\/comments?post=18850"}],"wp:featuredmedia":[{"embeddable":true,"href":"https:\/\/nordicmart.andreevmaster.com\/sv\/wp-json\/wp\/v2\/media\/45829"}],"wp:attachment":[{"href":"https:\/\/nordicmart.andreevmaster.com\/sv\/wp-json\/wp\/v2\/media?parent=18850"}],"wp:term":[{"taxonomy":"product_brand","embeddable":true,"href":"https:\/\/nordicmart.andreevmaster.com\/sv\/wp-json\/wp\/v2\/product_brand?post=18850"},{"taxonomy":"product_cat","embeddable":true,"href":"https:\/\/nordicmart.andreevmaster.com\/sv\/wp-json\/wp\/v2\/product_cat?post=18850"},{"taxonomy":"product_tag","embeddable":true,"href":"https:\/\/nordicmart.andreevmaster.com\/sv\/wp-json\/wp\/v2\/product_tag?post=18850"}],"curies":[{"name":"wp","href":"https:\/\/api.w.org\/{rel}","templated":true}]}}