{"id":18848,"date":"2026-02-27T00:41:51","date_gmt":"2026-02-27T00:41:51","guid":{"rendered":"https:\/\/nordicmart.andreevmaster.com\/product\/songmics-forvaringslador\/"},"modified":"2026-02-27T08:29:58","modified_gmt":"2026-02-27T08:29:58","slug":"songmics-forvaringslador","status":"publish","type":"product","link":"https:\/\/nordicmart.andreevmaster.com\/sv\/produkt\/songmics-forvaringslador\/","title":{"rendered":"SONGMICS f\u00f6rvaringsl\u00e5dor"},"content":{"rendered":"<p>En bra start!Ser dina barns rum ut som ett slagf\u00e4lt med leksaker och b\u00f6cker utspridda p\u00e5 golvet? Du vill s\u00e4kert rensa upp i kaoset och f\u00e5 ordning p\u00e5 rummet igen. Men var ska du b\u00f6rja st\u00e4da? Dessa 3 tygboxar kommer till din hj\u00e4lp. De s\u00f6ta djurmotiven uppmuntrar dessutom dina sm\u00e5 att sj\u00e4lva ta itu med kaoset och stuva undan sina leksaker i de f\u00e4rgglada l\u00e5dorna. Erbjuder mycket f\u00f6rvaringsutrymme, men \u00e4r \u00e4nd\u00e5 platsbesparande Leksaker, babykl\u00e4der eller andra sm\u00e5saker \u2013 dessa 3 tygl\u00e5dor \u00e4r en perfekt f\u00f6rvaringsplats f\u00f6r alla dessa f\u00f6rem\u00e5l. Vill du inte anv\u00e4nda l\u00e5dorna just nu? Vik bara ihop dem och f\u00f6rvara dem i ett h\u00f6rn \u2013 de tar bara lite plats. Produktdetaljer: &#8211; F\u00e4rg: bl\u00e5, gr\u00f6n, rosa &#8211; Material: non-woven tyg, kartong &#8211; Storlek per l\u00e5da: 27 x 27 x 27 cm (L x B x H) &#8211; Vikt f\u00f6r 3 l\u00e5dor: 1,5 kg Leveransomfattning:- 3 x f\u00f6rvaringsl\u00e5da SONGMICS Anm\u00e4rkningar: &#8211; Torka av produkten med en fuktig trasa f\u00f6r reng\u00f6ring. INTE tv\u00e4ttbar! &#8211; N\u00e4r du packar upp produkten kan den ha en &#8221;ny&#8221; lukt. Placera den i s\u00e5 fall p\u00e5 en v\u00e4l ventilerad plats i n\u00e5gra timmar.<\/p>\n","protected":false},"excerpt":{"rendered":"<p>SONGMICS f\u00f6rvaringsbox 3-pack, leksaksl\u00e5dor, leksaksorganiserare, vikbara kuber, f\u00f6r barnrum, babyrum, 27 x 27 x 27 cm, djurmotiv, f\u00e4rgglada RFB01KU<\/p>\n","protected":false},"featured_media":45827,"comment_status":"open","ping_status":"closed","template":"","meta":[],"product_brand":[],"product_cat":[33],"product_tag":[],"class_list":{"0":"post-18848","1":"product","2":"type-product","3":"status-publish","4":"has-post-thumbnail","6":"product_cat-okategoriserad","8":"first","9":"instock","10":"shipping-taxable","11":"purchasable","12":"product-type-simple"},"_links":{"self":[{"href":"https:\/\/nordicmart.andreevmaster.com\/sv\/wp-json\/wp\/v2\/product\/18848","targetHints":{"allow":["GET"]}}],"collection":[{"href":"https:\/\/nordicmart.andreevmaster.com\/sv\/wp-json\/wp\/v2\/product"}],"about":[{"href":"https:\/\/nordicmart.andreevmaster.com\/sv\/wp-json\/wp\/v2\/types\/product"}],"replies":[{"embeddable":true,"href":"https:\/\/nordicmart.andreevmaster.com\/sv\/wp-json\/wp\/v2\/comments?post=18848"}],"wp:featuredmedia":[{"embeddable":true,"href":"https:\/\/nordicmart.andreevmaster.com\/sv\/wp-json\/wp\/v2\/media\/45827"}],"wp:attachment":[{"href":"https:\/\/nordicmart.andreevmaster.com\/sv\/wp-json\/wp\/v2\/media?parent=18848"}],"wp:term":[{"taxonomy":"product_brand","embeddable":true,"href":"https:\/\/nordicmart.andreevmaster.com\/sv\/wp-json\/wp\/v2\/product_brand?post=18848"},{"taxonomy":"product_cat","embeddable":true,"href":"https:\/\/nordicmart.andreevmaster.com\/sv\/wp-json\/wp\/v2\/product_cat?post=18848"},{"taxonomy":"product_tag","embeddable":true,"href":"https:\/\/nordicmart.andreevmaster.com\/sv\/wp-json\/wp\/v2\/product_tag?post=18848"}],"curies":[{"name":"wp","href":"https:\/\/api.w.org\/{rel}","templated":true}]}}