{"id":18847,"date":"2026-02-27T00:41:51","date_gmt":"2026-02-27T00:41:51","guid":{"rendered":"https:\/\/nordicmart.andreevmaster.com\/product\/songmics-leksakslador-3-pack\/"},"modified":"2026-02-27T08:29:58","modified_gmt":"2026-02-27T08:29:58","slug":"songmics-leksakslador-3-pack","status":"publish","type":"product","link":"https:\/\/nordicmart.andreevmaster.com\/sv\/produkt\/songmics-leksakslador-3-pack\/","title":{"rendered":"SONGMICS leksaksl\u00e5dor, 3-pack"},"content":{"rendered":"<p>3-pack f\u00f6rvaringsl\u00e5dor \u2013 Stabilt och stilrentStabila s\u00f6mmar, robust tyg, formstabil kartong, snygg design, vikbar \u2013 dessa l\u00e5dor \u00e4r ett blickf\u00e5ng i varje rum och erbjuder samtidigt mycket f\u00f6rvaringsutrymme f\u00f6r m\u00e5nga f\u00f6rem\u00e5l. Lika f\u00e4rgglada som m\u00e5ngsidiga Dessa f\u00f6rvaringsl\u00e5dor \u00e4r lika f\u00e4rgglada som m\u00e5ngsidiga och kan d\u00e4rf\u00f6r anv\u00e4ndas i m\u00e5nga olika rum och f\u00f6r olika \u00e4ndam\u00e5l: &#8211; De hopf\u00e4llbara l\u00e5dorna \u00e4r perfekta f\u00f6r barnrum och daghem f\u00f6r f\u00f6rvaring av leksaker, pysselmaterial eller byggklossar.- Anv\u00e4nd organisat\u00f6rerna \u00e4ven i barnrummet, till exempel bredvid sk\u00f6tbordet, f\u00f6r att f\u00f6rvara bl\u00f6jor, bodys, skallror eller v\u00e5rdprodukter. &#8211; Skjut in l\u00e5dorna, som m\u00e4ter 27 x 27 x 27 cm, i ditt kubhyllsystem och g\u00f6r det mer f\u00e4rgglatt och intressant.- Om du vill liva upp ditt lite trista kontor kan du ocks\u00e5 placera f\u00f6rvaringsl\u00e5dorna under eller bredvid skrivbordet och f\u00f6rvara dokument eller kontorsartiklar i dem. &#8211; \u00c4ven fans av den trendiga maritima stilen kommer att \u00e4lska dessa f\u00e4rgglada f\u00f6rvaringsl\u00e5dor, oavsett var de placeras! Produktdetaljer:- F\u00e4rg: F\u00e4rgglad (djurmotiv) &#8211; Material: Textilkomposit, kartong &#8211; Storlek per l\u00e5da: 27 x 27 x 27 cm (L x B x H) &#8211; Vikt per l\u00e5da: 1,5 kg Leveransomfattning: 3 x leksaksl\u00e5da SONGMICS Anm\u00e4rkningar: &#8211; N\u00e4r du packar upp produkten kan den ha en &#8221;ny&#8221; lukt. I s\u00e5 fall, placera den p\u00e5 en v\u00e4l ventilerad plats i n\u00e5gra timmar. &#8211; Ta bort fl\u00e4ckar med en fuktig trasa och l\u00e5t l\u00e5dorna lufttorka. INTE tv\u00e4ttbar! Produktbeskrivning<\/p>\n","protected":false},"excerpt":{"rendered":"<p>SONGMICS f\u00f6rvaringsbox 3-pack, leksaksl\u00e5dor, leksaksorganiserare, vikbara kuber, f\u00f6r barnrum, babyrum, 27 x 27 x 27 cm, djurmotiv, f\u00e4rgglada RFB01KU<\/p>\n","protected":false},"featured_media":45826,"comment_status":"open","ping_status":"closed","template":"","meta":[],"product_brand":[],"product_cat":[33],"product_tag":[],"class_list":{"0":"post-18847","1":"product","2":"type-product","3":"status-publish","4":"has-post-thumbnail","6":"product_cat-okategoriserad","8":"first","9":"instock","10":"shipping-taxable","11":"purchasable","12":"product-type-simple"},"_links":{"self":[{"href":"https:\/\/nordicmart.andreevmaster.com\/sv\/wp-json\/wp\/v2\/product\/18847","targetHints":{"allow":["GET"]}}],"collection":[{"href":"https:\/\/nordicmart.andreevmaster.com\/sv\/wp-json\/wp\/v2\/product"}],"about":[{"href":"https:\/\/nordicmart.andreevmaster.com\/sv\/wp-json\/wp\/v2\/types\/product"}],"replies":[{"embeddable":true,"href":"https:\/\/nordicmart.andreevmaster.com\/sv\/wp-json\/wp\/v2\/comments?post=18847"}],"wp:featuredmedia":[{"embeddable":true,"href":"https:\/\/nordicmart.andreevmaster.com\/sv\/wp-json\/wp\/v2\/media\/45826"}],"wp:attachment":[{"href":"https:\/\/nordicmart.andreevmaster.com\/sv\/wp-json\/wp\/v2\/media?parent=18847"}],"wp:term":[{"taxonomy":"product_brand","embeddable":true,"href":"https:\/\/nordicmart.andreevmaster.com\/sv\/wp-json\/wp\/v2\/product_brand?post=18847"},{"taxonomy":"product_cat","embeddable":true,"href":"https:\/\/nordicmart.andreevmaster.com\/sv\/wp-json\/wp\/v2\/product_cat?post=18847"},{"taxonomy":"product_tag","embeddable":true,"href":"https:\/\/nordicmart.andreevmaster.com\/sv\/wp-json\/wp\/v2\/product_tag?post=18847"}],"curies":[{"name":"wp","href":"https:\/\/api.w.org\/{rel}","templated":true}]}}