{"id":18846,"date":"2026-02-27T00:41:50","date_gmt":"2026-02-27T00:41:50","guid":{"rendered":"https:\/\/nordicmart.andreevmaster.com\/product\/songmics-tygboxar-utan-lock-3-pack-gra\/"},"modified":"2026-02-27T08:29:58","modified_gmt":"2026-02-27T08:29:58","slug":"songmics-tygboxar-utan-lock-3-pack-gra","status":"publish","type":"product","link":"https:\/\/nordicmart.andreevmaster.com\/sv\/produkt\/songmics-tygboxar-utan-lock-3-pack-gra\/","title":{"rendered":"SONGMICS tygboxar utan lock, 3-pack, gr\u00e5"},"content":{"rendered":"<p>Produktdetaljer: &#8211; F\u00e4rg: Gr\u00e5 &#8211; Material: Kartong, non-woven tyg, handtag av bomull &#8211; Storlek per l\u00e5da: 30 x 30 x 30 cm (L x B x H) &#8211; Totalvikt: 1,8 kg &#8211; Max. statisk belastningskapacitet per l\u00e5da: 10 kg Leveransomfattning: &#8211; 3 x f\u00f6rvaringsl\u00e5da &#8211; 3 x kartongbotten &#8211; 6 x handtag SONGMICS Anvisningar: &#8211; Produkten \u00e4r inte tv\u00e4ttbar i maskin! Torka av produkten med en fuktig trasa f\u00f6r daglig reng\u00f6ring och l\u00e5t den lufttorka. &#8211; Om produkten har en &#8221;ny&#8221; lukt efter uppackningen, placera den p\u00e5 en v\u00e4l ventilerad plats under en kort tid. &#8211; Uts\u00e4tt inte produkten f\u00f6r direkt solljus. Placera inte denna produkt i en milj\u00f6 med h\u00f6g luftfuktighet.<\/p>\n","protected":false},"excerpt":{"rendered":"<p>SONGMICS f\u00f6rvaringsl\u00e5dor, 3-pack, tygl\u00e5dor utan lock, med handtag, 30 x 30 x 30 cm, linneoptik, gr\u00e5 RFB016G01<\/p>\n","protected":false},"featured_media":45825,"comment_status":"open","ping_status":"closed","template":"","meta":[],"product_brand":[],"product_cat":[33],"product_tag":[],"class_list":{"0":"post-18846","1":"product","2":"type-product","3":"status-publish","4":"has-post-thumbnail","6":"product_cat-okategoriserad","8":"first","9":"instock","10":"shipping-taxable","11":"purchasable","12":"product-type-simple"},"_links":{"self":[{"href":"https:\/\/nordicmart.andreevmaster.com\/sv\/wp-json\/wp\/v2\/product\/18846","targetHints":{"allow":["GET"]}}],"collection":[{"href":"https:\/\/nordicmart.andreevmaster.com\/sv\/wp-json\/wp\/v2\/product"}],"about":[{"href":"https:\/\/nordicmart.andreevmaster.com\/sv\/wp-json\/wp\/v2\/types\/product"}],"replies":[{"embeddable":true,"href":"https:\/\/nordicmart.andreevmaster.com\/sv\/wp-json\/wp\/v2\/comments?post=18846"}],"wp:featuredmedia":[{"embeddable":true,"href":"https:\/\/nordicmart.andreevmaster.com\/sv\/wp-json\/wp\/v2\/media\/45825"}],"wp:attachment":[{"href":"https:\/\/nordicmart.andreevmaster.com\/sv\/wp-json\/wp\/v2\/media?parent=18846"}],"wp:term":[{"taxonomy":"product_brand","embeddable":true,"href":"https:\/\/nordicmart.andreevmaster.com\/sv\/wp-json\/wp\/v2\/product_brand?post=18846"},{"taxonomy":"product_cat","embeddable":true,"href":"https:\/\/nordicmart.andreevmaster.com\/sv\/wp-json\/wp\/v2\/product_cat?post=18846"},{"taxonomy":"product_tag","embeddable":true,"href":"https:\/\/nordicmart.andreevmaster.com\/sv\/wp-json\/wp\/v2\/product_tag?post=18846"}],"curies":[{"name":"wp","href":"https:\/\/api.w.org\/{rel}","templated":true}]}}