{"id":18843,"date":"2026-02-27T00:41:50","date_gmt":"2026-02-27T00:41:50","guid":{"rendered":"https:\/\/nordicmart.andreevmaster.com\/product\/songmics-forvaringsbox-6-pack-40-x-30-x-20-cm-black-svart\/"},"modified":"2026-02-27T08:29:57","modified_gmt":"2026-02-27T08:29:57","slug":"songmics-forvaringsbox-6-pack-40-x-30-x-20-cm-black-svart","status":"publish","type":"product","link":"https:\/\/nordicmart.andreevmaster.com\/sv\/produkt\/songmics-forvaringsbox-6-pack-40-x-30-x-20-cm-black-svart\/","title":{"rendered":"SONGMICS f\u00f6rvaringsbox 6-pack 40 x 30 x 20 cm bl\u00e4ck svart"},"content":{"rendered":"<p>SONGMICS f\u00f6rvaringsbox 6-pack, hopf\u00e4llbar, tygboxar, f\u00f6rvaring, 40 x 30 x 20 cm, organiserare, korgar, f\u00f6r garderob, 3 handtag, f\u00f6r sovrum, vardagsrum, bl\u00e4ck svart RFB0140B01<br \/>\nF\u00e4rg: bl\u00e4ck svart<br \/>\nMaterial: non-woven-tyg, PP-plast (polypropen)<br \/>\nStorlek per l\u00e5da: 40 x 30 x 20 cm (L x B x H)<br \/>\nTotalvikt: 2,3 kg<br \/>\nMax. statisk belastningskapacitet per l\u00e5da: 5 kg<\/p>\n","protected":false},"excerpt":{"rendered":"<p>SONGMICS f\u00f6rvaringsbox 6-pack, hopf\u00e4llbar, tygboxar, f\u00f6rvaring, 40 x 30 x 20 cm, organiserare, korgar, f\u00f6r garderob, 3 handtag, f\u00f6r sovrum, vardagsrum, bl\u00e4ck svart RFB0140B01<\/p>\n","protected":false},"featured_media":45822,"comment_status":"open","ping_status":"closed","template":"","meta":[],"product_brand":[],"product_cat":[33],"product_tag":[],"class_list":{"0":"post-18843","1":"product","2":"type-product","3":"status-publish","4":"has-post-thumbnail","6":"product_cat-okategoriserad","8":"first","9":"instock","10":"shipping-taxable","11":"purchasable","12":"product-type-simple"},"_links":{"self":[{"href":"https:\/\/nordicmart.andreevmaster.com\/sv\/wp-json\/wp\/v2\/product\/18843","targetHints":{"allow":["GET"]}}],"collection":[{"href":"https:\/\/nordicmart.andreevmaster.com\/sv\/wp-json\/wp\/v2\/product"}],"about":[{"href":"https:\/\/nordicmart.andreevmaster.com\/sv\/wp-json\/wp\/v2\/types\/product"}],"replies":[{"embeddable":true,"href":"https:\/\/nordicmart.andreevmaster.com\/sv\/wp-json\/wp\/v2\/comments?post=18843"}],"wp:featuredmedia":[{"embeddable":true,"href":"https:\/\/nordicmart.andreevmaster.com\/sv\/wp-json\/wp\/v2\/media\/45822"}],"wp:attachment":[{"href":"https:\/\/nordicmart.andreevmaster.com\/sv\/wp-json\/wp\/v2\/media?parent=18843"}],"wp:term":[{"taxonomy":"product_brand","embeddable":true,"href":"https:\/\/nordicmart.andreevmaster.com\/sv\/wp-json\/wp\/v2\/product_brand?post=18843"},{"taxonomy":"product_cat","embeddable":true,"href":"https:\/\/nordicmart.andreevmaster.com\/sv\/wp-json\/wp\/v2\/product_cat?post=18843"},{"taxonomy":"product_tag","embeddable":true,"href":"https:\/\/nordicmart.andreevmaster.com\/sv\/wp-json\/wp\/v2\/product_tag?post=18843"}],"curies":[{"name":"wp","href":"https:\/\/api.w.org\/{rel}","templated":true}]}}