{"id":18842,"date":"2026-02-27T00:41:49","date_gmt":"2026-02-27T00:41:49","guid":{"rendered":"https:\/\/nordicmart.andreevmaster.com\/product\/songmics-tygboxar-med-lock-3-pack\/"},"modified":"2026-02-27T08:29:57","modified_gmt":"2026-02-27T08:29:57","slug":"songmics-tygboxar-med-lock-3-pack","status":"publish","type":"product","link":"https:\/\/nordicmart.andreevmaster.com\/sv\/produkt\/songmics-tygboxar-med-lock-3-pack\/","title":{"rendered":"SONGMICS tygboxar med lock, 3-pack"},"content":{"rendered":"<p>SONGMICS f\u00f6rvaringsl\u00e5dor, 3-pack, tygl\u00e5dor med lock, bomullshandtag, linneoptik, gr\u00e5 RFB013G02<br \/>\nF\u00e4rg: Gr\u00e5<br \/>\nMaterial: Kartong, non-woven-tyg, handtag av bomull<br \/>\nStorlek per l\u00e5da: 38 x 25 x 25 cm (L x B x H)<br \/>\nTotalvikt: 2,1 kg<br \/>\nMax. statisk belastningskapacitet per l\u00e5da: 10 kg<\/p>\n","protected":false},"excerpt":{"rendered":"<p>SONGMICS f\u00f6rvaringsl\u00e5dor, 3-pack, tygl\u00e5dor med lock, bomullshandtag, linneoptik, gr\u00e5 RFB013G02<\/p>\n","protected":false},"featured_media":45821,"comment_status":"open","ping_status":"closed","template":"","meta":[],"product_brand":[],"product_cat":[33],"product_tag":[],"class_list":{"0":"post-18842","1":"product","2":"type-product","3":"status-publish","4":"has-post-thumbnail","6":"product_cat-okategoriserad","8":"first","9":"instock","10":"shipping-taxable","11":"purchasable","12":"product-type-simple"},"_links":{"self":[{"href":"https:\/\/nordicmart.andreevmaster.com\/sv\/wp-json\/wp\/v2\/product\/18842","targetHints":{"allow":["GET"]}}],"collection":[{"href":"https:\/\/nordicmart.andreevmaster.com\/sv\/wp-json\/wp\/v2\/product"}],"about":[{"href":"https:\/\/nordicmart.andreevmaster.com\/sv\/wp-json\/wp\/v2\/types\/product"}],"replies":[{"embeddable":true,"href":"https:\/\/nordicmart.andreevmaster.com\/sv\/wp-json\/wp\/v2\/comments?post=18842"}],"wp:featuredmedia":[{"embeddable":true,"href":"https:\/\/nordicmart.andreevmaster.com\/sv\/wp-json\/wp\/v2\/media\/45821"}],"wp:attachment":[{"href":"https:\/\/nordicmart.andreevmaster.com\/sv\/wp-json\/wp\/v2\/media?parent=18842"}],"wp:term":[{"taxonomy":"product_brand","embeddable":true,"href":"https:\/\/nordicmart.andreevmaster.com\/sv\/wp-json\/wp\/v2\/product_brand?post=18842"},{"taxonomy":"product_cat","embeddable":true,"href":"https:\/\/nordicmart.andreevmaster.com\/sv\/wp-json\/wp\/v2\/product_cat?post=18842"},{"taxonomy":"product_tag","embeddable":true,"href":"https:\/\/nordicmart.andreevmaster.com\/sv\/wp-json\/wp\/v2\/product_tag?post=18842"}],"curies":[{"name":"wp","href":"https:\/\/api.w.org\/{rel}","templated":true}]}}