{"id":18840,"date":"2026-02-27T00:41:49","date_gmt":"2026-02-27T00:41:49","guid":{"rendered":"https:\/\/nordicmart.andreevmaster.com\/product\/songmics-fallbara-lador-6-pack\/"},"modified":"2026-02-27T08:29:56","modified_gmt":"2026-02-27T08:29:56","slug":"songmics-fallbara-lador-6-pack","status":"publish","type":"product","link":"https:\/\/nordicmart.andreevmaster.com\/sv\/produkt\/songmics-fallbara-lador-6-pack\/","title":{"rendered":"SONGMICS F\u00e4llbara l\u00e5dor, 6-pack"},"content":{"rendered":"<p>Har du ocks\u00e5 m\u00e4rkt att sm\u00e5prylarna hela tiden samlas och att ditt hem st\u00e4ndigt hamnar i kaos? D\u00e5 \u00e4r detta set perfekt f\u00f6r dig! En riktig f\u00f6rvaringstalang I garderoben, p\u00e5 bokhyllan, under soffbordet, p\u00e5 skrivbordet eller i barnrummet. L\u00e5dorna passar dessutom i de flesta kubhyllor. Du kan ocks\u00e5 anv\u00e4nda l\u00e5dorna tillsammans eller separat, beroende p\u00e5 behov \u2013 valet \u00e4r ditt. Produktdetaljer: &#8211; F\u00e4rg: Gr\u00e5 med fiskbensm\u00f6nster &#8211; Material: 2 mm tjock kartong, 80 g\/m\u00b2 non-woven &#8211; Storlek: 30 x 30 x 30 cm (L x B x H) &#8211; Vikt: 3,7 kg &#8211; Max. statisk belastningskapacitet per kub: 5 kg Leveransomfattning: &#8211; 6 x f\u00f6rvaringsbox SONGMICS Anvisningar: &#8211; Torka av ytan med en l\u00e4tt fuktig trasa f\u00f6r daglig reng\u00f6ring och l\u00e5t produkten lufttorka; tv\u00e4tta INTE med vatten.- Det kan h\u00e4nda att produkten luktar \u201dnytt\u201d n\u00e4r du packar upp den. I s\u00e5 fall kan du placera den i ett v\u00e4lventilerat rum s\u00e5 att lukten f\u00f6rsvinner efter en kort stund.<\/p>\n","protected":false},"excerpt":{"rendered":"<p>SONGMICS f\u00f6rvaringsbox, 6-pack, vikbar box, 30 x 30 x 30 cm, tygbox, vikbar, f\u00f6rvaringsboxar, f\u00f6rvaring f\u00f6r leksaker, kl\u00e4der, gr\u00e5 med fiskbensm\u00f6nster RFB012G01<\/p>\n","protected":false},"featured_media":45819,"comment_status":"open","ping_status":"closed","template":"","meta":[],"product_brand":[],"product_cat":[33],"product_tag":[],"class_list":{"0":"post-18840","1":"product","2":"type-product","3":"status-publish","4":"has-post-thumbnail","6":"product_cat-okategoriserad","8":"first","9":"instock","10":"shipping-taxable","11":"purchasable","12":"product-type-simple"},"_links":{"self":[{"href":"https:\/\/nordicmart.andreevmaster.com\/sv\/wp-json\/wp\/v2\/product\/18840","targetHints":{"allow":["GET"]}}],"collection":[{"href":"https:\/\/nordicmart.andreevmaster.com\/sv\/wp-json\/wp\/v2\/product"}],"about":[{"href":"https:\/\/nordicmart.andreevmaster.com\/sv\/wp-json\/wp\/v2\/types\/product"}],"replies":[{"embeddable":true,"href":"https:\/\/nordicmart.andreevmaster.com\/sv\/wp-json\/wp\/v2\/comments?post=18840"}],"wp:featuredmedia":[{"embeddable":true,"href":"https:\/\/nordicmart.andreevmaster.com\/sv\/wp-json\/wp\/v2\/media\/45819"}],"wp:attachment":[{"href":"https:\/\/nordicmart.andreevmaster.com\/sv\/wp-json\/wp\/v2\/media?parent=18840"}],"wp:term":[{"taxonomy":"product_brand","embeddable":true,"href":"https:\/\/nordicmart.andreevmaster.com\/sv\/wp-json\/wp\/v2\/product_brand?post=18840"},{"taxonomy":"product_cat","embeddable":true,"href":"https:\/\/nordicmart.andreevmaster.com\/sv\/wp-json\/wp\/v2\/product_cat?post=18840"},{"taxonomy":"product_tag","embeddable":true,"href":"https:\/\/nordicmart.andreevmaster.com\/sv\/wp-json\/wp\/v2\/product_tag?post=18840"}],"curies":[{"name":"wp","href":"https:\/\/api.w.org\/{rel}","templated":true}]}}