{"id":18835,"date":"2026-02-27T00:41:47","date_gmt":"2026-02-27T00:41:47","guid":{"rendered":"https:\/\/nordicmart.andreevmaster.com\/product\/songmics-forvaringslador-6-pack-svart\/"},"modified":"2026-02-27T08:29:55","modified_gmt":"2026-02-27T08:29:55","slug":"songmics-forvaringslador-6-pack-svart","status":"publish","type":"product","link":"https:\/\/nordicmart.andreevmaster.com\/sv\/produkt\/songmics-forvaringslador-6-pack-svart\/","title":{"rendered":"SONGMICS f\u00f6rvaringsl\u00e5dor, 6-pack, svart"},"content":{"rendered":"<p>Har du ocks\u00e5 m\u00e4rkt att sm\u00e5saker hela tiden samlas och att ditt hem st\u00e4ndigt hamnar i kaos? D\u00e5 \u00e4r detta set perfekt f\u00f6r dig! En riktig f\u00f6rvaringstalang I garderoben, p\u00e5 bokhyllan, under soffbordet, p\u00e5 skrivbordet eller i barnrummet. L\u00e5dorna passar dessutom i de flesta kubhyllor. Du kan dessutom anv\u00e4nda l\u00e5dorna tillsammans eller separat, beroende p\u00e5 behov \u2013 valet \u00e4r ditt. Produktdetaljer: &#8211; F\u00e4rg: svart &#8211; Material: 2 mm tjock kartong, 80 g\/\u33a1 non-woven-storlek: 30 x 30 x 30 cm (L x B x H) &#8211; Vikt: 3,7 kg &#8211; Max. statisk belastningskapacitet per kub: 5 kg Leveransomfattning:- 6 x f\u00f6rvaringsl\u00e5da SONGMICS Anvisningar: &#8211; Torka av ytan med en l\u00e4tt fuktig trasa f\u00f6r daglig reng\u00f6ring och l\u00e5t produkten lufttorka; tv\u00e4tta INTE med vatten. &#8211; Produkten kan ha en svag lukt n\u00e4r den packas upp. Placera den i s\u00e5 fall p\u00e5 en v\u00e4l ventilerad plats i n\u00e5gra timmar.<\/p>\n","protected":false},"excerpt":{"rendered":"<p>SONGMICS f\u00f6rvaringsl\u00e5dor, 6-pack, vikbara tygl\u00e5dor, non-woven-tyg, kuber, f\u00f6rvaringskorgar, f\u00f6rvaring f\u00f6r leksaker, kl\u00e4der, svart RFB006B01<\/p>\n","protected":false},"featured_media":45814,"comment_status":"open","ping_status":"closed","template":"","meta":[],"product_brand":[],"product_cat":[33],"product_tag":[],"class_list":{"0":"post-18835","1":"product","2":"type-product","3":"status-publish","4":"has-post-thumbnail","6":"product_cat-okategoriserad","8":"first","9":"instock","10":"shipping-taxable","11":"purchasable","12":"product-type-simple"},"_links":{"self":[{"href":"https:\/\/nordicmart.andreevmaster.com\/sv\/wp-json\/wp\/v2\/product\/18835","targetHints":{"allow":["GET"]}}],"collection":[{"href":"https:\/\/nordicmart.andreevmaster.com\/sv\/wp-json\/wp\/v2\/product"}],"about":[{"href":"https:\/\/nordicmart.andreevmaster.com\/sv\/wp-json\/wp\/v2\/types\/product"}],"replies":[{"embeddable":true,"href":"https:\/\/nordicmart.andreevmaster.com\/sv\/wp-json\/wp\/v2\/comments?post=18835"}],"wp:featuredmedia":[{"embeddable":true,"href":"https:\/\/nordicmart.andreevmaster.com\/sv\/wp-json\/wp\/v2\/media\/45814"}],"wp:attachment":[{"href":"https:\/\/nordicmart.andreevmaster.com\/sv\/wp-json\/wp\/v2\/media?parent=18835"}],"wp:term":[{"taxonomy":"product_brand","embeddable":true,"href":"https:\/\/nordicmart.andreevmaster.com\/sv\/wp-json\/wp\/v2\/product_brand?post=18835"},{"taxonomy":"product_cat","embeddable":true,"href":"https:\/\/nordicmart.andreevmaster.com\/sv\/wp-json\/wp\/v2\/product_cat?post=18835"},{"taxonomy":"product_tag","embeddable":true,"href":"https:\/\/nordicmart.andreevmaster.com\/sv\/wp-json\/wp\/v2\/product_tag?post=18835"}],"curies":[{"name":"wp","href":"https:\/\/api.w.org\/{rel}","templated":true}]}}