{"id":18834,"date":"2026-02-27T00:41:47","date_gmt":"2026-02-27T00:41:47","guid":{"rendered":"https:\/\/nordicmart.andreevmaster.com\/product\/songmics-forvaringslada-beige\/"},"modified":"2026-02-27T08:29:55","modified_gmt":"2026-02-27T08:29:55","slug":"songmics-forvaringslada-beige","status":"publish","type":"product","link":"https:\/\/nordicmart.andreevmaster.com\/sv\/produkt\/songmics-forvaringslada-beige\/","title":{"rendered":"SONGMICS f\u00f6rvaringsl\u00e5da beige"},"content":{"rendered":"<p>Att st\u00e4da kan ocks\u00e5 vara roligt Ser ditt barns rum ut som ett slagf\u00e4lt? Leksaker, kl\u00e4der och b\u00f6cker \u00f6verallt? Du vill s\u00e4kert f\u00e5 bort kaoset och f\u00e5 ordning p\u00e5 rummet igen. Denna stora l\u00e5da kommer till din hj\u00e4lp. De s\u00f6ta rymdteman uppmuntrar dina sm\u00e5 att sj\u00e4lva ta itu med kaoset och stuva undan sina leksaker i l\u00e5dan. Ge mer, ta mindre Denna barnv\u00e4nliga och h\u00e5llbara l\u00e5da i beige passar perfekt i ditt vardagsrum, sovrum eller barnrum och erbjuder gott om plats f\u00f6r dina prylar. N\u00e4r den inte anv\u00e4nds kan den enkelt vikas ihop och f\u00f6rvaras p\u00e5 ett utrymmesbesparande s\u00e4tt. Produktdetaljer: &#8211; F\u00e4rg: Beige &#8211; Material: Kartong, non-woven-storlek: 61 x 35 x 38 cm (L x B x H) &#8211; Vikt: 2,2 kg Leveransomfattning: &#8211; 1 x f\u00f6rvaringsl\u00e5da SONGMICS Anm\u00e4rkningar: &#8211; Anv\u00e4nd produkten p\u00e5 en torr plats.<\/p>\n","protected":false},"excerpt":{"rendered":"<p>SONGMICS f\u00f6rvaringsl\u00e5da, leksaksf\u00f6rvaring, vikbar l\u00e5da, tygl\u00e5da med 2 handtag och lock, f\u00f6rvaringsl\u00e5da f\u00f6r barnrum, lekrum, sovrum, garderob, beige RFB003W01<\/p>\n","protected":false},"featured_media":45813,"comment_status":"open","ping_status":"closed","template":"","meta":[],"product_brand":[],"product_cat":[33],"product_tag":[],"class_list":{"0":"post-18834","1":"product","2":"type-product","3":"status-publish","4":"has-post-thumbnail","6":"product_cat-okategoriserad","8":"first","9":"instock","10":"shipping-taxable","11":"purchasable","12":"product-type-simple"},"_links":{"self":[{"href":"https:\/\/nordicmart.andreevmaster.com\/sv\/wp-json\/wp\/v2\/product\/18834","targetHints":{"allow":["GET"]}}],"collection":[{"href":"https:\/\/nordicmart.andreevmaster.com\/sv\/wp-json\/wp\/v2\/product"}],"about":[{"href":"https:\/\/nordicmart.andreevmaster.com\/sv\/wp-json\/wp\/v2\/types\/product"}],"replies":[{"embeddable":true,"href":"https:\/\/nordicmart.andreevmaster.com\/sv\/wp-json\/wp\/v2\/comments?post=18834"}],"wp:featuredmedia":[{"embeddable":true,"href":"https:\/\/nordicmart.andreevmaster.com\/sv\/wp-json\/wp\/v2\/media\/45813"}],"wp:attachment":[{"href":"https:\/\/nordicmart.andreevmaster.com\/sv\/wp-json\/wp\/v2\/media?parent=18834"}],"wp:term":[{"taxonomy":"product_brand","embeddable":true,"href":"https:\/\/nordicmart.andreevmaster.com\/sv\/wp-json\/wp\/v2\/product_brand?post=18834"},{"taxonomy":"product_cat","embeddable":true,"href":"https:\/\/nordicmart.andreevmaster.com\/sv\/wp-json\/wp\/v2\/product_cat?post=18834"},{"taxonomy":"product_tag","embeddable":true,"href":"https:\/\/nordicmart.andreevmaster.com\/sv\/wp-json\/wp\/v2\/product_tag?post=18834"}],"curies":[{"name":"wp","href":"https:\/\/api.w.org\/{rel}","templated":true}]}}