{"id":18832,"date":"2026-02-27T00:41:46","date_gmt":"2026-02-27T00:41:46","guid":{"rendered":"https:\/\/nordicmart.andreevmaster.com\/product\/songmics-forvaringslador-6-pack-morkgra\/"},"modified":"2026-02-27T08:29:55","modified_gmt":"2026-02-27T08:29:55","slug":"songmics-forvaringslador-6-pack-morkgra","status":"publish","type":"product","link":"https:\/\/nordicmart.andreevmaster.com\/sv\/produkt\/songmics-forvaringslador-6-pack-morkgra\/","title":{"rendered":"SONGMICS f\u00f6rvaringsl\u00e5dor, 6-pack, m\u00f6rkgr\u00e5"},"content":{"rendered":"<p>F\u00f6rvara eller sortera? B\u00e5da! Vill du f\u00f6rvara dina barns leksaker p\u00e5 ett ordnat s\u00e4tt? Saknar du f\u00f6rvaringsutrymme f\u00f6r att stuva undan kl\u00e4der som inte passar f\u00f6r s\u00e4songen? D\u00e5 \u00e4r dessa 6 tygboxar precis vad du beh\u00f6ver! Flexibel anv\u00e4ndning Du kan anv\u00e4nda dessa 30 x 30 x 30 cm stora boxar i garderoben, p\u00e5 bokhyllor, i vardagsrummet eller i separata rum. Vad vill du f\u00f6rvara i dessa l\u00e5dor? B\u00f6cker, leksaker, CD-skivor eller DVD-skivor? Vad du vill! Dessa \u00f6ppna l\u00e5dor hj\u00e4lper dig att enkelt se vad som finns i dem. Produktdetaljer: &#8211; F\u00e4rg: m\u00f6rkgr\u00e5 &#8211; Material: 2 mm tjock kartong, 80 g\/\u33a1 non-woven tyg i linne-look- Storlek per l\u00e5da: 30 x 30 x 30 cm (L x B x H)- Vikt f\u00f6r 6 l\u00e5dor: 3,4 kg- Max. statisk belastningskapacitet per l\u00e5da: 5 kgLeveransomfattning:- 6 x f\u00f6rvaringsl\u00e5daSONGMICS Anm\u00e4rkningar:- Den maximala statiska belastningskapaciteten per l\u00e5da \u00e4r 5 kg. \u00d6verskrid inte denna maximala vikt. &#8211; Torka av ytan med en fuktig trasa f\u00f6r daglig reng\u00f6ring och l\u00e5t produkten lufttorka; tv\u00e4tta INTE under rinnande vatten. &#8211; Produkten kan ha en svag lukt n\u00e4r den packas upp. Placera den i s\u00e5 fall p\u00e5 en v\u00e4l ventilerad plats i n\u00e5gra timmar.<\/p>\n","protected":false},"excerpt":{"rendered":"<p>SONGMICS  f\u00f6rvaringsl\u00e5dor, 30 x 30 x 30 cm, vikbara l\u00e5dor, tygl\u00e5dor, 6-pack, kuber, leksaksf\u00f6rvaring, non-woven-tyg i linne-look, m\u00f6rkgr\u00e5 RFB002G01<\/p>\n","protected":false},"featured_media":45811,"comment_status":"open","ping_status":"closed","template":"","meta":[],"product_brand":[],"product_cat":[33],"product_tag":[],"class_list":{"0":"post-18832","1":"product","2":"type-product","3":"status-publish","4":"has-post-thumbnail","6":"product_cat-okategoriserad","8":"first","9":"instock","10":"shipping-taxable","11":"purchasable","12":"product-type-simple"},"_links":{"self":[{"href":"https:\/\/nordicmart.andreevmaster.com\/sv\/wp-json\/wp\/v2\/product\/18832","targetHints":{"allow":["GET"]}}],"collection":[{"href":"https:\/\/nordicmart.andreevmaster.com\/sv\/wp-json\/wp\/v2\/product"}],"about":[{"href":"https:\/\/nordicmart.andreevmaster.com\/sv\/wp-json\/wp\/v2\/types\/product"}],"replies":[{"embeddable":true,"href":"https:\/\/nordicmart.andreevmaster.com\/sv\/wp-json\/wp\/v2\/comments?post=18832"}],"wp:featuredmedia":[{"embeddable":true,"href":"https:\/\/nordicmart.andreevmaster.com\/sv\/wp-json\/wp\/v2\/media\/45811"}],"wp:attachment":[{"href":"https:\/\/nordicmart.andreevmaster.com\/sv\/wp-json\/wp\/v2\/media?parent=18832"}],"wp:term":[{"taxonomy":"product_brand","embeddable":true,"href":"https:\/\/nordicmart.andreevmaster.com\/sv\/wp-json\/wp\/v2\/product_brand?post=18832"},{"taxonomy":"product_cat","embeddable":true,"href":"https:\/\/nordicmart.andreevmaster.com\/sv\/wp-json\/wp\/v2\/product_cat?post=18832"},{"taxonomy":"product_tag","embeddable":true,"href":"https:\/\/nordicmart.andreevmaster.com\/sv\/wp-json\/wp\/v2\/product_tag?post=18832"}],"curies":[{"name":"wp","href":"https:\/\/api.w.org\/{rel}","templated":true}]}}