{"id":18830,"date":"2026-02-27T00:41:45","date_gmt":"2026-02-27T00:41:45","guid":{"rendered":"https:\/\/nordicmart.andreevmaster.com\/product\/songmics-forvaringslador-grona\/"},"modified":"2026-02-27T08:29:54","modified_gmt":"2026-02-27T08:29:54","slug":"songmics-forvaringslador-grona","status":"publish","type":"product","link":"https:\/\/nordicmart.andreevmaster.com\/sv\/produkt\/songmics-forvaringslador-grona\/","title":{"rendered":"SONGMICS f\u00f6rvaringsl\u00e5dor gr\u00f6na"},"content":{"rendered":"<p>Att st\u00e4da kan ocks\u00e5 vara roligt: Ser ditt barns rum ut som ett slagf\u00e4lt? Leksaker, kl\u00e4der och b\u00f6cker \u00f6verallt? Du vill s\u00e4kert f\u00e5 bort kaoset och f\u00e5 ordning p\u00e5 rummet igen. Dessa 3 tygboxar kommer till din hj\u00e4lp. De s\u00f6ta rymdteman uppmuntrar dina sm\u00e5 att sj\u00e4lva ta itu med kaoset och st\u00e4lla undan sina leksaker ordentligt i l\u00e5dorna. Ge mer, ta mindre: Dessa l\u00e5dor (30 x 30 x 30 cm vardera) passar perfekt i ditt vardagsrum, sovrum eller barnrum och erbjuder gott om plats f\u00f6r dina prylar. N\u00e4r de inte anv\u00e4nds kan de enkelt vikas ihop och f\u00f6rvaras p\u00e5 ett utrymmesbesparande s\u00e4tt. Produktdetaljer: F\u00e4rg: Gr\u00f6n Material: Kartong, non-woven tyg Storlek per l\u00e5da: 30 x 30 x 30 cm (L x B x H) Vikt per l\u00e5da: 0,6 kg Leveransomfattning: 3 x f\u00f6rvaringsl\u00e5da SONGMICS Anm\u00e4rkningar: INTE tv\u00e4ttbar! Torka av produkten med en fuktig trasa f\u00f6r reng\u00f6ring. Produkten kan ha en svag lukt n\u00e4r den packas upp. Placera den i s\u00e5 fall p\u00e5 en v\u00e4l ventilerad plats i n\u00e5gra timmar.<\/p>\n","protected":false},"excerpt":{"rendered":"<p>SONGMICS f\u00f6rvaringsl\u00e5dor, 3-pack, tygl\u00e5dor, 30 x 30 x 30 cm, leksaksorganiserare, vikbar, med 2 handtag, f\u00f6r barnrum, lekrum, sovrum, bl\u00e5 RFB001B03<\/p>\n","protected":false},"featured_media":45809,"comment_status":"open","ping_status":"closed","template":"","meta":[],"product_brand":[],"product_cat":[33],"product_tag":[],"class_list":{"0":"post-18830","1":"product","2":"type-product","3":"status-publish","4":"has-post-thumbnail","6":"product_cat-okategoriserad","8":"first","9":"instock","10":"shipping-taxable","11":"purchasable","12":"product-type-simple"},"_links":{"self":[{"href":"https:\/\/nordicmart.andreevmaster.com\/sv\/wp-json\/wp\/v2\/product\/18830","targetHints":{"allow":["GET"]}}],"collection":[{"href":"https:\/\/nordicmart.andreevmaster.com\/sv\/wp-json\/wp\/v2\/product"}],"about":[{"href":"https:\/\/nordicmart.andreevmaster.com\/sv\/wp-json\/wp\/v2\/types\/product"}],"replies":[{"embeddable":true,"href":"https:\/\/nordicmart.andreevmaster.com\/sv\/wp-json\/wp\/v2\/comments?post=18830"}],"wp:featuredmedia":[{"embeddable":true,"href":"https:\/\/nordicmart.andreevmaster.com\/sv\/wp-json\/wp\/v2\/media\/45809"}],"wp:attachment":[{"href":"https:\/\/nordicmart.andreevmaster.com\/sv\/wp-json\/wp\/v2\/media?parent=18830"}],"wp:term":[{"taxonomy":"product_brand","embeddable":true,"href":"https:\/\/nordicmart.andreevmaster.com\/sv\/wp-json\/wp\/v2\/product_brand?post=18830"},{"taxonomy":"product_cat","embeddable":true,"href":"https:\/\/nordicmart.andreevmaster.com\/sv\/wp-json\/wp\/v2\/product_cat?post=18830"},{"taxonomy":"product_tag","embeddable":true,"href":"https:\/\/nordicmart.andreevmaster.com\/sv\/wp-json\/wp\/v2\/product_tag?post=18830"}],"curies":[{"name":"wp","href":"https:\/\/api.w.org\/{rel}","templated":true}]}}