{"id":18829,"date":"2026-02-27T00:41:45","date_gmt":"2026-02-27T00:41:45","guid":{"rendered":"https:\/\/nordicmart.andreevmaster.com\/product\/songmics-forvaringslador-bla\/"},"modified":"2026-02-27T08:29:54","modified_gmt":"2026-02-27T08:29:54","slug":"songmics-forvaringslador-bla","status":"publish","type":"product","link":"https:\/\/nordicmart.andreevmaster.com\/sv\/produkt\/songmics-forvaringslador-bla\/","title":{"rendered":"SONGMICS f\u00f6rvaringsl\u00e5dor bl\u00e5"},"content":{"rendered":"<p>Produktdetaljer: F\u00e4rg: Bl\u00e5 Material: Kartong, non-woven tyg Storlek per l\u00e5da: 30 x 30 x 30 cm (L x B x H) Vikt per l\u00e5da: 0,6 kg Leveransomfattning: 3 x f\u00f6rvaringsl\u00e5da SONGMICS Anm\u00e4rkningar: INTE tv\u00e4ttbar! Torka av produkten med en fuktig trasa f\u00f6r reng\u00f6ring. Produkten kan ha en svag lukt n\u00e4r den packas upp. Placera den i s\u00e5 fall p\u00e5 en v\u00e4l ventilerad plats i n\u00e5gra timmar.<\/p>\n","protected":false},"excerpt":{"rendered":"<p>SONGMICS f\u00f6rvaringsl\u00e5dor, 3-pack, tygl\u00e5dor, 30 x 30 x 30 cm, leksaksorganiserare, vikbar, med 2 handtag, f\u00f6r barnrum, lekrum, sovrum, bl\u00e5 RFB001B03<\/p>\n","protected":false},"featured_media":45808,"comment_status":"open","ping_status":"closed","template":"","meta":[],"product_brand":[],"product_cat":[33],"product_tag":[],"class_list":{"0":"post-18829","1":"product","2":"type-product","3":"status-publish","4":"has-post-thumbnail","6":"product_cat-okategoriserad","8":"first","9":"instock","10":"shipping-taxable","11":"purchasable","12":"product-type-simple"},"_links":{"self":[{"href":"https:\/\/nordicmart.andreevmaster.com\/sv\/wp-json\/wp\/v2\/product\/18829","targetHints":{"allow":["GET"]}}],"collection":[{"href":"https:\/\/nordicmart.andreevmaster.com\/sv\/wp-json\/wp\/v2\/product"}],"about":[{"href":"https:\/\/nordicmart.andreevmaster.com\/sv\/wp-json\/wp\/v2\/types\/product"}],"replies":[{"embeddable":true,"href":"https:\/\/nordicmart.andreevmaster.com\/sv\/wp-json\/wp\/v2\/comments?post=18829"}],"wp:featuredmedia":[{"embeddable":true,"href":"https:\/\/nordicmart.andreevmaster.com\/sv\/wp-json\/wp\/v2\/media\/45808"}],"wp:attachment":[{"href":"https:\/\/nordicmart.andreevmaster.com\/sv\/wp-json\/wp\/v2\/media?parent=18829"}],"wp:term":[{"taxonomy":"product_brand","embeddable":true,"href":"https:\/\/nordicmart.andreevmaster.com\/sv\/wp-json\/wp\/v2\/product_brand?post=18829"},{"taxonomy":"product_cat","embeddable":true,"href":"https:\/\/nordicmart.andreevmaster.com\/sv\/wp-json\/wp\/v2\/product_cat?post=18829"},{"taxonomy":"product_tag","embeddable":true,"href":"https:\/\/nordicmart.andreevmaster.com\/sv\/wp-json\/wp\/v2\/product_tag?post=18829"}],"curies":[{"name":"wp","href":"https:\/\/api.w.org\/{rel}","templated":true}]}}