{"id":18823,"date":"2026-02-27T00:41:43","date_gmt":"2026-02-27T00:41:43","guid":{"rendered":"https:\/\/nordicmart.andreevmaster.com\/product\/songmics-forvaringslada-for-lada-6-pack-molnvit\/"},"modified":"2026-02-27T08:29:52","modified_gmt":"2026-02-27T08:29:52","slug":"songmics-forvaringslada-for-lada-6-pack-molnvit","status":"publish","type":"product","link":"https:\/\/nordicmart.andreevmaster.com\/sv\/produkt\/songmics-forvaringslada-for-lada-6-pack-molnvit\/","title":{"rendered":"SONGMICS f\u00f6rvaringsl\u00e5da f\u00f6r l\u00e5da, 6-pack, molnvit"},"content":{"rendered":"<p>F\u00e4rg: Molnvit<br \/>\nMaterial: 2 mm kartong, 80 g\/\u33a1 non-woven tyg<br \/>\nStorlek<br \/>\nStora l\u00e5dor: 28 x 28 x 13 cm (L x B x H)<br \/>\nMedelstora l\u00e5dor: 28 x 14 x 13 cm (L x B x H)<br \/>\nSm\u00e5 l\u00e5dor: 14 x 14 x 13 cm (L x B x H)<br \/>\nVikt: 0,9 kg<\/p>\n","protected":false},"excerpt":{"rendered":"<p>F\u00e4rg: Molnvit Material: 2 mm kartong, 80 g\/\u33a1 non-woven tyg Storlek Stora l\u00e5dor: 28 x 28 x 13 cm (L x B x H) Medelstora l\u00e5dor: 28 x 14 x 13 cm (L x B x H) Sm\u00e5 l\u00e5dor: 14 x 14 x 13 cm (L x B x H) Vikt: 0,9 kg<\/p>\n","protected":false},"featured_media":45802,"comment_status":"open","ping_status":"closed","template":"","meta":[],"product_brand":[],"product_cat":[33],"product_tag":[],"class_list":{"0":"post-18823","1":"product","2":"type-product","3":"status-publish","4":"has-post-thumbnail","6":"product_cat-okategoriserad","8":"first","9":"instock","10":"shipping-taxable","11":"purchasable","12":"product-type-simple"},"_links":{"self":[{"href":"https:\/\/nordicmart.andreevmaster.com\/sv\/wp-json\/wp\/v2\/product\/18823","targetHints":{"allow":["GET"]}}],"collection":[{"href":"https:\/\/nordicmart.andreevmaster.com\/sv\/wp-json\/wp\/v2\/product"}],"about":[{"href":"https:\/\/nordicmart.andreevmaster.com\/sv\/wp-json\/wp\/v2\/types\/product"}],"replies":[{"embeddable":true,"href":"https:\/\/nordicmart.andreevmaster.com\/sv\/wp-json\/wp\/v2\/comments?post=18823"}],"wp:featuredmedia":[{"embeddable":true,"href":"https:\/\/nordicmart.andreevmaster.com\/sv\/wp-json\/wp\/v2\/media\/45802"}],"wp:attachment":[{"href":"https:\/\/nordicmart.andreevmaster.com\/sv\/wp-json\/wp\/v2\/media?parent=18823"}],"wp:term":[{"taxonomy":"product_brand","embeddable":true,"href":"https:\/\/nordicmart.andreevmaster.com\/sv\/wp-json\/wp\/v2\/product_brand?post=18823"},{"taxonomy":"product_cat","embeddable":true,"href":"https:\/\/nordicmart.andreevmaster.com\/sv\/wp-json\/wp\/v2\/product_cat?post=18823"},{"taxonomy":"product_tag","embeddable":true,"href":"https:\/\/nordicmart.andreevmaster.com\/sv\/wp-json\/wp\/v2\/product_tag?post=18823"}],"curies":[{"name":"wp","href":"https:\/\/api.w.org\/{rel}","templated":true}]}}