{"id":18819,"date":"2026-02-27T00:41:42","date_gmt":"2026-02-27T00:41:42","guid":{"rendered":"https:\/\/nordicmart.andreevmaster.com\/product\/songmics-ladorganiserare\/"},"modified":"2026-02-27T08:29:52","modified_gmt":"2026-02-27T08:29:52","slug":"songmics-ladorganiserare","status":"publish","type":"product","link":"https:\/\/nordicmart.andreevmaster.com\/sv\/produkt\/songmics-ladorganiserare\/","title":{"rendered":"SONGMICS L\u00e5dorganiserare"},"content":{"rendered":"<p>F\u00e4rg: Gr\u00e5<br \/>\nMaterial: 2 mm tjock kartong, 80 g\/m\u00b2 non-woven-tyg i linneoptik<br \/>\nStorlek<br \/>\nStor l\u00e5da: 28 x 28 x 13 cm (L x B x H)<br \/>\nMedelstor l\u00e5da: 28 x 14 x 13 cm (L x B x H)<br \/>\nLiten l\u00e5da: 14 x 14 x 13 cm (L x B x H)<br \/>\nTotalvikt: 1,2 kg<\/p>\n","protected":false},"excerpt":{"rendered":"<p>F\u00e4rg: Gr\u00e5 Material: 2 mm tjock kartong, 80 g\/m\u00b2 non-woven-tyg i linneoptik Storlek Stor l\u00e5da: 28 x 28 x 13 cm (L x B x H) Medelstor l\u00e5da: 28 x 14 x 13 cm (L x B x H) Liten l\u00e5da: 14 x 14 x 13 cm (L x B x H) Totalvikt: 1,2 kg<\/p>\n","protected":false},"featured_media":45798,"comment_status":"open","ping_status":"closed","template":"","meta":[],"product_brand":[],"product_cat":[33],"product_tag":[],"class_list":{"0":"post-18819","1":"product","2":"type-product","3":"status-publish","4":"has-post-thumbnail","6":"product_cat-okategoriserad","8":"first","9":"instock","10":"shipping-taxable","11":"purchasable","12":"product-type-simple"},"_links":{"self":[{"href":"https:\/\/nordicmart.andreevmaster.com\/sv\/wp-json\/wp\/v2\/product\/18819","targetHints":{"allow":["GET"]}}],"collection":[{"href":"https:\/\/nordicmart.andreevmaster.com\/sv\/wp-json\/wp\/v2\/product"}],"about":[{"href":"https:\/\/nordicmart.andreevmaster.com\/sv\/wp-json\/wp\/v2\/types\/product"}],"replies":[{"embeddable":true,"href":"https:\/\/nordicmart.andreevmaster.com\/sv\/wp-json\/wp\/v2\/comments?post=18819"}],"wp:featuredmedia":[{"embeddable":true,"href":"https:\/\/nordicmart.andreevmaster.com\/sv\/wp-json\/wp\/v2\/media\/45798"}],"wp:attachment":[{"href":"https:\/\/nordicmart.andreevmaster.com\/sv\/wp-json\/wp\/v2\/media?parent=18819"}],"wp:term":[{"taxonomy":"product_brand","embeddable":true,"href":"https:\/\/nordicmart.andreevmaster.com\/sv\/wp-json\/wp\/v2\/product_brand?post=18819"},{"taxonomy":"product_cat","embeddable":true,"href":"https:\/\/nordicmart.andreevmaster.com\/sv\/wp-json\/wp\/v2\/product_cat?post=18819"},{"taxonomy":"product_tag","embeddable":true,"href":"https:\/\/nordicmart.andreevmaster.com\/sv\/wp-json\/wp\/v2\/product_tag?post=18819"}],"curies":[{"name":"wp","href":"https:\/\/api.w.org\/{rel}","templated":true}]}}