{"id":18818,"date":"2026-02-27T00:41:42","date_gmt":"2026-02-27T00:41:42","guid":{"rendered":"https:\/\/nordicmart.andreevmaster.com\/product\/vasagle-sminkbord-med-led-belysning-toalettbord-med-spegel-smyckeskap\/"},"modified":"2026-02-27T08:29:51","modified_gmt":"2026-02-27T08:29:51","slug":"vasagle-sminkbord-med-led-belysning-toalettbord-med-spegel-smyckeskap","status":"publish","type":"product","link":"https:\/\/nordicmart.andreevmaster.com\/sv\/produkt\/vasagle-sminkbord-med-led-belysning-toalettbord-med-spegel-smyckeskap\/","title":{"rendered":"VASAGLE sminkbord med LED-belysning, toalettbord med spegel, smyckesk\u00e5p"},"content":{"rendered":"<p>Sminkbord med LED-belysning, toalettbord med spegel, smyckesk\u00e5p, eluttag, 40 x 125 x 140 cm, sminkbord med l\u00e5dor, molnvit RDT127W01<br \/>\nProduktdetaljer:<br \/>\n&#8211; F\u00e4rg: Molnvit<br \/>\n&#8211; Material: sp\u00e5nskiva, spegel, sammet<br \/>\n&#8211; Storlek: 40 x 125 x 140 cm (D x B x H)<br \/>\n&#8211; Vikt: 46,5 kg<br \/>\n&#8211; Max. statisk belastningskapacitet f\u00f6r bordsskivan: 75 kg<br \/>\n&#8211; Max. statisk belastningskapacitet f\u00f6r varje l\u00e5da: 5 kg<\/p>\n<p>Leveransomfattning:<br \/>\n&#8211; 1 x sminkbord med spegel och belysning<br \/>\n&#8211; 1 x tillbeh\u00f6rspaket<br \/>\n&#8211; 1 x bruksanvisning<\/p>\n<p>Anm\u00e4rkningar:<br \/>\n&#8211; \u00d6verskrid inte sminkbordets maximala belastningskapacitet.<br \/>\n&#8211; Om du r\u00e5kar spilla vatten eller annan v\u00e4tska p\u00e5 ytan, torka omedelbart bort det med en torr trasa.<\/p>\n","protected":false},"excerpt":{"rendered":"<p>Sminkbord med LED-belysning, toalettbord med spegel, smyckesk\u00e5p, eluttag, 40 x 125 x 140 cm, sminkbord med l\u00e5dor, molnvit RDT127W01<\/p>\n","protected":false},"featured_media":45797,"comment_status":"open","ping_status":"closed","template":"","meta":[],"product_brand":[],"product_cat":[33],"product_tag":[],"class_list":{"0":"post-18818","1":"product","2":"type-product","3":"status-publish","4":"has-post-thumbnail","6":"product_cat-okategoriserad","8":"first","9":"instock","10":"shipping-taxable","11":"purchasable","12":"product-type-simple"},"_links":{"self":[{"href":"https:\/\/nordicmart.andreevmaster.com\/sv\/wp-json\/wp\/v2\/product\/18818","targetHints":{"allow":["GET"]}}],"collection":[{"href":"https:\/\/nordicmart.andreevmaster.com\/sv\/wp-json\/wp\/v2\/product"}],"about":[{"href":"https:\/\/nordicmart.andreevmaster.com\/sv\/wp-json\/wp\/v2\/types\/product"}],"replies":[{"embeddable":true,"href":"https:\/\/nordicmart.andreevmaster.com\/sv\/wp-json\/wp\/v2\/comments?post=18818"}],"wp:featuredmedia":[{"embeddable":true,"href":"https:\/\/nordicmart.andreevmaster.com\/sv\/wp-json\/wp\/v2\/media\/45797"}],"wp:attachment":[{"href":"https:\/\/nordicmart.andreevmaster.com\/sv\/wp-json\/wp\/v2\/media?parent=18818"}],"wp:term":[{"taxonomy":"product_brand","embeddable":true,"href":"https:\/\/nordicmart.andreevmaster.com\/sv\/wp-json\/wp\/v2\/product_brand?post=18818"},{"taxonomy":"product_cat","embeddable":true,"href":"https:\/\/nordicmart.andreevmaster.com\/sv\/wp-json\/wp\/v2\/product_cat?post=18818"},{"taxonomy":"product_tag","embeddable":true,"href":"https:\/\/nordicmart.andreevmaster.com\/sv\/wp-json\/wp\/v2\/product_tag?post=18818"}],"curies":[{"name":"wp","href":"https:\/\/api.w.org\/{rel}","templated":true}]}}