{"id":18814,"date":"2026-02-27T00:41:41","date_gmt":"2026-02-27T00:41:41","guid":{"rendered":"https:\/\/nordicmart.andreevmaster.com\/product\/vasagle-sminkbord-toalettbord-med-spegel\/"},"modified":"2026-02-27T08:29:51","modified_gmt":"2026-02-27T08:29:51","slug":"vasagle-sminkbord-toalettbord-med-spegel","status":"publish","type":"product","link":"https:\/\/nordicmart.andreevmaster.com\/sv\/produkt\/vasagle-sminkbord-toalettbord-med-spegel\/","title":{"rendered":"VASAGLE sminkbord, toalettbord, med spegel"},"content":{"rendered":"<p>En perfekt present Om du fortfarande letar efter en present till dina n\u00e4ra och k\u00e4ra \u00e4r detta sminkbord det r\u00e4tta valet. Den vita f\u00e4rgen, den enkla bordsskivan och den genomt\u00e4nkta designen kommer garanterat att f\u00e5 dina v\u00e4nner eller familj att le. Hemlig kosmetikavdelning Full\u00e4nda din sminkning och underl\u00e4tta din morgonrutin med detta sminkbord. L\u00e5dan erbjuder tillr\u00e4ckligt med utrymme f\u00f6r \u00f6gonskugga, rouge och andra accessoarer. Facket p\u00e5 h\u00f6ger sida kan anv\u00e4ndas f\u00f6r toner, serum och kr\u00e4m. Inred din kosmetikavdelning helt efter dina \u00f6nskem\u00e5l och l\u00e4mna hemmet i toppform! Produktdetaljer:- F\u00e4rg: Vit &#8211; Material: Sp\u00e5nskiva &#8211; Storlek: 80 x 40 x 132 cm (L x B x H) &#8211; Vikt: 27,8 kg Leveransomfattning: &#8211; 1 x sminkbord &#8211; 1 x tillbeh\u00f6rspaket &#8211; 1 x bruksanvisning VASAGLE Anm\u00e4rkningar: &#8211; Denna produkt \u00e4r endast avsedd f\u00f6r inomhusbruk.<\/p>\n","protected":false},"excerpt":{"rendered":"<p>Sminkbord, toalettbord, med spegel, f\u00f6rvaringsfack, 2 justerbara hyllor bakom d\u00f6rren, 1 l\u00e5da, 2 hyllor, molnvit<\/p>\n","protected":false},"featured_media":45793,"comment_status":"open","ping_status":"closed","template":"","meta":[],"product_brand":[],"product_cat":[33],"product_tag":[],"class_list":{"0":"post-18814","1":"product","2":"type-product","3":"status-publish","4":"has-post-thumbnail","6":"product_cat-okategoriserad","8":"first","9":"instock","10":"shipping-taxable","11":"purchasable","12":"product-type-simple"},"_links":{"self":[{"href":"https:\/\/nordicmart.andreevmaster.com\/sv\/wp-json\/wp\/v2\/product\/18814","targetHints":{"allow":["GET"]}}],"collection":[{"href":"https:\/\/nordicmart.andreevmaster.com\/sv\/wp-json\/wp\/v2\/product"}],"about":[{"href":"https:\/\/nordicmart.andreevmaster.com\/sv\/wp-json\/wp\/v2\/types\/product"}],"replies":[{"embeddable":true,"href":"https:\/\/nordicmart.andreevmaster.com\/sv\/wp-json\/wp\/v2\/comments?post=18814"}],"wp:featuredmedia":[{"embeddable":true,"href":"https:\/\/nordicmart.andreevmaster.com\/sv\/wp-json\/wp\/v2\/media\/45793"}],"wp:attachment":[{"href":"https:\/\/nordicmart.andreevmaster.com\/sv\/wp-json\/wp\/v2\/media?parent=18814"}],"wp:term":[{"taxonomy":"product_brand","embeddable":true,"href":"https:\/\/nordicmart.andreevmaster.com\/sv\/wp-json\/wp\/v2\/product_brand?post=18814"},{"taxonomy":"product_cat","embeddable":true,"href":"https:\/\/nordicmart.andreevmaster.com\/sv\/wp-json\/wp\/v2\/product_cat?post=18814"},{"taxonomy":"product_tag","embeddable":true,"href":"https:\/\/nordicmart.andreevmaster.com\/sv\/wp-json\/wp\/v2\/product_tag?post=18814"}],"curies":[{"name":"wp","href":"https:\/\/api.w.org\/{rel}","templated":true}]}}