{"id":18808,"date":"2026-02-27T00:41:39","date_gmt":"2026-02-27T00:41:39","guid":{"rendered":"https:\/\/nordicmart.andreevmaster.com\/product\/songmics-diskret-sminkbord-utan-spegel\/"},"modified":"2026-02-27T08:29:49","modified_gmt":"2026-02-27T08:29:49","slug":"songmics-diskret-sminkbord-utan-spegel","status":"publish","type":"product","link":"https:\/\/nordicmart.andreevmaster.com\/sv\/produkt\/songmics-diskret-sminkbord-utan-spegel\/","title":{"rendered":"SONGMICS Diskret sminkbord utan spegel"},"content":{"rendered":"<p>Vi presenterar ett h\u00f6gkvalitativt vitt sminkbord till ett oslagbart pris! Sminkbordet \u00e4r tillverkat av h\u00f6gkvalitativt, stabilt tr\u00e4, vilket garanterar en l\u00e5ng livsl\u00e4ngd. Den vita lackeringen ger spegelkommoden ett modernt och elegant utseende! Den passar \u00f6verallt i l\u00e4genheten, \u00e4ven i barnrummet.  Det ser verkligen ut som ett prinsessbord som man k\u00e4nner igen fr\u00e5n sagorna. Produktdetaljer: -M\u00e5tt: 93 x 80 x 40 cm -M\u00e5tt bordsskiva: 80 x 40 cm -Bordsh\u00f6jd: 75 cm -Avst\u00e5nd mellan benen: 68 cm -Material: Massivt tr\u00e4 + MDF (medeldensitetsskiva) klass E1 Leveransomfattning: 1x sminkbord 1x bruksanvisning (DE, FR, EN, ES, IT)<\/p>\n","protected":false},"excerpt":{"rendered":"<p>SONGMICS Sminkbord utan spegel och pall Skrivbord, vitt RDT80W<\/p>\n","protected":false},"featured_media":45787,"comment_status":"open","ping_status":"closed","template":"","meta":[],"product_brand":[],"product_cat":[33],"product_tag":[],"class_list":{"0":"post-18808","1":"product","2":"type-product","3":"status-publish","4":"has-post-thumbnail","6":"product_cat-okategoriserad","8":"first","9":"instock","10":"shipping-taxable","11":"purchasable","12":"product-type-simple"},"_links":{"self":[{"href":"https:\/\/nordicmart.andreevmaster.com\/sv\/wp-json\/wp\/v2\/product\/18808","targetHints":{"allow":["GET"]}}],"collection":[{"href":"https:\/\/nordicmart.andreevmaster.com\/sv\/wp-json\/wp\/v2\/product"}],"about":[{"href":"https:\/\/nordicmart.andreevmaster.com\/sv\/wp-json\/wp\/v2\/types\/product"}],"replies":[{"embeddable":true,"href":"https:\/\/nordicmart.andreevmaster.com\/sv\/wp-json\/wp\/v2\/comments?post=18808"}],"wp:featuredmedia":[{"embeddable":true,"href":"https:\/\/nordicmart.andreevmaster.com\/sv\/wp-json\/wp\/v2\/media\/45787"}],"wp:attachment":[{"href":"https:\/\/nordicmart.andreevmaster.com\/sv\/wp-json\/wp\/v2\/media?parent=18808"}],"wp:term":[{"taxonomy":"product_brand","embeddable":true,"href":"https:\/\/nordicmart.andreevmaster.com\/sv\/wp-json\/wp\/v2\/product_brand?post=18808"},{"taxonomy":"product_cat","embeddable":true,"href":"https:\/\/nordicmart.andreevmaster.com\/sv\/wp-json\/wp\/v2\/product_cat?post=18808"},{"taxonomy":"product_tag","embeddable":true,"href":"https:\/\/nordicmart.andreevmaster.com\/sv\/wp-json\/wp\/v2\/product_tag?post=18808"}],"curies":[{"name":"wp","href":"https:\/\/api.w.org\/{rel}","templated":true}]}}