{"id":18807,"date":"2026-02-27T00:41:39","date_gmt":"2026-02-27T00:41:39","guid":{"rendered":"https:\/\/nordicmart.andreevmaster.com\/product\/songmics-elegant-sminkbord-med-vridbar-spegel\/"},"modified":"2026-02-27T08:29:49","modified_gmt":"2026-02-27T08:29:49","slug":"songmics-elegant-sminkbord-med-vridbar-spegel","status":"publish","type":"product","link":"https:\/\/nordicmart.andreevmaster.com\/sv\/produkt\/songmics-elegant-sminkbord-med-vridbar-spegel\/","title":{"rendered":"SONGMICS Elegant sminkbord med vridbar spegel"},"content":{"rendered":"<p>Vi presenterar ett h\u00f6gkvalitativt sminkbord i vitt till ett oslagbart pris! Det tar liten plats men erbjuder m\u00e5nga m\u00f6jligheter. Produktdetaljer:  &#8211; F\u00e4rg: vit &#8211; M\u00e5tt: 145 x 75 x 40 cm &#8211; M\u00e5tt bordsskiva: 75 x 40 cm &#8211; M\u00e5tt spegel: 54 x 38 cm (B x H) &#8211; M\u00e5tt pall: 45 x 37 x 28 cm &#8211; M\u00e5tt liten l\u00e5da: 17,5 x 7,5 x 5,5 cm (BxDxH) &#8211; M\u00e5tt stor l\u00e5da: 27 x 22,5 x 6 cm (BxDxH) &#8211; Material: Massivt tr\u00e4 + MDF klass E1 Obs!  &#8211; F\u00f6r att undvika att pallen v\u00e4lter, sitt inte p\u00e5 stolskanten. Skaka inte p\u00e5 pallen och l\u00e5t dig inte bara falla ner p\u00e5 den. N\u00e4r du sitter ska du anv\u00e4nda hela sittytan och alla fyra benen ska alltid vara p\u00e5 golvet. &#8211; Anv\u00e4nd inte en akku-skruvdragare f\u00f6r montering, utan den medf\u00f6ljande inbussnyckeln. &#8211; Undvik generellt all kontakt mellan ytan och vassa eller spetsiga f\u00f6rem\u00e5l f\u00f6r att undvika repor. &#8211; F\u00f6lj underh\u00e5llsinstruktionerna innan du underh\u00e5ller bordet.  &#8211; F\u00f6r att de f\u00f6rborrade g\u00e4ngorna i benen inte ska skadas och skruvarna inte ska sitta snett, ska du f\u00f6rst skruva i skruvarna n\u00e4r du monterar benen, efter att alla borrh\u00e5l har anpassats till varandra. &#8211; F\u00f6rs\u00f6k inte montera bordet med v\u00e5ld. Detta skadar produkten.  Vid problem, v\u00e4nligen kontakta v\u00e5r kundtj\u00e4nst.  Leveransomfattning:  &#8211; 1x sminkbord  &#8211; 1x pall &#8211; 2 x underh\u00e5llare &#8211; 1x monteringsanvisning (DE, FR, EN, ES, IT)<\/p>\n","protected":false},"excerpt":{"rendered":"<p>SONGMICS Songmics sminkbord med spegel och 4 l\u00e5dor Toalettbord med pall Elegant sminkbord och skrivbord i ett med organisat\u00f6r i tr\u00e4, vitt RDT77F<\/p>\n","protected":false},"featured_media":45786,"comment_status":"open","ping_status":"closed","template":"","meta":[],"product_brand":[],"product_cat":[33],"product_tag":[],"class_list":{"0":"post-18807","1":"product","2":"type-product","3":"status-publish","4":"has-post-thumbnail","6":"product_cat-okategoriserad","8":"first","9":"instock","10":"shipping-taxable","11":"purchasable","12":"product-type-simple"},"_links":{"self":[{"href":"https:\/\/nordicmart.andreevmaster.com\/sv\/wp-json\/wp\/v2\/product\/18807","targetHints":{"allow":["GET"]}}],"collection":[{"href":"https:\/\/nordicmart.andreevmaster.com\/sv\/wp-json\/wp\/v2\/product"}],"about":[{"href":"https:\/\/nordicmart.andreevmaster.com\/sv\/wp-json\/wp\/v2\/types\/product"}],"replies":[{"embeddable":true,"href":"https:\/\/nordicmart.andreevmaster.com\/sv\/wp-json\/wp\/v2\/comments?post=18807"}],"wp:featuredmedia":[{"embeddable":true,"href":"https:\/\/nordicmart.andreevmaster.com\/sv\/wp-json\/wp\/v2\/media\/45786"}],"wp:attachment":[{"href":"https:\/\/nordicmart.andreevmaster.com\/sv\/wp-json\/wp\/v2\/media?parent=18807"}],"wp:term":[{"taxonomy":"product_brand","embeddable":true,"href":"https:\/\/nordicmart.andreevmaster.com\/sv\/wp-json\/wp\/v2\/product_brand?post=18807"},{"taxonomy":"product_cat","embeddable":true,"href":"https:\/\/nordicmart.andreevmaster.com\/sv\/wp-json\/wp\/v2\/product_cat?post=18807"},{"taxonomy":"product_tag","embeddable":true,"href":"https:\/\/nordicmart.andreevmaster.com\/sv\/wp-json\/wp\/v2\/product_tag?post=18807"}],"curies":[{"name":"wp","href":"https:\/\/api.w.org\/{rel}","templated":true}]}}