{"id":18804,"date":"2026-02-27T00:41:38","date_gmt":"2026-02-27T00:41:38","guid":{"rendered":"https:\/\/nordicmart.andreevmaster.com\/product\/vasagle-sminkbord-med-7-lador\/"},"modified":"2026-02-27T08:29:48","modified_gmt":"2026-02-27T08:29:48","slug":"vasagle-sminkbord-med-7-lador","status":"publish","type":"product","link":"https:\/\/nordicmart.andreevmaster.com\/sv\/produkt\/vasagle-sminkbord-med-7-lador\/","title":{"rendered":"VASAGLE sminkbord med 7 l\u00e5dor"},"content":{"rendered":"<p>Om du beh\u00f6ver ett klassiskt sminkbord \u00e4r detta h\u00f6gkvalitativa, praktiska och eleganta sminkbord fr\u00e5n VASAGLE precis r\u00e4tt f\u00f6r dig. Krokar f\u00f6r halsband bakom den f\u00e4llbara spegeln Den 3-delade spegeln g\u00f6r att du kan se din spegelbild fr\u00e5n olika vinklar medan du sminkar dig eller fixar h\u00e5ret. F\u00f6rresten, du kommer kanske att bli f\u00f6rv\u00e5nad \u00f6ver att det finns 8 krokar f\u00f6r halsband bakom spegeln. Enkel montering Du beh\u00f6ver inte l\u00e4gga flera timmar p\u00e5 att montera detta sminkbord, eftersom stommen levereras f\u00f6rmonterad. Du beh\u00f6ver bara montera benen och spegeln p\u00e5 sminkbordet. St\u00e5r redo f\u00f6r dig morgon och kv\u00e4ll Innan du g\u00e5r till universitetet eller jobbet kan du s\u00e4tta dig vid denna sminkbord, sminka dig och b\u00f6rja dagen med en sk\u00f6n k\u00e4nsla av att du ser fantastisk ut. N\u00e4r du kommer tillbaka kan du l\u00e4sa en bok, g\u00f6ra l\u00e4xor eller skriva en rapport vid detta skrivbord. Produktdetaljer:- F\u00e4rg: Vit &#8211; Material: MDF (medeldensitetsfiberplatta), gummitr\u00e4, furu &#8211; Storlek sminkbord: 90 x 40 x 148 (L x B x H) &#8211; Storlek pall: 40,5 x 30,5 x 46 cm (L x B x H) &#8211; Vikt: 23,6 kg &#8211; Max. statisk belastningskapacitet f\u00f6r pallen: 130 kg Leveransomfattning: &#8211; 1 x sminkbord med 3-delad f\u00e4llbar spegel &#8211; 1 x stoppad pall &#8211; 1 x beh\u00e5llare med tillbeh\u00f6r &#8211; 1 x bruksanvisning (DE, EN, FR, IT, ES) VASAGLE Anm\u00e4rkningar:- Uts\u00e4tt inte produkten f\u00f6r starkt solljus under l\u00e4ngre tid. &#8211; H\u00e5ll produkten borta fr\u00e5n vassa eller skarpa f\u00f6rem\u00e5l som knivar f\u00f6r att undvika skador. Produktbeskrivning<\/p>\n","protected":false},"excerpt":{"rendered":"<p>VASAGLE sminkbord med 7 l\u00e5dor, toalettbord med stoppad pall, 3-delad f\u00e4llbar spegel med krokar f\u00f6r kedjor, 4 \u00f6ppna fack, 2 smala fack f\u00f6r penslar, tr\u00e4ben, vit RDT60WT<\/p>\n","protected":false},"featured_media":45783,"comment_status":"open","ping_status":"closed","template":"","meta":[],"product_brand":[],"product_cat":[33],"product_tag":[],"class_list":{"0":"post-18804","1":"product","2":"type-product","3":"status-publish","4":"has-post-thumbnail","6":"product_cat-okategoriserad","8":"first","9":"instock","10":"shipping-taxable","11":"purchasable","12":"product-type-simple"},"_links":{"self":[{"href":"https:\/\/nordicmart.andreevmaster.com\/sv\/wp-json\/wp\/v2\/product\/18804","targetHints":{"allow":["GET"]}}],"collection":[{"href":"https:\/\/nordicmart.andreevmaster.com\/sv\/wp-json\/wp\/v2\/product"}],"about":[{"href":"https:\/\/nordicmart.andreevmaster.com\/sv\/wp-json\/wp\/v2\/types\/product"}],"replies":[{"embeddable":true,"href":"https:\/\/nordicmart.andreevmaster.com\/sv\/wp-json\/wp\/v2\/comments?post=18804"}],"wp:featuredmedia":[{"embeddable":true,"href":"https:\/\/nordicmart.andreevmaster.com\/sv\/wp-json\/wp\/v2\/media\/45783"}],"wp:attachment":[{"href":"https:\/\/nordicmart.andreevmaster.com\/sv\/wp-json\/wp\/v2\/media?parent=18804"}],"wp:term":[{"taxonomy":"product_brand","embeddable":true,"href":"https:\/\/nordicmart.andreevmaster.com\/sv\/wp-json\/wp\/v2\/product_brand?post=18804"},{"taxonomy":"product_cat","embeddable":true,"href":"https:\/\/nordicmart.andreevmaster.com\/sv\/wp-json\/wp\/v2\/product_cat?post=18804"},{"taxonomy":"product_tag","embeddable":true,"href":"https:\/\/nordicmart.andreevmaster.com\/sv\/wp-json\/wp\/v2\/product_tag?post=18804"}],"curies":[{"name":"wp","href":"https:\/\/api.w.org\/{rel}","templated":true}]}}