{"id":18802,"date":"2026-02-27T00:41:37","date_gmt":"2026-02-27T00:41:37","guid":{"rendered":"https:\/\/nordicmart.andreevmaster.com\/product\/vasagle-sminkbord-med-spegel\/"},"modified":"2026-02-27T08:29:48","modified_gmt":"2026-02-27T08:29:48","slug":"vasagle-sminkbord-med-spegel","status":"publish","type":"product","link":"https:\/\/nordicmart.andreevmaster.com\/sv\/produkt\/vasagle-sminkbord-med-spegel\/","title":{"rendered":"VASAGLE Sminkbord med spegel"},"content":{"rendered":"<p>\u00c4gna dig \u00e5t din sk\u00f6nhet. Sminka dig perfekt innan du l\u00e4mnar huset p\u00e5 morgonen och ta bort sminket igen innan du g\u00e5r och l\u00e4gger dig p\u00e5 kv\u00e4llen. Tack vare den stora bordsskivan, de 2 \u00f6ppna och st\u00e4ngda facken, 1 avtagbar organizer och 2 djupa l\u00e5dor \u00e4r detta sminkbord den perfekta hj\u00e4lpredan f\u00f6r din dagliga sk\u00f6nhetsrutin.En p\u00e5litlig partner Detta sminkbord \u00f6vertygar inte bara med sitt tidl\u00f6sa utseende, utan ocks\u00e5 med sin solida materialmix av gummitr\u00e4 och MDF. Du kan f\u00f6rvara dina sk\u00f6nhetsprodukter s\u00e4kert i och p\u00e5 bordets olika delar. S\u00e4tt dig p\u00e5 den stabila pallen och beundra dig sj\u00e4lv i den stora spegeln! Specifikationer: &#8211; F\u00e4rg: Vit, natur. &#8211; Material: MDF (medeldensitetsfiberplatta), gummitr\u00e4, glas &#8211; M\u00e5tt p\u00e5 sminkbord: 90 x 40 x 146 cm (L x B x H). &#8211; Pallens m\u00e5tt: 32,5 x 32,5 x 46 cm (L x B x H). &#8211; Produktvikt: 35,3 kg. &#8211; Max. statisk belastningskapacitet f\u00f6r pallen: 130 kg. Leveransomfattning: &#8211; 1 x sminkbord med spegel &#8211; 1 x pall. &#8211; 1 x tillbeh\u00f6rsset. &#8211; 1 x tippskyddsset. &#8211; 1 x bruksanvisning (eventuellt inte p\u00e5 tyska). VASAGLE Anm\u00e4rkningar: &#8211; Av s\u00e4kerhetssk\u00e4l f\u00e5r barn inte kl\u00e4ttra p\u00e5 eller leka med produkten. &#8211; Torka av produkten med en ren trasa f\u00f6r daglig reng\u00f6ring. &#8211; H\u00e5ll produkten borta fr\u00e5n vassa och spetsiga f\u00f6rem\u00e5l f\u00f6r att undvika skador p\u00e5 ytan.<\/p>\n","protected":false},"excerpt":{"rendered":"<p>VASAGLE sminkbord med spegel, toalettbord med 4 l\u00e5dor, 2 \u00f6ppna fack och sminkorganiserare, sminkbord med pall, toalettbord, sovrum, enkelt, vitt-naturf\u00e4rgat RDT32K<\/p>\n","protected":false},"featured_media":45781,"comment_status":"open","ping_status":"closed","template":"","meta":[],"product_brand":[],"product_cat":[33],"product_tag":[],"class_list":{"0":"post-18802","1":"product","2":"type-product","3":"status-publish","4":"has-post-thumbnail","6":"product_cat-okategoriserad","8":"first","9":"instock","10":"shipping-taxable","11":"purchasable","12":"product-type-simple"},"_links":{"self":[{"href":"https:\/\/nordicmart.andreevmaster.com\/sv\/wp-json\/wp\/v2\/product\/18802","targetHints":{"allow":["GET"]}}],"collection":[{"href":"https:\/\/nordicmart.andreevmaster.com\/sv\/wp-json\/wp\/v2\/product"}],"about":[{"href":"https:\/\/nordicmart.andreevmaster.com\/sv\/wp-json\/wp\/v2\/types\/product"}],"replies":[{"embeddable":true,"href":"https:\/\/nordicmart.andreevmaster.com\/sv\/wp-json\/wp\/v2\/comments?post=18802"}],"wp:featuredmedia":[{"embeddable":true,"href":"https:\/\/nordicmart.andreevmaster.com\/sv\/wp-json\/wp\/v2\/media\/45781"}],"wp:attachment":[{"href":"https:\/\/nordicmart.andreevmaster.com\/sv\/wp-json\/wp\/v2\/media?parent=18802"}],"wp:term":[{"taxonomy":"product_brand","embeddable":true,"href":"https:\/\/nordicmart.andreevmaster.com\/sv\/wp-json\/wp\/v2\/product_brand?post=18802"},{"taxonomy":"product_cat","embeddable":true,"href":"https:\/\/nordicmart.andreevmaster.com\/sv\/wp-json\/wp\/v2\/product_cat?post=18802"},{"taxonomy":"product_tag","embeddable":true,"href":"https:\/\/nordicmart.andreevmaster.com\/sv\/wp-json\/wp\/v2\/product_tag?post=18802"}],"curies":[{"name":"wp","href":"https:\/\/api.w.org\/{rel}","templated":true}]}}