{"id":18801,"date":"2026-02-27T00:41:37","date_gmt":"2026-02-27T00:41:37","guid":{"rendered":"https:\/\/nordicmart.andreevmaster.com\/product\/songmics-sot-sminkbord-med-dekorativa-rosor\/"},"modified":"2026-02-27T08:29:48","modified_gmt":"2026-02-27T08:29:48","slug":"songmics-sot-sminkbord-med-dekorativa-rosor","status":"publish","type":"product","link":"https:\/\/nordicmart.andreevmaster.com\/sv\/produkt\/songmics-sot-sminkbord-med-dekorativa-rosor\/","title":{"rendered":"SONGMICS S\u00f6t sminkbord med dekorativa rosor"},"content":{"rendered":"<p>Vi presenterar ett h\u00f6gkvalitativt sminkbord till ett oslagbart pris! Bordet \u00e4r l\u00e4ttsk\u00f6tt och \u00e4r ett fantastiskt tillskott till varje flickas sovrum. Produktdetaljer: &#8211; F\u00e4rg: vit &#8211; M\u00e5tt: 135 x 50 x 30 cm &#8211; M\u00e5tt bordsskiva: 50 x 30 cm &#8211; M\u00e5tt pall: 45 x 37 x 28 cm &#8211; M\u00e5tt liten l\u00e5da: 12 x 7 x 6 cm (BxDxH) &#8211; M\u00e5tt p\u00e5 den stora l\u00e5dan: 23 x 20 x 6 cm (BxDxH) &#8211; Material: Massivt tr\u00e4 + MDF (medeldensitetsskiva) klass E1 Leveransomfattning: &#8211; 1x sminkbord &#8211; 1x pall &#8211; 2 x underh\u00e5llare &#8211; 1x monteringsanvisning (DE, FR, EN, ES, IT)<\/p>\n","protected":false},"excerpt":{"rendered":"<p>SONGMICS barock sminkbord med rosornament inkl. 2 x avdelare, tippskydd, pall och spegel, vitt RDT30W<\/p>\n","protected":false},"featured_media":45780,"comment_status":"open","ping_status":"closed","template":"","meta":[],"product_brand":[],"product_cat":[33],"product_tag":[],"class_list":{"0":"post-18801","1":"product","2":"type-product","3":"status-publish","4":"has-post-thumbnail","6":"product_cat-okategoriserad","8":"first","9":"instock","10":"shipping-taxable","11":"purchasable","12":"product-type-simple"},"_links":{"self":[{"href":"https:\/\/nordicmart.andreevmaster.com\/sv\/wp-json\/wp\/v2\/product\/18801","targetHints":{"allow":["GET"]}}],"collection":[{"href":"https:\/\/nordicmart.andreevmaster.com\/sv\/wp-json\/wp\/v2\/product"}],"about":[{"href":"https:\/\/nordicmart.andreevmaster.com\/sv\/wp-json\/wp\/v2\/types\/product"}],"replies":[{"embeddable":true,"href":"https:\/\/nordicmart.andreevmaster.com\/sv\/wp-json\/wp\/v2\/comments?post=18801"}],"wp:featuredmedia":[{"embeddable":true,"href":"https:\/\/nordicmart.andreevmaster.com\/sv\/wp-json\/wp\/v2\/media\/45780"}],"wp:attachment":[{"href":"https:\/\/nordicmart.andreevmaster.com\/sv\/wp-json\/wp\/v2\/media?parent=18801"}],"wp:term":[{"taxonomy":"product_brand","embeddable":true,"href":"https:\/\/nordicmart.andreevmaster.com\/sv\/wp-json\/wp\/v2\/product_brand?post=18801"},{"taxonomy":"product_cat","embeddable":true,"href":"https:\/\/nordicmart.andreevmaster.com\/sv\/wp-json\/wp\/v2\/product_cat?post=18801"},{"taxonomy":"product_tag","embeddable":true,"href":"https:\/\/nordicmart.andreevmaster.com\/sv\/wp-json\/wp\/v2\/product_tag?post=18801"}],"curies":[{"name":"wp","href":"https:\/\/api.w.org\/{rel}","templated":true}]}}