{"id":18800,"date":"2026-02-27T00:41:37","date_gmt":"2026-02-27T00:41:37","guid":{"rendered":"https:\/\/nordicmart.andreevmaster.com\/product\/vasagle-sminkbord-med-fallbar-spegel\/"},"modified":"2026-02-27T08:29:48","modified_gmt":"2026-02-27T08:29:48","slug":"vasagle-sminkbord-med-fallbar-spegel","status":"publish","type":"product","link":"https:\/\/nordicmart.andreevmaster.com\/sv\/produkt\/vasagle-sminkbord-med-fallbar-spegel\/","title":{"rendered":"VASAGLE sminkbord med f\u00e4llbar spegel"},"content":{"rendered":"<p>En v\u00e4lsignelse f\u00f6r alla sminkentusiaster &#8211; Med ben av massivt tr\u00e4 och en stabil bordsskiva av MDF. Pallen \u00e4r helt tillverkad av massivt gummitr\u00e4. &#8211; Den 3-delade spegeln g\u00f6r att du kan se din spegelbild fr\u00e5n olika vinklar. Det g\u00f6r din dagliga styling enklare och h\u00f6jer ditt hum\u00f6r. 5 l\u00e5dor och en avtagbar f\u00f6rvaringsbox erbjuder gott om f\u00f6rvaringsutrymme och g\u00f6r det enkelt att komma \u00e5t dina sk\u00f6nhetsprodukter. Det gener\u00f6sa benutrymmet ger gott om benutrymme s\u00e5 att du kan r\u00f6ra dig fritt medan du sminkar dig eller fixar h\u00e5ret. Montering kr\u00e4vs! Tack vare den f\u00f6rmonterade kroppen beh\u00f6ver du bara montera benen och spegeln p\u00e5 sminkbordet. Om du beh\u00f6ver ett modernt, funktionellt sminkbord \u00e4r detta sminkbord fr\u00e5n VASAGLE precis r\u00e4tt f\u00f6r dig. Produktdetaljer:- F\u00e4rg: Vit &#8211; Material: MDF (medeldensitetsfiberplatta), gummitr\u00e4, furu &#8211; Storlek sminkbord: 80 x 40 x 137,5 (L x B x H) &#8211; Storlek pall: 40 x 30 x 50 cm (L x B x H) &#8211; Vikt: 26 kg &#8211; Max. statisk belastningskapacitet f\u00f6r pallen: 130 kg Leveransomfattning:- 1 x sminkbord med 3-delad f\u00e4llbar spegel &#8211; 1 x stoppad pall &#8211; 1 x beh\u00e5llare med tillbeh\u00f6r &#8211; 1 x bruksanvisning (DE, EN, FR, IT, ES) VASAGLE Anm\u00e4rkningar:- Uts\u00e4tt inte produkten f\u00f6r starkt solljus under l\u00e4ngre tid. &#8211; H\u00e5ll produkten borta fr\u00e5n vassa eller skarpa f\u00f6rem\u00e5l som knivar f\u00f6r att undvika skador.<\/p>\n","protected":false},"excerpt":{"rendered":"<p>VASAGLE sminkbord med 5 l\u00e5dor, toalettbord med pall, raml\u00f6s 3-delad f\u00e4llbar spegel, avtagbar kosmetikbox, sminkbordsset, enkel montering, vit RDT28WT<\/p>\n","protected":false},"featured_media":45779,"comment_status":"open","ping_status":"closed","template":"","meta":[],"product_brand":[],"product_cat":[33],"product_tag":[],"class_list":{"0":"post-18800","1":"product","2":"type-product","3":"status-publish","4":"has-post-thumbnail","6":"product_cat-okategoriserad","8":"first","9":"instock","10":"shipping-taxable","11":"purchasable","12":"product-type-simple"},"_links":{"self":[{"href":"https:\/\/nordicmart.andreevmaster.com\/sv\/wp-json\/wp\/v2\/product\/18800","targetHints":{"allow":["GET"]}}],"collection":[{"href":"https:\/\/nordicmart.andreevmaster.com\/sv\/wp-json\/wp\/v2\/product"}],"about":[{"href":"https:\/\/nordicmart.andreevmaster.com\/sv\/wp-json\/wp\/v2\/types\/product"}],"replies":[{"embeddable":true,"href":"https:\/\/nordicmart.andreevmaster.com\/sv\/wp-json\/wp\/v2\/comments?post=18800"}],"wp:featuredmedia":[{"embeddable":true,"href":"https:\/\/nordicmart.andreevmaster.com\/sv\/wp-json\/wp\/v2\/media\/45779"}],"wp:attachment":[{"href":"https:\/\/nordicmart.andreevmaster.com\/sv\/wp-json\/wp\/v2\/media?parent=18800"}],"wp:term":[{"taxonomy":"product_brand","embeddable":true,"href":"https:\/\/nordicmart.andreevmaster.com\/sv\/wp-json\/wp\/v2\/product_brand?post=18800"},{"taxonomy":"product_cat","embeddable":true,"href":"https:\/\/nordicmart.andreevmaster.com\/sv\/wp-json\/wp\/v2\/product_cat?post=18800"},{"taxonomy":"product_tag","embeddable":true,"href":"https:\/\/nordicmart.andreevmaster.com\/sv\/wp-json\/wp\/v2\/product_tag?post=18800"}],"curies":[{"name":"wp","href":"https:\/\/api.w.org\/{rel}","templated":true}]}}