{"id":18799,"date":"2026-02-27T00:41:36","date_gmt":"2026-02-27T00:41:36","guid":{"rendered":"https:\/\/nordicmart.andreevmaster.com\/product\/vasagle-elegant-sminkbord-med-5-lador\/"},"modified":"2026-02-27T08:29:47","modified_gmt":"2026-02-27T08:29:47","slug":"vasagle-elegant-sminkbord-med-5-lador","status":"publish","type":"product","link":"https:\/\/nordicmart.andreevmaster.com\/sv\/produkt\/vasagle-elegant-sminkbord-med-5-lador\/","title":{"rendered":"VASAGLE elegant sminkbord med 5 l\u00e5dor"},"content":{"rendered":"<p>Om du st\u00e5r inf\u00f6r en berg av hygienartiklar, smink, sminkborstar och andra tillbeh\u00f6r p\u00e5 morgonen \u00e4r det dags att skapa ordning! Med detta sminkbord kan du inte bara ordna alla viktiga tillbeh\u00f6r. Du f\u00e5r ocks\u00e5 en egen sk\u00f6nhetsh\u00f6rna som verkar ha h\u00e4mtats fr\u00e5n en Hollywoodfilm. Det \u00e4r inte bara du som ser f\u00f6rtjusande ut. B\u00f6rja dagen med energi och ett bed\u00e5rande utseende. G\u00f6r dig i ordning vid detta lika f\u00f6rtrollande sminkbord \u2013 den stora, rektangul\u00e4ra spegeln utan ram f\u00e5r sm\u00e5 eller m\u00f6rka rum att verka st\u00f6rre och ljusare. Ett dekorativt smycke f\u00f6r ditt sovrum! Enkel montering Vi vill naturligtvis inte att du ska bli irriterad p\u00e5 v\u00e5ra produkter. D\u00e4rf\u00f6r vill vi g\u00f6ra monteringsprocessen s\u00e5 enkel som m\u00f6jligt f\u00f6r dig. Montera bara benen och spegeln \u2013 klart! Produktdetaljer: &#8211; F\u00e4rg: Vit &#8211; Material: MDF (medeldensitetsfiberplatta), furu (bordsben), gummitr\u00e4 (pallben)  &#8211; Storlek bord: 80 x 40 x 137,5 cm (L x B x H) &#8211; Storlek pall: 37 x 28 x 45 cm (L x B x H) &#8211; Vikt: 19 kg Leveransomfattning: &#8211; 1 x sminkbord &#8211; 1 x spegel &#8211; 1 x pall &#8211; 1 x beh\u00e5llare med skruvar &#8211; 1 x bruksanvisning (DE, EN, FR, ES, IT)<\/p>\n","protected":false},"excerpt":{"rendered":"<p>VASAGLE sminkbord med stor raml\u00f6s spegel, modernt sminkbord, med avtagbar f\u00f6rvaringsl\u00e5da, pall i gummitr\u00e4, 5 l\u00e5dor, sovrum, garderob, vit RDT25WT<\/p>\n","protected":false},"featured_media":45778,"comment_status":"open","ping_status":"closed","template":"","meta":[],"product_brand":[],"product_cat":[33],"product_tag":[],"class_list":{"0":"post-18799","1":"product","2":"type-product","3":"status-publish","4":"has-post-thumbnail","6":"product_cat-okategoriserad","8":"first","9":"instock","10":"shipping-taxable","11":"purchasable","12":"product-type-simple"},"_links":{"self":[{"href":"https:\/\/nordicmart.andreevmaster.com\/sv\/wp-json\/wp\/v2\/product\/18799","targetHints":{"allow":["GET"]}}],"collection":[{"href":"https:\/\/nordicmart.andreevmaster.com\/sv\/wp-json\/wp\/v2\/product"}],"about":[{"href":"https:\/\/nordicmart.andreevmaster.com\/sv\/wp-json\/wp\/v2\/types\/product"}],"replies":[{"embeddable":true,"href":"https:\/\/nordicmart.andreevmaster.com\/sv\/wp-json\/wp\/v2\/comments?post=18799"}],"wp:featuredmedia":[{"embeddable":true,"href":"https:\/\/nordicmart.andreevmaster.com\/sv\/wp-json\/wp\/v2\/media\/45778"}],"wp:attachment":[{"href":"https:\/\/nordicmart.andreevmaster.com\/sv\/wp-json\/wp\/v2\/media?parent=18799"}],"wp:term":[{"taxonomy":"product_brand","embeddable":true,"href":"https:\/\/nordicmart.andreevmaster.com\/sv\/wp-json\/wp\/v2\/product_brand?post=18799"},{"taxonomy":"product_cat","embeddable":true,"href":"https:\/\/nordicmart.andreevmaster.com\/sv\/wp-json\/wp\/v2\/product_cat?post=18799"},{"taxonomy":"product_tag","embeddable":true,"href":"https:\/\/nordicmart.andreevmaster.com\/sv\/wp-json\/wp\/v2\/product_tag?post=18799"}],"curies":[{"name":"wp","href":"https:\/\/api.w.org\/{rel}","templated":true}]}}