{"id":18798,"date":"2026-02-27T00:41:36","date_gmt":"2026-02-27T00:41:36","guid":{"rendered":"https:\/\/nordicmart.andreevmaster.com\/product\/vasagle-sminkbord-med-led-belysning-och-spegel-vitt\/"},"modified":"2026-02-27T08:29:47","modified_gmt":"2026-02-27T08:29:47","slug":"vasagle-sminkbord-med-led-belysning-och-spegel-vitt","status":"publish","type":"product","link":"https:\/\/nordicmart.andreevmaster.com\/sv\/produkt\/vasagle-sminkbord-med-led-belysning-och-spegel-vitt\/","title":{"rendered":"VASAGLE sminkbord med LED-belysning och spegel, vitt"},"content":{"rendered":"<p>Produktdetaljer: F\u00e4rg: Vit Material: MDF (medeldensitetsfiberplatta), bordsben av furu, pallben av gummitr\u00e4, skumplast, kl\u00e4dsel av linne-bomullsblandning Storlek sminkbord: 80 x 40 x 137,5 cm (L x B x H) Storlek pall: 37 x 28 x 45 cm (L x B x H) Vikt: 19,5 kg Max. statisk b\u00e4rf\u00f6rm\u00e5ga f\u00f6r pallen: 130 kg Leveransomfattning: 1 x sminkbord 1 x pall 1 x tillbeh\u00f6rspaket 1 x tippskydd 1 x bruksanvisning (DE, EN, FR, ES, IT) VASAGLE Anm\u00e4rkningar:Av s\u00e4kerhetssk\u00e4l f\u00e5r barn inte kl\u00e4ttra p\u00e5 eller leka med produkten. Montera produkten enligt anvisningarna. H\u00e5ll produkten borta fr\u00e5n vatten. F\u00e4st produkten p\u00e5 v\u00e4ggen med det medf\u00f6ljande tippskyddet. Lyft produkten om du vill flytta den till en annan plats. Dra den inte \u00f6ver golvet.<\/p>\n","protected":false},"excerpt":{"rendered":"<p>VASAGLE sminkbord med stor raml\u00f6s spegel, modernt sminkbord, med avtagbar f\u00f6rvaringsl\u00e5da, pall i gummitr\u00e4, 5 l\u00e5dor, sovrum, garderob, vit RDT25WT<\/p>\n","protected":false},"featured_media":45777,"comment_status":"open","ping_status":"closed","template":"","meta":[],"product_brand":[],"product_cat":[33],"product_tag":[],"class_list":{"0":"post-18798","1":"product","2":"type-product","3":"status-publish","4":"has-post-thumbnail","6":"product_cat-okategoriserad","8":"first","9":"instock","10":"shipping-taxable","11":"purchasable","12":"product-type-simple"},"_links":{"self":[{"href":"https:\/\/nordicmart.andreevmaster.com\/sv\/wp-json\/wp\/v2\/product\/18798","targetHints":{"allow":["GET"]}}],"collection":[{"href":"https:\/\/nordicmart.andreevmaster.com\/sv\/wp-json\/wp\/v2\/product"}],"about":[{"href":"https:\/\/nordicmart.andreevmaster.com\/sv\/wp-json\/wp\/v2\/types\/product"}],"replies":[{"embeddable":true,"href":"https:\/\/nordicmart.andreevmaster.com\/sv\/wp-json\/wp\/v2\/comments?post=18798"}],"wp:featuredmedia":[{"embeddable":true,"href":"https:\/\/nordicmart.andreevmaster.com\/sv\/wp-json\/wp\/v2\/media\/45777"}],"wp:attachment":[{"href":"https:\/\/nordicmart.andreevmaster.com\/sv\/wp-json\/wp\/v2\/media?parent=18798"}],"wp:term":[{"taxonomy":"product_brand","embeddable":true,"href":"https:\/\/nordicmart.andreevmaster.com\/sv\/wp-json\/wp\/v2\/product_brand?post=18798"},{"taxonomy":"product_cat","embeddable":true,"href":"https:\/\/nordicmart.andreevmaster.com\/sv\/wp-json\/wp\/v2\/product_cat?post=18798"},{"taxonomy":"product_tag","embeddable":true,"href":"https:\/\/nordicmart.andreevmaster.com\/sv\/wp-json\/wp\/v2\/product_tag?post=18798"}],"curies":[{"name":"wp","href":"https:\/\/api.w.org\/{rel}","templated":true}]}}