{"id":18797,"date":"2026-02-27T00:41:36","date_gmt":"2026-02-27T00:41:36","guid":{"rendered":"https:\/\/nordicmart.andreevmaster.com\/product\/vasagle-sminkbord-med-vridbar-spegel\/"},"modified":"2026-02-27T08:29:47","modified_gmt":"2026-02-27T08:29:47","slug":"vasagle-sminkbord-med-vridbar-spegel","status":"publish","type":"product","link":"https:\/\/nordicmart.andreevmaster.com\/sv\/produkt\/vasagle-sminkbord-med-vridbar-spegel\/","title":{"rendered":"VASAGLE sminkbord med vridbar spegel"},"content":{"rendered":"<p>S\u00e4tt dig ner!   Skakar din hand n\u00e4r du applicerar eyeliner f\u00f6r att du \u00e4r nerv\u00f6s och egentligen borde ha l\u00e4mnat huset f\u00f6r l\u00e4nge sedan? Ta dig tid och s\u00e4tt dig bekv\u00e4mt p\u00e5 den rosdekorerade pallen i detta sminkbordsset f\u00f6r att perfekta din makeup. Sk\u00f6nhet fr\u00e5n alla vinklar!   Med detta sminkbord finns det ingen anledning att inte se otroligt vacker ut. Tack vare den 360\u00b0 vridbara spegeln kan du finjustera din frisyr och din sminkning och se till att du ser perfekt ut fr\u00e5n alla vinklar.  Produktdetaljer:   &#8211; F\u00e4rg: Vit-natur &#8211; Material: MDF (medeldensitetsfiberplatta), furu (bordsben), gummitr\u00e4 (pallben), glas &#8211; Storlek: 80 x 40 x 137,5 cm (L x B x H) &#8211; Vikt: 18,8 kg Leveransomfattning: &#8211; 1 x sminkbord &#8211; 1 x pall &#8211; 1 x monterings tillbeh\u00f6r &#8211; 1 x instruktioner (DE, EN, FR, ES, IT) VASAGLE Anm\u00e4rkningar: &#8211; Denna produkt \u00e4r endast avsedd f\u00f6r inomhusbruk. Placera den i en torr milj\u00f6. &#8211; H\u00e5ll produkten borta fr\u00e5n vassa f\u00f6rem\u00e5l och fr\u00e4tande \u00e4mnen f\u00f6r att undvika skador. &#8211; Anv\u00e4nd det medf\u00f6ljande tippskyddet och f\u00e4st produkten p\u00e5 v\u00e4ggen f\u00f6r s\u00e4kerhets skull.<\/p>\n","protected":false},"excerpt":{"rendered":"<p>VASAGLE sminkbord med stor raml\u00f6s spegel, modernt sminkbord, med avtagbar f\u00f6rvaringsl\u00e5da, pall i gummitr\u00e4, 5 l\u00e5dor, sovrum, garderob, vit RDT25WT<\/p>\n","protected":false},"featured_media":45776,"comment_status":"open","ping_status":"closed","template":"","meta":[],"product_brand":[],"product_cat":[33],"product_tag":[],"class_list":{"0":"post-18797","1":"product","2":"type-product","3":"status-publish","4":"has-post-thumbnail","6":"product_cat-okategoriserad","8":"first","9":"instock","10":"shipping-taxable","11":"purchasable","12":"product-type-simple"},"_links":{"self":[{"href":"https:\/\/nordicmart.andreevmaster.com\/sv\/wp-json\/wp\/v2\/product\/18797","targetHints":{"allow":["GET"]}}],"collection":[{"href":"https:\/\/nordicmart.andreevmaster.com\/sv\/wp-json\/wp\/v2\/product"}],"about":[{"href":"https:\/\/nordicmart.andreevmaster.com\/sv\/wp-json\/wp\/v2\/types\/product"}],"replies":[{"embeddable":true,"href":"https:\/\/nordicmart.andreevmaster.com\/sv\/wp-json\/wp\/v2\/comments?post=18797"}],"wp:featuredmedia":[{"embeddable":true,"href":"https:\/\/nordicmart.andreevmaster.com\/sv\/wp-json\/wp\/v2\/media\/45776"}],"wp:attachment":[{"href":"https:\/\/nordicmart.andreevmaster.com\/sv\/wp-json\/wp\/v2\/media?parent=18797"}],"wp:term":[{"taxonomy":"product_brand","embeddable":true,"href":"https:\/\/nordicmart.andreevmaster.com\/sv\/wp-json\/wp\/v2\/product_brand?post=18797"},{"taxonomy":"product_cat","embeddable":true,"href":"https:\/\/nordicmart.andreevmaster.com\/sv\/wp-json\/wp\/v2\/product_cat?post=18797"},{"taxonomy":"product_tag","embeddable":true,"href":"https:\/\/nordicmart.andreevmaster.com\/sv\/wp-json\/wp\/v2\/product_tag?post=18797"}],"curies":[{"name":"wp","href":"https:\/\/api.w.org\/{rel}","templated":true}]}}