{"id":18795,"date":"2026-02-27T00:41:35","date_gmt":"2026-02-27T00:41:35","guid":{"rendered":"https:\/\/nordicmart.andreevmaster.com\/product\/songmics-elegant-sminkbord-med-fallbar-spegel\/"},"modified":"2026-02-27T08:29:46","modified_gmt":"2026-02-27T08:29:46","slug":"songmics-elegant-sminkbord-med-fallbar-spegel","status":"publish","type":"product","link":"https:\/\/nordicmart.andreevmaster.com\/sv\/produkt\/songmics-elegant-sminkbord-med-fallbar-spegel\/","title":{"rendered":"SONGMICS Elegant sminkbord med f\u00e4llbar spegel"},"content":{"rendered":"<p>Produktdetaljer: &#8211; F\u00e4rg: vit  &#8211; Material: MDF-skiva, furu &#8211; M\u00e5tt p\u00e5 sminkbordet: 108 x 131,5 x 47 cm (B x H x D) &#8211; M\u00e5tt p\u00e5 sminkpallen: 40,5 x 51 x 30,5 cm (B x H x D) &#8211; Vikt: 24,9 kg Leveransomfattning:  &#8211; 2 x paket -Paket 1: 1 x bord, 1x spegelset (3 delar\/sidor) och 1 x bruksanvisning (DE, EN, FR, ES, IT) &#8211; Paket 2: 1 x pall Denna artikel levereras i tv\u00e5 separata paket. Om du endast mottar ett paket, var v\u00e4nlig ha t\u00e5lamod.<\/p>\n","protected":false},"excerpt":{"rendered":"<p>SONGMICS  stort sminkbord Kosmetikbord  Fris\u00f6rbord  med pall  f\u00e4llbar sv\u00e4ngbar spegel  3 speglar  3 l\u00e5dor  vit  RDT18W<\/p>\n","protected":false},"featured_media":45774,"comment_status":"open","ping_status":"closed","template":"","meta":[],"product_brand":[],"product_cat":[33],"product_tag":[],"class_list":{"0":"post-18795","1":"product","2":"type-product","3":"status-publish","4":"has-post-thumbnail","6":"product_cat-okategoriserad","8":"first","9":"instock","10":"shipping-taxable","11":"purchasable","12":"product-type-simple"},"_links":{"self":[{"href":"https:\/\/nordicmart.andreevmaster.com\/sv\/wp-json\/wp\/v2\/product\/18795","targetHints":{"allow":["GET"]}}],"collection":[{"href":"https:\/\/nordicmart.andreevmaster.com\/sv\/wp-json\/wp\/v2\/product"}],"about":[{"href":"https:\/\/nordicmart.andreevmaster.com\/sv\/wp-json\/wp\/v2\/types\/product"}],"replies":[{"embeddable":true,"href":"https:\/\/nordicmart.andreevmaster.com\/sv\/wp-json\/wp\/v2\/comments?post=18795"}],"wp:featuredmedia":[{"embeddable":true,"href":"https:\/\/nordicmart.andreevmaster.com\/sv\/wp-json\/wp\/v2\/media\/45774"}],"wp:attachment":[{"href":"https:\/\/nordicmart.andreevmaster.com\/sv\/wp-json\/wp\/v2\/media?parent=18795"}],"wp:term":[{"taxonomy":"product_brand","embeddable":true,"href":"https:\/\/nordicmart.andreevmaster.com\/sv\/wp-json\/wp\/v2\/product_brand?post=18795"},{"taxonomy":"product_cat","embeddable":true,"href":"https:\/\/nordicmart.andreevmaster.com\/sv\/wp-json\/wp\/v2\/product_cat?post=18795"},{"taxonomy":"product_tag","embeddable":true,"href":"https:\/\/nordicmart.andreevmaster.com\/sv\/wp-json\/wp\/v2\/product_tag?post=18795"}],"curies":[{"name":"wp","href":"https:\/\/api.w.org\/{rel}","templated":true}]}}