{"id":18793,"date":"2026-02-27T00:41:35","date_gmt":"2026-02-27T00:41:35","guid":{"rendered":"https:\/\/nordicmart.andreevmaster.com\/product\/vasagle-sminkbord-vitt\/"},"modified":"2026-02-27T08:29:46","modified_gmt":"2026-02-27T08:29:46","slug":"vasagle-sminkbord-vitt","status":"publish","type":"product","link":"https:\/\/nordicmart.andreevmaster.com\/sv\/produkt\/vasagle-sminkbord-vitt\/","title":{"rendered":"VASAGLE sminkbord vitt"},"content":{"rendered":"<p>K\u00e4rlek vid f\u00f6rsta \u00f6gonkastet Om du fortfarande inte har hittat n\u00e5gon present till din \u00e4lskade \u00e4r detta sminkbord med en stoppad pall precis vad du beh\u00f6ver! F\u00f6rest\u00e4ll dig hur din \u00e4lskling betraktar sin outfit i spegeln och ler milt. Har du ocks\u00e5 ett leende p\u00e5 l\u00e4pparna nu? Elegant vitt, sl\u00e4t yta, detaljrik design \u2013 din \u00e4lskade kommer s\u00e4kert att f\u00f6r\u00e4lska sig i detta sminkbordsset! Hemlig kosmetiktr\u00e4dg\u00e5rd Den stora spegeln med 10 gl\u00f6dlampor g\u00f6r att du kan applicera din makeup med precision. S\u00e5 blir du kv\u00e4llens stj\u00e4rna eller den vackraste dansaren p\u00e5 festen. De tv\u00e5 l\u00e5dorna med genomskinliga ytor g\u00f6r det enkelt att hitta och v\u00e4lja dina kosmetika. S\u00e5 kan du enkelt v\u00e4lja den smink som passar ditt hum\u00f6r idag. Skapa din kosmetiska tr\u00e4dg\u00e5rd helt efter dina \u00f6nskem\u00e5l och l\u00e4mna ditt hem i toppform! Produktdetaljer: &#8211; F\u00e4rg: Vit &#8211; Material: MDF (medeldensitetsfiberplatta), furu, gummitr\u00e4, glas &#8211; Storlek p\u00e5 sminkbordet: 90 x 40 x 133,5 cm (L x B x H) &#8211; Storlek p\u00e5 pallen: 40 x 30 x 46 cm (L x B x H) &#8211; Vikt: 20,4 kg &#8211; Max. statisk belastningskapacitet f\u00f6r pallen: 130 kg Leveransomfattning: &#8211; 1 x sminkbord med spegel &#8211; 1 x pall &#8211; 1 x tillbeh\u00f6rspaket &#8211; 1 x bruksanvisning (DE, EN, FR, IT, ES) VASAGLE Anm\u00e4rkningar: &#8211; Av s\u00e4kerhetssk\u00e4l f\u00e5r barn inte kl\u00e4ttra p\u00e5 eller leka med produkten. &#8211; H\u00e5ll produkten borta fr\u00e5n kemikalier. &#8211; Torka av produkten med en fuktig trasa f\u00f6r daglig reng\u00f6ring.<\/p>\n","protected":false},"excerpt":{"rendered":"<p>VASAGLE sminkbord, sminkbordsset, stoppad pall och 10 dimbara gl\u00f6dlampor, 2 stora och 2 sm\u00e5 l\u00e5dor, transparent bordsskiva av h\u00e4rdat glas, presentid\u00e9, vit RDT172W01<\/p>\n","protected":false},"featured_media":45772,"comment_status":"open","ping_status":"closed","template":"","meta":[],"product_brand":[],"product_cat":[33],"product_tag":[],"class_list":{"0":"post-18793","1":"product","2":"type-product","3":"status-publish","4":"has-post-thumbnail","6":"product_cat-okategoriserad","8":"first","9":"instock","10":"shipping-taxable","11":"purchasable","12":"product-type-simple"},"_links":{"self":[{"href":"https:\/\/nordicmart.andreevmaster.com\/sv\/wp-json\/wp\/v2\/product\/18793","targetHints":{"allow":["GET"]}}],"collection":[{"href":"https:\/\/nordicmart.andreevmaster.com\/sv\/wp-json\/wp\/v2\/product"}],"about":[{"href":"https:\/\/nordicmart.andreevmaster.com\/sv\/wp-json\/wp\/v2\/types\/product"}],"replies":[{"embeddable":true,"href":"https:\/\/nordicmart.andreevmaster.com\/sv\/wp-json\/wp\/v2\/comments?post=18793"}],"wp:featuredmedia":[{"embeddable":true,"href":"https:\/\/nordicmart.andreevmaster.com\/sv\/wp-json\/wp\/v2\/media\/45772"}],"wp:attachment":[{"href":"https:\/\/nordicmart.andreevmaster.com\/sv\/wp-json\/wp\/v2\/media?parent=18793"}],"wp:term":[{"taxonomy":"product_brand","embeddable":true,"href":"https:\/\/nordicmart.andreevmaster.com\/sv\/wp-json\/wp\/v2\/product_brand?post=18793"},{"taxonomy":"product_cat","embeddable":true,"href":"https:\/\/nordicmart.andreevmaster.com\/sv\/wp-json\/wp\/v2\/product_cat?post=18793"},{"taxonomy":"product_tag","embeddable":true,"href":"https:\/\/nordicmart.andreevmaster.com\/sv\/wp-json\/wp\/v2\/product_tag?post=18793"}],"curies":[{"name":"wp","href":"https:\/\/api.w.org\/{rel}","templated":true}]}}