{"id":18789,"date":"2026-02-27T00:41:34","date_gmt":"2026-02-27T00:41:34","guid":{"rendered":"https:\/\/nordicmart.andreevmaster.com\/product\/songmics-sminkbordsset-med-5-lador-vitt\/"},"modified":"2026-02-27T08:29:45","modified_gmt":"2026-02-27T08:29:45","slug":"songmics-sminkbordsset-med-5-lador-vitt","status":"publish","type":"product","link":"https:\/\/nordicmart.andreevmaster.com\/sv\/produkt\/songmics-sminkbordsset-med-5-lador-vitt\/","title":{"rendered":"SONGMICS sminkbordsset med 5 l\u00e5dor, vitt"},"content":{"rendered":"<p>H\u00e4r presenterar vi ett h\u00f6gkvalitativt sminkbord med 5 l\u00e5dor som uppfyller dina f\u00f6rvaringsbehov f\u00f6r olika kosmetiska tillbeh\u00f6r. Songmics \u00e4r alltid kundorienterat och arbetar h\u00e5rt f\u00f6r att erbjuda produkter av h\u00f6g kvalitet med ett bra pris\/prestandaf\u00f6rh\u00e5llande. Produktdetaljer:- M\u00e5tt: 80 x 145 x 40 cm (B x H x D) &#8211; M\u00e5tt bordsskiva: 80 x 40 cm &#8211; M\u00e5tt spegel: 54,5 x 38 cm (B x H) &#8211; M\u00e5tt pall: 37 x 45 x 28 cm (B x H x D) &#8211; M\u00e5tt p\u00e5 den lilla l\u00e5dan: 17,5 x 5,5 x 7,5 cm (B x H x D) &#8211; M\u00e5tt p\u00e5 den medelstora l\u00e5dan: 12,5 x 7,5 x 25 cm (B x H x D) &#8211; M\u00e5tt p\u00e5 den stora l\u00e5dan: 20 x 5,5 x 25 cm (B x H x D) &#8211; Material: MDF-skiva (klass E1) + massivt tr\u00e4 &#8211; F\u00e4rg: vit Obs! &#8211; F\u00f6r att undvika att pallen v\u00e4lter, sitt inte p\u00e5 stolskanten. Skaka inte p\u00e5 pallen och l\u00e5t dig inte bara falla ner p\u00e5 den. N\u00e4r du sitter ska du anv\u00e4nda hela sittytan och alla fyra benen ska alltid vara p\u00e5 golvet. &#8211; Anv\u00e4nd inte en akku-skruvdragare f\u00f6r montering, utan den medf\u00f6ljande inbussnyckeln. &#8211; Undvik generellt all kontakt mellan ytan och vassa eller spetsiga f\u00f6rem\u00e5l f\u00f6r att undvika repor. &#8211; F\u00f6lj underh\u00e5llsinstruktionerna innan du underh\u00e5ller bordet. &#8211; F\u00f6r att de f\u00f6rborrade g\u00e4ngorna i benen inte ska skadas och skruvarna inte sitter snett, ska du f\u00f6rst skruva i skruvarna n\u00e4r du monterar benen, efter att alla borrh\u00e5l har anpassats till varandra. &#8211; F\u00f6rs\u00f6k inte montera bordet med v\u00e5ld. Detta skadar produkten. Vid problem, v\u00e4nligen kontakta v\u00e5r kundtj\u00e4nst. Leveransomfattning: &#8211; 1 x sminkbord &#8211; 1 x pall &#8211; 1 x beslagsp\u00e5se (i den lilla l\u00e5dan i bordstoppen) &#8211; 1 x bruksanvisning (DE, EN, FR, IT, ES)<\/p>\n","protected":false},"excerpt":{"rendered":"<p>SONGMICS sminkbord med 5 l\u00e5dor och spegelpall, inkl. 2 avdelare, tippskydd, 80 x 145 x 40 cm (B x H x D), vit RDT15W<\/p>\n","protected":false},"featured_media":45768,"comment_status":"open","ping_status":"closed","template":"","meta":[],"product_brand":[],"product_cat":[33],"product_tag":[],"class_list":{"0":"post-18789","1":"product","2":"type-product","3":"status-publish","4":"has-post-thumbnail","6":"product_cat-okategoriserad","8":"first","9":"instock","10":"shipping-taxable","11":"purchasable","12":"product-type-simple"},"_links":{"self":[{"href":"https:\/\/nordicmart.andreevmaster.com\/sv\/wp-json\/wp\/v2\/product\/18789","targetHints":{"allow":["GET"]}}],"collection":[{"href":"https:\/\/nordicmart.andreevmaster.com\/sv\/wp-json\/wp\/v2\/product"}],"about":[{"href":"https:\/\/nordicmart.andreevmaster.com\/sv\/wp-json\/wp\/v2\/types\/product"}],"replies":[{"embeddable":true,"href":"https:\/\/nordicmart.andreevmaster.com\/sv\/wp-json\/wp\/v2\/comments?post=18789"}],"wp:featuredmedia":[{"embeddable":true,"href":"https:\/\/nordicmart.andreevmaster.com\/sv\/wp-json\/wp\/v2\/media\/45768"}],"wp:attachment":[{"href":"https:\/\/nordicmart.andreevmaster.com\/sv\/wp-json\/wp\/v2\/media?parent=18789"}],"wp:term":[{"taxonomy":"product_brand","embeddable":true,"href":"https:\/\/nordicmart.andreevmaster.com\/sv\/wp-json\/wp\/v2\/product_brand?post=18789"},{"taxonomy":"product_cat","embeddable":true,"href":"https:\/\/nordicmart.andreevmaster.com\/sv\/wp-json\/wp\/v2\/product_cat?post=18789"},{"taxonomy":"product_tag","embeddable":true,"href":"https:\/\/nordicmart.andreevmaster.com\/sv\/wp-json\/wp\/v2\/product_tag?post=18789"}],"curies":[{"name":"wp","href":"https:\/\/api.w.org\/{rel}","templated":true}]}}