{"id":18788,"date":"2026-02-27T00:41:34","date_gmt":"2026-02-27T00:41:34","guid":{"rendered":"https:\/\/nordicmart.andreevmaster.com\/product\/vasagle-sminkbordsset-vitt\/"},"modified":"2026-02-27T08:29:45","modified_gmt":"2026-02-27T08:29:45","slug":"vasagle-sminkbordsset-vitt","status":"publish","type":"product","link":"https:\/\/nordicmart.andreevmaster.com\/sv\/produkt\/vasagle-sminkbordsset-vitt\/","title":{"rendered":"VASAGLE sminkbordsset vitt"},"content":{"rendered":"<p>Underl\u00e4tta din morgonrutin Du beh\u00f6ver inte l\u00e4ngre v\u00e4nda upp och ner p\u00e5 hela huset f\u00f6r att hitta l\u00e4ppstiftet som kompletterar din makeup! S\u00e4tt dig p\u00e5 den bekv\u00e4ma, stoppade pallen och ta enkelt f\u00f6r dig av de v\u00e4lordnade makeup- och hudv\u00e5rdsprodukterna p\u00e5 sminkbordet. Fr\u00e5n och med nu blir varje morgon underbar. En f\u00f6rtrollande present En fantastisk presentid\u00e9 till f\u00f6delsedagen, julen eller en annan viktig \u00e5rsdag! Med en stor spegel, gott om f\u00f6rvaringsutrymme och en bekv\u00e4m pall kommer detta dr\u00f6mlika sminkbord att f\u00e5 alla att le! Produktdetaljer: &#8211; F\u00e4rg: Vit &#8211; Material: MDF (medeldensitetsskiva), furu, gummitr\u00e4, glas &#8211; Storlek p\u00e5 sminkbordet: 70 x 40 x 134 cm (L x B x H) &#8211; Storlek p\u00e5 pallen: 40 x 30 x 46 cm (L x B x H) &#8211; Vikt: 18,0 kg &#8211; Max. statisk belastningskapacitet f\u00f6r pallen: 130 kg Leveransomfattning:- 1 x sminkbord med spegel &#8211; 1 x pall &#8211; 1 x tillbeh\u00f6rspaket &#8211; 1 x bruksanvisning (DE, EN, FR, IT, ES) VASAGLE Anm\u00e4rkningar: &#8211; Av s\u00e4kerhetssk\u00e4l f\u00e5r barn inte kl\u00e4ttra p\u00e5 eller leka med produkten. &#8211; H\u00e5ll produkten borta fr\u00e5n kemikalier. &#8211; Torka av produkten med en fuktig trasa f\u00f6r daglig reng\u00f6ring.<\/p>\n","protected":false},"excerpt":{"rendered":"<p>VASAGLE sminkbordsset, toalettbord, med spegel, modernt, stoppad pall, 5 l\u00e5dor, 70 x 40 x 134 cm, presentid\u00e9, vitt RDT152W01<\/p>\n","protected":false},"featured_media":45767,"comment_status":"open","ping_status":"closed","template":"","meta":[],"product_brand":[],"product_cat":[33],"product_tag":[],"class_list":{"0":"post-18788","1":"product","2":"type-product","3":"status-publish","4":"has-post-thumbnail","6":"product_cat-okategoriserad","8":"first","9":"instock","10":"shipping-taxable","11":"purchasable","12":"product-type-simple"},"_links":{"self":[{"href":"https:\/\/nordicmart.andreevmaster.com\/sv\/wp-json\/wp\/v2\/product\/18788","targetHints":{"allow":["GET"]}}],"collection":[{"href":"https:\/\/nordicmart.andreevmaster.com\/sv\/wp-json\/wp\/v2\/product"}],"about":[{"href":"https:\/\/nordicmart.andreevmaster.com\/sv\/wp-json\/wp\/v2\/types\/product"}],"replies":[{"embeddable":true,"href":"https:\/\/nordicmart.andreevmaster.com\/sv\/wp-json\/wp\/v2\/comments?post=18788"}],"wp:featuredmedia":[{"embeddable":true,"href":"https:\/\/nordicmart.andreevmaster.com\/sv\/wp-json\/wp\/v2\/media\/45767"}],"wp:attachment":[{"href":"https:\/\/nordicmart.andreevmaster.com\/sv\/wp-json\/wp\/v2\/media?parent=18788"}],"wp:term":[{"taxonomy":"product_brand","embeddable":true,"href":"https:\/\/nordicmart.andreevmaster.com\/sv\/wp-json\/wp\/v2\/product_brand?post=18788"},{"taxonomy":"product_cat","embeddable":true,"href":"https:\/\/nordicmart.andreevmaster.com\/sv\/wp-json\/wp\/v2\/product_cat?post=18788"},{"taxonomy":"product_tag","embeddable":true,"href":"https:\/\/nordicmart.andreevmaster.com\/sv\/wp-json\/wp\/v2\/product_tag?post=18788"}],"curies":[{"name":"wp","href":"https:\/\/api.w.org\/{rel}","templated":true}]}}