{"id":18786,"date":"2026-02-27T00:41:33","date_gmt":"2026-02-27T00:41:33","guid":{"rendered":"https:\/\/nordicmart.andreevmaster.com\/product\/songmics-elegant-sminkbord-med-hjartformad-spegel\/"},"modified":"2026-02-27T08:29:44","modified_gmt":"2026-02-27T08:29:44","slug":"songmics-elegant-sminkbord-med-hjartformad-spegel","status":"publish","type":"product","link":"https:\/\/nordicmart.andreevmaster.com\/sv\/produkt\/songmics-elegant-sminkbord-med-hjartformad-spegel\/","title":{"rendered":"SONGMICS Elegant sminkbord med hj\u00e4rtformad spegel"},"content":{"rendered":"<p>H\u00e4r presenterar vi ett s\u00f6tt sminkbord med en hj\u00e4rtformad spegel. Sminkbordet \u00e4r tillverkat av h\u00f6gkvalitativt, stabilt tr\u00e4, vilket garanterar en l\u00e5ng livsl\u00e4ngd. Det tar liten plats (75 x 138 x 40 cm). 4 l\u00e5dor (2 stora och 2 sm\u00e5) ger gott om f\u00f6rvaringsutrymme. Och p\u00e5 bordsskivan kan du st\u00e4lla dekorativa f\u00f6rem\u00e5l. Den vita lackeringen ger sminkbordet ett modernt och elegant utseende! Songmics \u00e4r alltid kundorienterat och arbetar h\u00e5rt f\u00f6r att erbjuda produkter av h\u00f6g kvalitet till ett bra pris\/prestandaf\u00f6rh\u00e5llande. Produktdetaljer: &#8211; M\u00e5tt: 75 x 138 x 40 cm (B x H x D) &#8211; M\u00e5tt bordsskiva: 75 x 40 cm &#8211; M\u00e5tt spegel: 40 x 53 cm (B x H) &#8211; M\u00e5tt pall: 37 x 45 x 28 cm (B x H x D) &#8211; M\u00e5tt liten l\u00e5da: 12,5 x 5,5 x 5,5 cm (B x H x D) &#8211; M\u00e5tt stor l\u00e5da: 25 x 7 x 20 cm (B x H x D) &#8211; Material: MDF-skiva (klass E1) + massivt tr\u00e4 &#8211; F\u00e4rg: vit Leveransomfattning: &#8211; 1 x sminkbord &#8211; 1 x pall &#8211; 1 x beslagsp\u00e5se (i den lilla l\u00e5dan i bordstoppen) &#8211; 1 x bruksanvisning (DE, EN, FR, IT, ES)<\/p>\n","protected":false},"excerpt":{"rendered":"<p>SONGMICS sminkbord, toalettbordsset med spegel, sminkbord med pall och 4 l\u00e5dor, sv\u00e4ngbar spegel, tippskydd, f\u00f6rvaring, 75 x 138 x 40 cm, vitt RDT14W<\/p>\n","protected":false},"featured_media":45765,"comment_status":"open","ping_status":"closed","template":"","meta":[],"product_brand":[],"product_cat":[33],"product_tag":[],"class_list":{"0":"post-18786","1":"product","2":"type-product","3":"status-publish","4":"has-post-thumbnail","6":"product_cat-okategoriserad","8":"first","9":"instock","10":"shipping-taxable","11":"purchasable","12":"product-type-simple"},"_links":{"self":[{"href":"https:\/\/nordicmart.andreevmaster.com\/sv\/wp-json\/wp\/v2\/product\/18786","targetHints":{"allow":["GET"]}}],"collection":[{"href":"https:\/\/nordicmart.andreevmaster.com\/sv\/wp-json\/wp\/v2\/product"}],"about":[{"href":"https:\/\/nordicmart.andreevmaster.com\/sv\/wp-json\/wp\/v2\/types\/product"}],"replies":[{"embeddable":true,"href":"https:\/\/nordicmart.andreevmaster.com\/sv\/wp-json\/wp\/v2\/comments?post=18786"}],"wp:featuredmedia":[{"embeddable":true,"href":"https:\/\/nordicmart.andreevmaster.com\/sv\/wp-json\/wp\/v2\/media\/45765"}],"wp:attachment":[{"href":"https:\/\/nordicmart.andreevmaster.com\/sv\/wp-json\/wp\/v2\/media?parent=18786"}],"wp:term":[{"taxonomy":"product_brand","embeddable":true,"href":"https:\/\/nordicmart.andreevmaster.com\/sv\/wp-json\/wp\/v2\/product_brand?post=18786"},{"taxonomy":"product_cat","embeddable":true,"href":"https:\/\/nordicmart.andreevmaster.com\/sv\/wp-json\/wp\/v2\/product_cat?post=18786"},{"taxonomy":"product_tag","embeddable":true,"href":"https:\/\/nordicmart.andreevmaster.com\/sv\/wp-json\/wp\/v2\/product_tag?post=18786"}],"curies":[{"name":"wp","href":"https:\/\/api.w.org\/{rel}","templated":true}]}}