{"id":18785,"date":"2026-02-27T00:41:33","date_gmt":"2026-02-27T00:41:33","guid":{"rendered":"https:\/\/nordicmart.andreevmaster.com\/product\/vasagle-kailyn-kollektion-sminkbord-med-led-spegel-lada-och-oppna-hyllor\/"},"modified":"2026-02-27T08:29:44","modified_gmt":"2026-02-27T08:29:44","slug":"vasagle-kailyn-kollektion-sminkbord-med-led-spegel-lada-och-oppna-hyllor","status":"publish","type":"product","link":"https:\/\/nordicmart.andreevmaster.com\/sv\/produkt\/vasagle-kailyn-kollektion-sminkbord-med-led-spegel-lada-och-oppna-hyllor\/","title":{"rendered":"VASAGLE Kailyn-kollektion \u2013 sminkbord med LED-spegel, l\u00e5da och \u00f6ppna hyllor"},"content":{"rendered":"<p>VASAGLE Kailyn-kollektion \u2013 sminkbord, toalettbord med LED-spegel och eluttag, kosmetikbord, l\u00e5da och \u00f6ppna hyllor, sk\u00e5p med 2 justerbara hyllor, vitt RDT138W01<br \/>\nF\u00e4rg: Vit<br \/>\nMaterial: Sp\u00e5nskiva<br \/>\nStorlek: 40 x 80 x 132 cm (D x B x H)<br \/>\nVikt: 26,8 kg<\/p>\n","protected":false},"excerpt":{"rendered":"<p>VASAGLE Kailyn-kollektion \u2013 sminkbord, toalettbord med LED-spegel och eluttag, kosmetikbord, l\u00e5da och \u00f6ppna hyllor, sk\u00e5p med 2 justerbara hyllor, vitt RDT138W01<\/p>\n","protected":false},"featured_media":45764,"comment_status":"open","ping_status":"closed","template":"","meta":[],"product_brand":[],"product_cat":[33],"product_tag":[],"class_list":{"0":"post-18785","1":"product","2":"type-product","3":"status-publish","4":"has-post-thumbnail","6":"product_cat-okategoriserad","8":"first","9":"instock","10":"shipping-taxable","11":"purchasable","12":"product-type-simple"},"_links":{"self":[{"href":"https:\/\/nordicmart.andreevmaster.com\/sv\/wp-json\/wp\/v2\/product\/18785","targetHints":{"allow":["GET"]}}],"collection":[{"href":"https:\/\/nordicmart.andreevmaster.com\/sv\/wp-json\/wp\/v2\/product"}],"about":[{"href":"https:\/\/nordicmart.andreevmaster.com\/sv\/wp-json\/wp\/v2\/types\/product"}],"replies":[{"embeddable":true,"href":"https:\/\/nordicmart.andreevmaster.com\/sv\/wp-json\/wp\/v2\/comments?post=18785"}],"wp:featuredmedia":[{"embeddable":true,"href":"https:\/\/nordicmart.andreevmaster.com\/sv\/wp-json\/wp\/v2\/media\/45764"}],"wp:attachment":[{"href":"https:\/\/nordicmart.andreevmaster.com\/sv\/wp-json\/wp\/v2\/media?parent=18785"}],"wp:term":[{"taxonomy":"product_brand","embeddable":true,"href":"https:\/\/nordicmart.andreevmaster.com\/sv\/wp-json\/wp\/v2\/product_brand?post=18785"},{"taxonomy":"product_cat","embeddable":true,"href":"https:\/\/nordicmart.andreevmaster.com\/sv\/wp-json\/wp\/v2\/product_cat?post=18785"},{"taxonomy":"product_tag","embeddable":true,"href":"https:\/\/nordicmart.andreevmaster.com\/sv\/wp-json\/wp\/v2\/product_tag?post=18785"}],"curies":[{"name":"wp","href":"https:\/\/api.w.org\/{rel}","templated":true}]}}