{"id":18776,"date":"2026-02-27T00:41:30","date_gmt":"2026-02-27T00:41:30","guid":{"rendered":"https:\/\/nordicmart.andreevmaster.com\/product\/vasagle-hornspegelskap-med-spegel\/"},"modified":"2026-02-27T08:29:42","modified_gmt":"2026-02-27T08:29:42","slug":"vasagle-hornspegelskap-med-spegel","status":"publish","type":"product","link":"https:\/\/nordicmart.andreevmaster.com\/sv\/produkt\/vasagle-hornspegelskap-med-spegel\/","title":{"rendered":"VASAGLE h\u00f6rnspegelsk\u00e5p med spegel"},"content":{"rendered":"<p>Produktdetaljer: &#8211; F\u00e4rg: Vit &#8211; Material: Sp\u00e5nskiva, melaminbel\u00e4ggning &#8211; Storlek: 110 x 54 x 140 cm (L x B x H) &#8211; Vikt: 37,5 kg &#8211; Max. statisk belastningskapacitet f\u00f6r ytan: 27 kg Leveransomfattning:- 1 x sminkbord &#8211; 1 x tillbeh\u00f6rspaket &#8211; 2 x tippskydd &#8211; 1 x bruksanvisning VASAGLE Anm\u00e4rkningar: &#8211; Av s\u00e4kerhetssk\u00e4l \u00e4r det f\u00f6rbjudet f\u00f6r barn att kl\u00e4ttra p\u00e5 eller leka med produkten. &#8211; F\u00e4st produkten p\u00e5 v\u00e4ggen med tippskyddet f\u00f6r att garantera s\u00e4ker anv\u00e4ndning.- F\u00f6r att underl\u00e4tta transporten levereras produkten i tv\u00e5 paket. Var t\u00e5lmodig om du f\u00f6rst endast f\u00e5r ett paket. Det andra paketet levereras inom kort.<\/p>\n","protected":false},"excerpt":{"rendered":"<p>VASAGLE sminkbord, h\u00f6rnsminkbord, toalettbord, kosmetikbord, 3-delad f\u00e4llbar spegel, 2 l\u00e5dor, 3 \u00f6ppna fack, 110 x 54 x 140 cm, modernt, vitt RDT121T10<\/p>\n","protected":false},"featured_media":45757,"comment_status":"open","ping_status":"closed","template":"","meta":[],"product_brand":[],"product_cat":[33],"product_tag":[],"class_list":{"0":"post-18776","1":"product","2":"type-product","3":"status-publish","4":"has-post-thumbnail","6":"product_cat-okategoriserad","8":"first","9":"instock","10":"shipping-taxable","11":"purchasable","12":"product-type-simple"},"_links":{"self":[{"href":"https:\/\/nordicmart.andreevmaster.com\/sv\/wp-json\/wp\/v2\/product\/18776","targetHints":{"allow":["GET"]}}],"collection":[{"href":"https:\/\/nordicmart.andreevmaster.com\/sv\/wp-json\/wp\/v2\/product"}],"about":[{"href":"https:\/\/nordicmart.andreevmaster.com\/sv\/wp-json\/wp\/v2\/types\/product"}],"replies":[{"embeddable":true,"href":"https:\/\/nordicmart.andreevmaster.com\/sv\/wp-json\/wp\/v2\/comments?post=18776"}],"wp:featuredmedia":[{"embeddable":true,"href":"https:\/\/nordicmart.andreevmaster.com\/sv\/wp-json\/wp\/v2\/media\/45757"}],"wp:attachment":[{"href":"https:\/\/nordicmart.andreevmaster.com\/sv\/wp-json\/wp\/v2\/media?parent=18776"}],"wp:term":[{"taxonomy":"product_brand","embeddable":true,"href":"https:\/\/nordicmart.andreevmaster.com\/sv\/wp-json\/wp\/v2\/product_brand?post=18776"},{"taxonomy":"product_cat","embeddable":true,"href":"https:\/\/nordicmart.andreevmaster.com\/sv\/wp-json\/wp\/v2\/product_cat?post=18776"},{"taxonomy":"product_tag","embeddable":true,"href":"https:\/\/nordicmart.andreevmaster.com\/sv\/wp-json\/wp\/v2\/product_tag?post=18776"}],"curies":[{"name":"wp","href":"https:\/\/api.w.org\/{rel}","templated":true}]}}