{"id":18772,"date":"2026-02-27T00:41:29","date_gmt":"2026-02-27T00:41:29","guid":{"rendered":"https:\/\/nordicmart.andreevmaster.com\/product\/songmics-enkel-sminkbord-vit-naturfargad\/"},"modified":"2026-02-27T08:29:42","modified_gmt":"2026-02-27T08:29:42","slug":"songmics-enkel-sminkbord-vit-naturfargad","status":"publish","type":"product","link":"https:\/\/nordicmart.andreevmaster.com\/sv\/produkt\/songmics-enkel-sminkbord-vit-naturfargad\/","title":{"rendered":"SONGMICS Enkel sminkbord vit-naturf\u00e4rgad"},"content":{"rendered":"<p>Bordsben och pallben av kau\u010duktr\u00e4 \u00e4r extra robusta och stabila.Kl\u00e4dseln av flamskyddat skumplast har klarat flamtestet hos T\u00dcV Rheinland, testrapport nr: 0154237535a 001. Stora l\u00e5dor g\u00f6r det enkelt att f\u00f6rvara smink, redskap och andra sm\u00e5saker. L\u00e5dorna har glidskenor f\u00f6r att underl\u00e4tta utdragningen.Det tv\u00e4ttbara stols\u00f6verdraget kan tas av och bytas ut. F\u00e4rgkombinationen av naturligt tr\u00e4 och vitt passar den moderna livsstilen. Bords- och stolsbenen har g\u00e4ngade insatser f\u00f6r att underl\u00e4tta montering och demontering. Bordskanterna slipas i flera steg, s\u00e5 att de rundade kanterna kan skydda mot skador p\u00e5 kroppen. Produktdetaljer:- F\u00e4rg: vit + naturf\u00e4rgad &#8211; Material: MDF-skiva, gummitr\u00e4 &#8211; M\u00e5tt: 80 x 128 x 40 cm (sminkbord, B x H x D), 32,5 x 45,5 x 32,5 cm (pall, B x H x D) &#8211; Vikt: 20,1 kg Leveransomfattning:- 1 x sminkbord &#8211; 1 x spegel &#8211; 1 x pall &#8211; 1 x bruksanvisning (DE, EN, IT, FR, ES)<\/p>\n","protected":false},"excerpt":{"rendered":"<p>SONGMICS sminkbord, modernt kosmetikbord, fris\u00f6rbord, 2 stora l\u00e5dor med skenor, med oval spegel, tv\u00e4ttbar pall\u00f6verdrag, vitt och naturf\u00e4rgat RDT11K, tr\u00e4<\/p>\n","protected":false},"featured_media":45753,"comment_status":"open","ping_status":"closed","template":"","meta":[],"product_brand":[],"product_cat":[33],"product_tag":[],"class_list":{"0":"post-18772","1":"product","2":"type-product","3":"status-publish","4":"has-post-thumbnail","6":"product_cat-okategoriserad","8":"first","9":"instock","10":"shipping-taxable","11":"purchasable","12":"product-type-simple"},"_links":{"self":[{"href":"https:\/\/nordicmart.andreevmaster.com\/sv\/wp-json\/wp\/v2\/product\/18772","targetHints":{"allow":["GET"]}}],"collection":[{"href":"https:\/\/nordicmart.andreevmaster.com\/sv\/wp-json\/wp\/v2\/product"}],"about":[{"href":"https:\/\/nordicmart.andreevmaster.com\/sv\/wp-json\/wp\/v2\/types\/product"}],"replies":[{"embeddable":true,"href":"https:\/\/nordicmart.andreevmaster.com\/sv\/wp-json\/wp\/v2\/comments?post=18772"}],"wp:featuredmedia":[{"embeddable":true,"href":"https:\/\/nordicmart.andreevmaster.com\/sv\/wp-json\/wp\/v2\/media\/45753"}],"wp:attachment":[{"href":"https:\/\/nordicmart.andreevmaster.com\/sv\/wp-json\/wp\/v2\/media?parent=18772"}],"wp:term":[{"taxonomy":"product_brand","embeddable":true,"href":"https:\/\/nordicmart.andreevmaster.com\/sv\/wp-json\/wp\/v2\/product_brand?post=18772"},{"taxonomy":"product_cat","embeddable":true,"href":"https:\/\/nordicmart.andreevmaster.com\/sv\/wp-json\/wp\/v2\/product_cat?post=18772"},{"taxonomy":"product_tag","embeddable":true,"href":"https:\/\/nordicmart.andreevmaster.com\/sv\/wp-json\/wp\/v2\/product_tag?post=18772"}],"curies":[{"name":"wp","href":"https:\/\/api.w.org\/{rel}","templated":true}]}}