{"id":18771,"date":"2026-02-27T00:41:29","date_gmt":"2026-02-27T00:41:29","guid":{"rendered":"https:\/\/nordicmart.andreevmaster.com\/product\/songmics-sminkbord-med-glodlampor-svart\/"},"modified":"2026-02-27T08:29:41","modified_gmt":"2026-02-27T08:29:41","slug":"songmics-sminkbord-med-glodlampor-svart","status":"publish","type":"product","link":"https:\/\/nordicmart.andreevmaster.com\/sv\/produkt\/songmics-sminkbord-med-glodlampor-svart\/","title":{"rendered":"SONGMICS sminkbord med gl\u00f6dlampor Svart"},"content":{"rendered":"<p>Om du st\u00e5r inf\u00f6r en berg av hygienartiklar, smink, sminkborstar och andra tillbeh\u00f6r p\u00e5 morgonen \u00e4r det dags att skapa ordning! Med detta upplysta sminkbord kan du inte bara ordna alla viktiga tillbeh\u00f6r. Du f\u00e5r ocks\u00e5 en egen sk\u00f6nhetsh\u00f6rna som verkar ha h\u00e4mtats fr\u00e5n en Hollywoodfilm. Den perfekta belysningen f\u00f6r perfekt smink Gl\u00f6dlamporna f\u00f6rsk\u00f6nar inte bara den cirkelformade spegeln. De ger ocks\u00e5 tillr\u00e4ckligt med ljus n\u00e4r du sminkar dig eller vill se detaljer i ditt ansikte. Du beh\u00f6ver allts\u00e5 inte k\u00f6pa en extra kosmetikspegel eller lampa. Enkel montering Vi vill naturligtvis inte att du ska bli irriterad p\u00e5 v\u00e5ra produkter. D\u00e4rf\u00f6r vill vi g\u00f6ra monteringsprocessen s\u00e5 enkel som m\u00f6jligt f\u00f6r dig. Montera bara benen, spegeln och gl\u00f6dlamporna \u2013 klart! Produktdetaljer: &#8211; F\u00e4rg: Svart &#8211; Material: MDF (medeldensitetsfiberplatta), furu (bordsben), gummitr\u00e4 (pallben)  &#8211; Storlek bord: 80 x 40 x 130,5 cm (L x B x H) &#8211; Storlek pall: 32,5 x 32,5 x 45,5 cm (L x B x H) &#8211; Vikt: 20,1 kg Leveransomfattning: &#8211; 1 x sminkbord &#8211; 1 x spegel &#8211; 1 x pall &#8211; 11 x gl\u00f6dlampor &#8211; 1 x beh\u00e5llare med skruvar &#8211; 1 x bruksanvisning<\/p>\n","protected":false},"excerpt":{"rendered":"<p>SONGMICS sminkbord, modernt kosmetikbord, fris\u00f6rbord, 2 stora l\u00e5dor med skenor, med oval spegel, tv\u00e4ttbar pall\u00f6verdrag, vitt och naturf\u00e4rgat RDT11K, tr\u00e4<\/p>\n","protected":false},"featured_media":45752,"comment_status":"open","ping_status":"closed","template":"","meta":[],"product_brand":[],"product_cat":[33],"product_tag":[],"class_list":{"0":"post-18771","1":"product","2":"type-product","3":"status-publish","4":"has-post-thumbnail","6":"product_cat-okategoriserad","8":"first","9":"instock","10":"shipping-taxable","11":"purchasable","12":"product-type-simple"},"_links":{"self":[{"href":"https:\/\/nordicmart.andreevmaster.com\/sv\/wp-json\/wp\/v2\/product\/18771","targetHints":{"allow":["GET"]}}],"collection":[{"href":"https:\/\/nordicmart.andreevmaster.com\/sv\/wp-json\/wp\/v2\/product"}],"about":[{"href":"https:\/\/nordicmart.andreevmaster.com\/sv\/wp-json\/wp\/v2\/types\/product"}],"replies":[{"embeddable":true,"href":"https:\/\/nordicmart.andreevmaster.com\/sv\/wp-json\/wp\/v2\/comments?post=18771"}],"wp:featuredmedia":[{"embeddable":true,"href":"https:\/\/nordicmart.andreevmaster.com\/sv\/wp-json\/wp\/v2\/media\/45752"}],"wp:attachment":[{"href":"https:\/\/nordicmart.andreevmaster.com\/sv\/wp-json\/wp\/v2\/media?parent=18771"}],"wp:term":[{"taxonomy":"product_brand","embeddable":true,"href":"https:\/\/nordicmart.andreevmaster.com\/sv\/wp-json\/wp\/v2\/product_brand?post=18771"},{"taxonomy":"product_cat","embeddable":true,"href":"https:\/\/nordicmart.andreevmaster.com\/sv\/wp-json\/wp\/v2\/product_cat?post=18771"},{"taxonomy":"product_tag","embeddable":true,"href":"https:\/\/nordicmart.andreevmaster.com\/sv\/wp-json\/wp\/v2\/product_tag?post=18771"}],"curies":[{"name":"wp","href":"https:\/\/api.w.org\/{rel}","templated":true}]}}