{"id":18770,"date":"2026-02-27T00:41:28","date_gmt":"2026-02-27T00:41:28","guid":{"rendered":"https:\/\/nordicmart.andreevmaster.com\/product\/songmics-enkelt-sminkbord-svart\/"},"modified":"2026-02-27T08:29:41","modified_gmt":"2026-02-27T08:29:41","slug":"songmics-enkelt-sminkbord-svart","status":"publish","type":"product","link":"https:\/\/nordicmart.andreevmaster.com\/sv\/produkt\/songmics-enkelt-sminkbord-svart\/","title":{"rendered":"SONGMICS Enkelt sminkbord Svart"},"content":{"rendered":"<p>Produktdetaljer: F\u00e4rg: svart Material: MDF-skiva, furu, gummitr\u00e4 M\u00e5tt: 80 x 128 x 40 cm (sminkbord) 32,5 x 45,5 x 32,5 cm (pall) Vikt: 20,1 kg Leveransomfattning: 1 x sminkbord 1 x spegel 1 x pall 1 x bruksanvisning (DE, EN, IT, FR, ES)<\/p>\n","protected":false},"excerpt":{"rendered":"<p>SONGMICS sminkbord, modernt kosmetikbord, fris\u00f6rbord, 2 stora l\u00e5dor med skenor, med oval spegel, tv\u00e4ttbar pall\u00f6verdrag, vitt och naturf\u00e4rgat RDT11K, tr\u00e4<\/p>\n","protected":false},"featured_media":45751,"comment_status":"open","ping_status":"closed","template":"","meta":[],"product_brand":[],"product_cat":[33],"product_tag":[],"class_list":{"0":"post-18770","1":"product","2":"type-product","3":"status-publish","4":"has-post-thumbnail","6":"product_cat-okategoriserad","8":"first","9":"instock","10":"shipping-taxable","11":"purchasable","12":"product-type-simple"},"_links":{"self":[{"href":"https:\/\/nordicmart.andreevmaster.com\/sv\/wp-json\/wp\/v2\/product\/18770","targetHints":{"allow":["GET"]}}],"collection":[{"href":"https:\/\/nordicmart.andreevmaster.com\/sv\/wp-json\/wp\/v2\/product"}],"about":[{"href":"https:\/\/nordicmart.andreevmaster.com\/sv\/wp-json\/wp\/v2\/types\/product"}],"replies":[{"embeddable":true,"href":"https:\/\/nordicmart.andreevmaster.com\/sv\/wp-json\/wp\/v2\/comments?post=18770"}],"wp:featuredmedia":[{"embeddable":true,"href":"https:\/\/nordicmart.andreevmaster.com\/sv\/wp-json\/wp\/v2\/media\/45751"}],"wp:attachment":[{"href":"https:\/\/nordicmart.andreevmaster.com\/sv\/wp-json\/wp\/v2\/media?parent=18770"}],"wp:term":[{"taxonomy":"product_brand","embeddable":true,"href":"https:\/\/nordicmart.andreevmaster.com\/sv\/wp-json\/wp\/v2\/product_brand?post=18770"},{"taxonomy":"product_cat","embeddable":true,"href":"https:\/\/nordicmart.andreevmaster.com\/sv\/wp-json\/wp\/v2\/product_cat?post=18770"},{"taxonomy":"product_tag","embeddable":true,"href":"https:\/\/nordicmart.andreevmaster.com\/sv\/wp-json\/wp\/v2\/product_tag?post=18770"}],"curies":[{"name":"wp","href":"https:\/\/api.w.org\/{rel}","templated":true}]}}