{"id":18767,"date":"2026-02-27T00:41:28","date_gmt":"2026-02-27T00:41:28","guid":{"rendered":"https:\/\/nordicmart.andreevmaster.com\/product\/vasagle-sminkbord-med-fallbar-spegel-och-2-lador-vit\/"},"modified":"2026-02-27T08:29:41","modified_gmt":"2026-02-27T08:29:41","slug":"vasagle-sminkbord-med-fallbar-spegel-och-2-lador-vit","status":"publish","type":"product","link":"https:\/\/nordicmart.andreevmaster.com\/sv\/produkt\/vasagle-sminkbord-med-fallbar-spegel-och-2-lador-vit\/","title":{"rendered":"VASAGLE sminkbord med f\u00e4llbar spegel och 2 l\u00e5dor Vit"},"content":{"rendered":"<p>Om detta \u00e4r din nuvarande situation: Du vaknar p\u00e5 morgonen och springer i all hast fr\u00e5n rum till rum eftersom din ansiktskr\u00e4m ligger p\u00e5 vardagsrumsbordet, din foundation p\u00e5 nattduksbordet, din \u00f6gonskugga i badrummet och din h\u00e5rborste n\u00e5gon annanstans! Kanske har den hamnat bakom din s\u00e4ng&#8230; D\u00e5 kan du se fram emot detta scenario: Du vaknar p\u00e5 morgonen och s\u00e4tter dig bekv\u00e4mt vid detta sminkbord med f\u00e4llbart spegel. Kr\u00e4mer, foundation, \u00f6gonskugga, borstar och andra sk\u00f6nhetsprodukter ligger till hands i de tv\u00e5 stora l\u00e5dorna, de tre \u00f6ppna facken, p\u00e5 den upph\u00f6jda hyllan och p\u00e5 den stora bordsskivan&#8230; S\u00e5 blir din dagliga sminkrutin en barnlek och du kan sova 10 minuter l\u00e4ngre.Produktdetaljer: F\u00e4rg: Vit Material: Sp\u00e5nskiva med melaminbel\u00e4ggning Storlek: 100 x 40 x 142 cm (L x B x H) Vikt: 27,5 kg Leveransomfattning: 1 x sminkbord 1 x tillbeh\u00f6rspaket 1 x tippskydd 1 x bruksanvisning (DE, EN, FR, ES, IT) VASAGLE Anm\u00e4rkningar:Av s\u00e4kerhetssk\u00e4l f\u00e5r barn inte kl\u00e4ttra p\u00e5 eller leka med produkten. Montera produkten enligt anvisningarna. H\u00e5ll produkten borta fr\u00e5n vatten. F\u00e4st produkten p\u00e5 v\u00e4ggen med det medf\u00f6ljande tippskyddet. Lyft produkten om du vill flytta den till en annan plats. Dra den inte \u00f6ver golvet.<\/p>\n","protected":false},"excerpt":{"rendered":"<p>VASAGLE sminkbord, toalettbord med f\u00e4llbar spegel och 2 l\u00e5dor, sminkbord med 3 \u00f6ppna fack, toalettbord, f\u00f6r smink, modernt, vitt RDT115W01<\/p>\n","protected":false},"featured_media":45748,"comment_status":"open","ping_status":"closed","template":"","meta":[],"product_brand":[],"product_cat":[33],"product_tag":[],"class_list":{"0":"post-18767","1":"product","2":"type-product","3":"status-publish","4":"has-post-thumbnail","6":"product_cat-okategoriserad","8":"first","9":"instock","10":"shipping-taxable","11":"purchasable","12":"product-type-simple"},"_links":{"self":[{"href":"https:\/\/nordicmart.andreevmaster.com\/sv\/wp-json\/wp\/v2\/product\/18767","targetHints":{"allow":["GET"]}}],"collection":[{"href":"https:\/\/nordicmart.andreevmaster.com\/sv\/wp-json\/wp\/v2\/product"}],"about":[{"href":"https:\/\/nordicmart.andreevmaster.com\/sv\/wp-json\/wp\/v2\/types\/product"}],"replies":[{"embeddable":true,"href":"https:\/\/nordicmart.andreevmaster.com\/sv\/wp-json\/wp\/v2\/comments?post=18767"}],"wp:featuredmedia":[{"embeddable":true,"href":"https:\/\/nordicmart.andreevmaster.com\/sv\/wp-json\/wp\/v2\/media\/45748"}],"wp:attachment":[{"href":"https:\/\/nordicmart.andreevmaster.com\/sv\/wp-json\/wp\/v2\/media?parent=18767"}],"wp:term":[{"taxonomy":"product_brand","embeddable":true,"href":"https:\/\/nordicmart.andreevmaster.com\/sv\/wp-json\/wp\/v2\/product_brand?post=18767"},{"taxonomy":"product_cat","embeddable":true,"href":"https:\/\/nordicmart.andreevmaster.com\/sv\/wp-json\/wp\/v2\/product_cat?post=18767"},{"taxonomy":"product_tag","embeddable":true,"href":"https:\/\/nordicmart.andreevmaster.com\/sv\/wp-json\/wp\/v2\/product_tag?post=18767"}],"curies":[{"name":"wp","href":"https:\/\/api.w.org\/{rel}","templated":true}]}}