{"id":18766,"date":"2026-02-27T00:41:27","date_gmt":"2026-02-27T00:41:27","guid":{"rendered":"https:\/\/nordicmart.andreevmaster.com\/product\/vasagle-sminkbord-med-spegel-och-glodlampor\/"},"modified":"2026-02-27T08:29:40","modified_gmt":"2026-02-27T08:29:40","slug":"vasagle-sminkbord-med-spegel-och-glodlampor","status":"publish","type":"product","link":"https:\/\/nordicmart.andreevmaster.com\/sv\/produkt\/vasagle-sminkbord-med-spegel-och-glodlampor\/","title":{"rendered":"VASAGLE Sminkbord med spegel och gl\u00f6dlampor"},"content":{"rendered":"<p>Om detta \u00e4r din nuvarande situation: Du vaknar p\u00e5 morgonen och springer i all hast fr\u00e5n rum till rum eftersom din ansiktskr\u00e4m ligger p\u00e5 vardagsrumsbordet, din foundation p\u00e5 nattduksbordet, din \u00f6gonskugga i badrummet och din h\u00e5rborste n\u00e5gon annanstans! Kanske har den hamnat bakom din s\u00e4ng&#8230;D\u00e5 kan du se fram emot detta scenario: Du vaknar p\u00e5 morgonen och s\u00e4tter dig bekv\u00e4mt vid detta sminkbord med spegel, t\u00e4nder gl\u00f6dlamporna och justerar ljusstyrkan f\u00f6r att belysa ditt ansikte. Kr\u00e4mer, foundation, \u00f6gonskugga, borstar och andra sk\u00f6nhetsprodukter ligger till hands i de tv\u00e5 stora l\u00e5dorna, tre \u00f6ppna facken, p\u00e5 den upph\u00f6jda hyllan och p\u00e5 den stora bordsskivan&#8230; S\u00e5 blir din dagliga sminkrutin en barnlek och du kan sova 10 minuter l\u00e4ngre. Produktdetaljer: &#8211; F\u00e4rg: Vit &#8211; Material: Sp\u00e5nskiva med melaminbel\u00e4ggning &#8211; Storlek: 80 x 40 x 145 cm (L x B x H) &#8211; Vikt: 24,5 kg Leveransomfattning: &#8211; 1 x sminkbord &#8211; 9 x gl\u00f6dlampa (+ 1 x reservlampa) &#8211; 1 x tillbeh\u00f6rspaket &#8211; 1 x tippskydd &#8211; 1 x bruksanvisning (DE, EN, FR, ES, IT) VASAGLE Anm\u00e4rkningar:- Av s\u00e4kerhetssk\u00e4l f\u00e5r barn inte kl\u00e4ttra p\u00e5 eller leka med produkten. &#8211; Montera produkten enligt anvisningarna. &#8211; H\u00e5ll produkten borta fr\u00e5n vatten. &#8211; F\u00e4st produkten p\u00e5 v\u00e4ggen med det medf\u00f6ljande tippskyddet. &#8211; Lyft produkten om du vill flytta den. Dra den inte \u00f6ver golvet.<\/p>\n","protected":false},"excerpt":{"rendered":"<p>VASAGLE sminkbord, toalettbord med spegel och gl\u00f6dlampor, sminkbord med 2 l\u00e5dor och 3 \u00f6ppna fack, toalettkommod, f\u00f6r smink, modernt, vitt RDT114W01<\/p>\n","protected":false},"featured_media":45747,"comment_status":"open","ping_status":"closed","template":"","meta":[],"product_brand":[],"product_cat":[33],"product_tag":[],"class_list":{"0":"post-18766","1":"product","2":"type-product","3":"status-publish","4":"has-post-thumbnail","6":"product_cat-okategoriserad","8":"first","9":"instock","10":"shipping-taxable","11":"purchasable","12":"product-type-simple"},"_links":{"self":[{"href":"https:\/\/nordicmart.andreevmaster.com\/sv\/wp-json\/wp\/v2\/product\/18766","targetHints":{"allow":["GET"]}}],"collection":[{"href":"https:\/\/nordicmart.andreevmaster.com\/sv\/wp-json\/wp\/v2\/product"}],"about":[{"href":"https:\/\/nordicmart.andreevmaster.com\/sv\/wp-json\/wp\/v2\/types\/product"}],"replies":[{"embeddable":true,"href":"https:\/\/nordicmart.andreevmaster.com\/sv\/wp-json\/wp\/v2\/comments?post=18766"}],"wp:featuredmedia":[{"embeddable":true,"href":"https:\/\/nordicmart.andreevmaster.com\/sv\/wp-json\/wp\/v2\/media\/45747"}],"wp:attachment":[{"href":"https:\/\/nordicmart.andreevmaster.com\/sv\/wp-json\/wp\/v2\/media?parent=18766"}],"wp:term":[{"taxonomy":"product_brand","embeddable":true,"href":"https:\/\/nordicmart.andreevmaster.com\/sv\/wp-json\/wp\/v2\/product_brand?post=18766"},{"taxonomy":"product_cat","embeddable":true,"href":"https:\/\/nordicmart.andreevmaster.com\/sv\/wp-json\/wp\/v2\/product_cat?post=18766"},{"taxonomy":"product_tag","embeddable":true,"href":"https:\/\/nordicmart.andreevmaster.com\/sv\/wp-json\/wp\/v2\/product_tag?post=18766"}],"curies":[{"name":"wp","href":"https:\/\/api.w.org\/{rel}","templated":true}]}}