{"id":18765,"date":"2026-02-27T00:41:27","date_gmt":"2026-02-27T00:41:27","guid":{"rendered":"https:\/\/nordicmart.andreevmaster.com\/product\/vasagle-sminkbord-med-led-belysning\/"},"modified":"2026-02-27T08:29:40","modified_gmt":"2026-02-27T08:29:40","slug":"vasagle-sminkbord-med-led-belysning","status":"publish","type":"product","link":"https:\/\/nordicmart.andreevmaster.com\/sv\/produkt\/vasagle-sminkbord-med-led-belysning\/","title":{"rendered":"VASAGLE sminkbord med LED-belysning"},"content":{"rendered":"<p>VASAGLE sminkbord, toalettbord med spegel och gl\u00f6dlampor, sminkbord med 2 l\u00e5dor och 3 \u00f6ppna fack, toalettkommod, f\u00f6r smink, modernt, vitt RDT114W01<\/p>\n","protected":false},"excerpt":{"rendered":"<p>VASAGLE sminkbord, toalettbord med spegel och gl\u00f6dlampor, sminkbord med 2 l\u00e5dor och 3 \u00f6ppna fack, toalettkommod, f\u00f6r smink, modernt, vitt RDT114W01<\/p>\n","protected":false},"featured_media":45746,"comment_status":"open","ping_status":"closed","template":"","meta":[],"product_brand":[],"product_cat":[33],"product_tag":[],"class_list":{"0":"post-18765","1":"product","2":"type-product","3":"status-publish","4":"has-post-thumbnail","6":"product_cat-okategoriserad","8":"first","9":"instock","10":"shipping-taxable","11":"purchasable","12":"product-type-simple"},"_links":{"self":[{"href":"https:\/\/nordicmart.andreevmaster.com\/sv\/wp-json\/wp\/v2\/product\/18765","targetHints":{"allow":["GET"]}}],"collection":[{"href":"https:\/\/nordicmart.andreevmaster.com\/sv\/wp-json\/wp\/v2\/product"}],"about":[{"href":"https:\/\/nordicmart.andreevmaster.com\/sv\/wp-json\/wp\/v2\/types\/product"}],"replies":[{"embeddable":true,"href":"https:\/\/nordicmart.andreevmaster.com\/sv\/wp-json\/wp\/v2\/comments?post=18765"}],"wp:featuredmedia":[{"embeddable":true,"href":"https:\/\/nordicmart.andreevmaster.com\/sv\/wp-json\/wp\/v2\/media\/45746"}],"wp:attachment":[{"href":"https:\/\/nordicmart.andreevmaster.com\/sv\/wp-json\/wp\/v2\/media?parent=18765"}],"wp:term":[{"taxonomy":"product_brand","embeddable":true,"href":"https:\/\/nordicmart.andreevmaster.com\/sv\/wp-json\/wp\/v2\/product_brand?post=18765"},{"taxonomy":"product_cat","embeddable":true,"href":"https:\/\/nordicmart.andreevmaster.com\/sv\/wp-json\/wp\/v2\/product_cat?post=18765"},{"taxonomy":"product_tag","embeddable":true,"href":"https:\/\/nordicmart.andreevmaster.com\/sv\/wp-json\/wp\/v2\/product_tag?post=18765"}],"curies":[{"name":"wp","href":"https:\/\/api.w.org\/{rel}","templated":true}]}}