{"id":18764,"date":"2026-02-27T00:41:27","date_gmt":"2026-02-27T00:41:27","guid":{"rendered":"https:\/\/nordicmart.andreevmaster.com\/product\/vasagle-sminkbord-med-rektangular-spegel\/"},"modified":"2026-02-27T08:29:40","modified_gmt":"2026-02-27T08:29:40","slug":"vasagle-sminkbord-med-rektangular-spegel","status":"publish","type":"product","link":"https:\/\/nordicmart.andreevmaster.com\/sv\/produkt\/vasagle-sminkbord-med-rektangular-spegel\/","title":{"rendered":"VASAGLE sminkbord med rektangul\u00e4r spegel"},"content":{"rendered":"<p>Produktdetaljer: F\u00e4rg: Vit Material: Sp\u00e5nskiva med melaminbel\u00e4ggning Storlek: 80 x 40 x 140 cm (L x B x H) Vikt: 23,5 kg Leveransomfattning: 1 x sminkbord 1 x tillbeh\u00f6rspaket 1 x tippskydd 1 x bruksanvisning (DE, EN, FR, ES, IT) VASAGLE Anm\u00e4rkningar:Av s\u00e4kerhetssk\u00e4l f\u00e5r barn inte kl\u00e4ttra p\u00e5 eller leka med produkten. Montera produkten enligt anvisningarna. H\u00e5ll produkten borta fr\u00e5n vatten. F\u00e4st produkten p\u00e5 v\u00e4ggen med det medf\u00f6ljande tippskyddet. Lyft produkten om du vill flytta den till en annan plats. Dra den inte \u00f6ver golvet.<\/p>\n","protected":false},"excerpt":{"rendered":"<p>VASAGLE sminkbord, toalettbord med rektangul\u00e4r spegel och 2 l\u00e5dor, sminkbord med 3 \u00f6ppna fack, toalettbord, f\u00f6r smink, modernt, vitt RDT113W01<\/p>\n","protected":false},"featured_media":45745,"comment_status":"open","ping_status":"closed","template":"","meta":[],"product_brand":[],"product_cat":[33],"product_tag":[],"class_list":{"0":"post-18764","1":"product","2":"type-product","3":"status-publish","4":"has-post-thumbnail","6":"product_cat-okategoriserad","8":"first","9":"instock","10":"shipping-taxable","11":"purchasable","12":"product-type-simple"},"_links":{"self":[{"href":"https:\/\/nordicmart.andreevmaster.com\/sv\/wp-json\/wp\/v2\/product\/18764","targetHints":{"allow":["GET"]}}],"collection":[{"href":"https:\/\/nordicmart.andreevmaster.com\/sv\/wp-json\/wp\/v2\/product"}],"about":[{"href":"https:\/\/nordicmart.andreevmaster.com\/sv\/wp-json\/wp\/v2\/types\/product"}],"replies":[{"embeddable":true,"href":"https:\/\/nordicmart.andreevmaster.com\/sv\/wp-json\/wp\/v2\/comments?post=18764"}],"wp:featuredmedia":[{"embeddable":true,"href":"https:\/\/nordicmart.andreevmaster.com\/sv\/wp-json\/wp\/v2\/media\/45745"}],"wp:attachment":[{"href":"https:\/\/nordicmart.andreevmaster.com\/sv\/wp-json\/wp\/v2\/media?parent=18764"}],"wp:term":[{"taxonomy":"product_brand","embeddable":true,"href":"https:\/\/nordicmart.andreevmaster.com\/sv\/wp-json\/wp\/v2\/product_brand?post=18764"},{"taxonomy":"product_cat","embeddable":true,"href":"https:\/\/nordicmart.andreevmaster.com\/sv\/wp-json\/wp\/v2\/product_cat?post=18764"},{"taxonomy":"product_tag","embeddable":true,"href":"https:\/\/nordicmart.andreevmaster.com\/sv\/wp-json\/wp\/v2\/product_tag?post=18764"}],"curies":[{"name":"wp","href":"https:\/\/api.w.org\/{rel}","templated":true}]}}