{"id":18763,"date":"2026-02-27T00:41:26","date_gmt":"2026-02-27T00:41:26","guid":{"rendered":"https:\/\/nordicmart.andreevmaster.com\/product\/romantisk-toalettbord\/"},"modified":"2026-02-27T08:29:39","modified_gmt":"2026-02-27T08:29:39","slug":"romantisk-toalettbord","status":"publish","type":"product","link":"https:\/\/nordicmart.andreevmaster.com\/sv\/produkt\/romantisk-toalettbord\/","title":{"rendered":"Romantisk toalettbord"},"content":{"rendered":"<p>Vi pr\u00e6senterer dig for et &#8221;Queen Rose&#8221; toiletbord af h\u00f8j kvalitet i hvid til en uovertruffen pris! Den hvide lakfinish giver toiletbordet et ekstra moderne og elegant look!  Produktdetaljer:- M\u00e5tt: 90 x 145 x 40 cm (B x H x D)- F\u00e4rg: vit- M\u00e5tt p\u00e5 bordsskiva: 90 x 40 cm- Spegelm\u00e5tt: 54 x 38 cm (B x H)- Pallen m\u00e5tt: 37 x 45 x 28 cm (B x H x D)- M\u00e5tt p\u00e5 liten l\u00e5da: 16 x 6 x 7 cm (B x H x D)- M\u00e5tt p\u00e5 medelstor l\u00e5da: 25 x 6,2 x 25 cm (B x H x D)- M\u00e5tt p\u00e5 stor l\u00e5da: 25 x 6,2 x 14 cm (B x H x D) &#8211; Material: tr\u00e4fiberplatta (MDF klass E1) + tr\u00e4 Anm\u00e4rkning: &#8211; F\u00f6r att undvika att pallen v\u00e4lter f\u00e5r du inte sitta p\u00e5 stolens kant. Skaka inte pallen och l\u00e5t dig inte falla ner p\u00e5 den. N\u00e4r du sitter ska hela sitsen vara upptagen och alla fyra benen ska alltid vara p\u00e5 golvet. &#8211; Anv\u00e4nd inte en batteridriven skruvdragare f\u00f6r montering, utan den medf\u00f6ljande insexnyckeln. &#8211; Undvik generellt all kontakt mellan ytan och vassa eller spetsiga f\u00f6rem\u00e5l f\u00f6r att f\u00f6rhindra repor. &#8211; F\u00f6lj underh\u00e5llsinstruktionerna innan du utf\u00f6r service p\u00e5 bordet.  &#8211; F\u00f6r att undvika att de f\u00f6rborrade g\u00e4ngorna i benen skadas och att skruvarna sitter snett, f\u00e5r du endast skruva i skruvarna n\u00e4r du monterar benen, efter att alla borrh\u00e5l har justerats. &#8211; F\u00f6rs\u00f6k inte montera bordet med v\u00e5ld. Det kommer att skada produkten.  Om du har problem, v\u00e4nligen kontakta v\u00e5r kundtj\u00e4nst.  Leveransomfattning: &#8211; 1 x sminkbord &#8211; 1 x pall &#8211; 1 x p\u00e5se med tillbeh\u00f6r (i den lilla l\u00e5dan p\u00e5 bordsskivan) &#8211; 1 x bruksanvisning (DE, EN, FR, IT, ES)<\/p>\n","protected":false},"excerpt":{"rendered":"<p>Vi pr\u00e6senterer dig for et &#8221;Queen Rose&#8221; toiletbord af h\u00f8j kvalitet i hvid til en uovertruffen pris! Den hvide lakfinish giver toiletbordet et ekstra moderne og elegant look! Produktdetaljer:- M\u00e5tt: 90 x 145 x 40 cm (B x H x D)- F\u00e4rg: vit- M\u00e5tt p\u00e5 bordsskiva: 90 x 40 cm- Spegelm\u00e5tt: 54 x 38 cm [&hellip;]<\/p>\n","protected":false},"featured_media":0,"comment_status":"open","ping_status":"closed","template":"","meta":[],"product_brand":[],"product_cat":[33],"product_tag":[],"class_list":{"0":"post-18763","1":"product","2":"type-product","3":"status-publish","5":"product_cat-okategoriserad","7":"first","8":"instock","9":"shipping-taxable","10":"purchasable","11":"product-type-simple"},"_links":{"self":[{"href":"https:\/\/nordicmart.andreevmaster.com\/sv\/wp-json\/wp\/v2\/product\/18763","targetHints":{"allow":["GET"]}}],"collection":[{"href":"https:\/\/nordicmart.andreevmaster.com\/sv\/wp-json\/wp\/v2\/product"}],"about":[{"href":"https:\/\/nordicmart.andreevmaster.com\/sv\/wp-json\/wp\/v2\/types\/product"}],"replies":[{"embeddable":true,"href":"https:\/\/nordicmart.andreevmaster.com\/sv\/wp-json\/wp\/v2\/comments?post=18763"}],"wp:attachment":[{"href":"https:\/\/nordicmart.andreevmaster.com\/sv\/wp-json\/wp\/v2\/media?parent=18763"}],"wp:term":[{"taxonomy":"product_brand","embeddable":true,"href":"https:\/\/nordicmart.andreevmaster.com\/sv\/wp-json\/wp\/v2\/product_brand?post=18763"},{"taxonomy":"product_cat","embeddable":true,"href":"https:\/\/nordicmart.andreevmaster.com\/sv\/wp-json\/wp\/v2\/product_cat?post=18763"},{"taxonomy":"product_tag","embeddable":true,"href":"https:\/\/nordicmart.andreevmaster.com\/sv\/wp-json\/wp\/v2\/product_tag?post=18763"}],"curies":[{"name":"wp","href":"https:\/\/api.w.org\/{rel}","templated":true}]}}