{"id":18762,"date":"2026-02-27T00:41:26","date_gmt":"2026-02-27T00:41:26","guid":{"rendered":"https:\/\/nordicmart.andreevmaster.com\/product\/vasagle-enkel-sminkbord-sekretar\/"},"modified":"2026-02-27T08:29:39","modified_gmt":"2026-02-27T08:29:39","slug":"vasagle-enkel-sminkbord-sekretar","status":"publish","type":"product","link":"https:\/\/nordicmart.andreevmaster.com\/sv\/produkt\/vasagle-enkel-sminkbord-sekretar\/","title":{"rendered":"VASAGLE Enkel sminkbord\/sekret\u00e4r"},"content":{"rendered":"<p>Din sminkplats f\u00e5r s\u00e4llskap Letar du fortfarande efter ett unikt och i\u00f6gonfallande sminkbord? D\u00e5 \u00e4r din s\u00f6kning \u00f6ver! Detta sminkbord fr\u00e5n SONGMICS imponerar med sin praktiska funktionalitet och eleganta utseende. Du f\u00f6rtj\u00e4nar n\u00e5got b\u00e4ttre J\u00e4mf\u00f6rt med bord av s\u00e4mre kvalitet som g\u00e5r s\u00f6nder p\u00e5 mindre \u00e4n tv\u00e5 \u00e5r kommer v\u00e5rt premium-sminkbord att st\u00e5 i ditt hem i m\u00e5nga \u00e5r. Detta s\u00e4kerst\u00e4lls framf\u00f6r allt av benen i gummitr\u00e4 och de h\u00f6gkvalitativa tr\u00e4fiberplattorna. Genomt\u00e4nkta detaljer f\u00f6r din komfort Tack vare de h\u00f6gkvalitativa g\u00e5ngj\u00e4rnen kan locket h\u00e5llas \u00f6ppet i valfri vinkel utan att du beh\u00f6ver anv\u00e4nda h\u00e4nderna. F\u00f6r enkel \u00e5tkomst till f\u00f6rem\u00e5len som f\u00f6rvaras i facket kan dessutom plattan p\u00e5 framsidan f\u00e4llas ner. Tveka inte och klicka p\u00e5 &#8221;L\u00e4gg i varukorgen&#8221; nu! Produktdetaljer: &#8211; F\u00e4rg: vit &#8211; Material: MDF-skivor (P2-klass), gummitr\u00e4 &#8211; M\u00e5tt bord: 92 x 78 x 45,5 cm (B x H x D) &#8211; M\u00e5tt pall: 40 x 44 x 29,5 cm (B x H x D) &#8211; Vikt: 21,5 kg Leveransomfattning: &#8211; 1 x sminkbord &#8211; 1 x pall &#8211; 1 x tillbeh\u00f6rsp\u00e5se &#8211; 1 x bruksanvisning (DE, EN, FR, ES, IT)<\/p>\n","protected":false},"excerpt":{"rendered":"<p>VASAGLE Modernt sminkbord med uppf\u00e4llbar spegel, toalettbord med ben i massivt tr\u00e4, avtagbar f\u00f6rvaringsl\u00e5da, pall och 1 l\u00e5da, f\u00f6r sovrum, garderob, vit RDT103WT<\/p>\n","protected":false},"featured_media":45744,"comment_status":"open","ping_status":"closed","template":"","meta":[],"product_brand":[],"product_cat":[33],"product_tag":[],"class_list":{"0":"post-18762","1":"product","2":"type-product","3":"status-publish","4":"has-post-thumbnail","6":"product_cat-okategoriserad","8":"first","9":"instock","10":"shipping-taxable","11":"purchasable","12":"product-type-simple"},"_links":{"self":[{"href":"https:\/\/nordicmart.andreevmaster.com\/sv\/wp-json\/wp\/v2\/product\/18762","targetHints":{"allow":["GET"]}}],"collection":[{"href":"https:\/\/nordicmart.andreevmaster.com\/sv\/wp-json\/wp\/v2\/product"}],"about":[{"href":"https:\/\/nordicmart.andreevmaster.com\/sv\/wp-json\/wp\/v2\/types\/product"}],"replies":[{"embeddable":true,"href":"https:\/\/nordicmart.andreevmaster.com\/sv\/wp-json\/wp\/v2\/comments?post=18762"}],"wp:featuredmedia":[{"embeddable":true,"href":"https:\/\/nordicmart.andreevmaster.com\/sv\/wp-json\/wp\/v2\/media\/45744"}],"wp:attachment":[{"href":"https:\/\/nordicmart.andreevmaster.com\/sv\/wp-json\/wp\/v2\/media?parent=18762"}],"wp:term":[{"taxonomy":"product_brand","embeddable":true,"href":"https:\/\/nordicmart.andreevmaster.com\/sv\/wp-json\/wp\/v2\/product_brand?post=18762"},{"taxonomy":"product_cat","embeddable":true,"href":"https:\/\/nordicmart.andreevmaster.com\/sv\/wp-json\/wp\/v2\/product_cat?post=18762"},{"taxonomy":"product_tag","embeddable":true,"href":"https:\/\/nordicmart.andreevmaster.com\/sv\/wp-json\/wp\/v2\/product_tag?post=18762"}],"curies":[{"name":"wp","href":"https:\/\/api.w.org\/{rel}","templated":true}]}}