{"id":18761,"date":"2026-02-27T00:41:26","date_gmt":"2026-02-27T00:41:26","guid":{"rendered":"https:\/\/nordicmart.andreevmaster.com\/product\/vasagle-sminkbord-med-spegel-och-2-lador-vitt\/"},"modified":"2026-02-27T08:29:39","modified_gmt":"2026-02-27T08:29:39","slug":"vasagle-sminkbord-med-spegel-och-2-lador-vitt","status":"publish","type":"product","link":"https:\/\/nordicmart.andreevmaster.com\/sv\/produkt\/vasagle-sminkbord-med-spegel-och-2-lador-vitt\/","title":{"rendered":"VASAGLE sminkbord med spegel och 2 l\u00e5dor, vitt"},"content":{"rendered":"<p>VASAGLE Sminkbord med stor spegel, toalettbord, 2 l\u00e5dor, 3 \u00f6ppna fack, sminkbord, modernt, pastellrosa RDT103R01<br \/>\nProduktm\u00e5tt: 40 x 60 x 127 cm; 17,7 kg<br \/>\nProduktvikt: 17,7 kg<br \/>\nBatterier kr\u00e4vs: Nej<\/p>\n","protected":false},"excerpt":{"rendered":"<p>VASAGLE Sminkbord med stor spegel, toalettbord, 2 l\u00e5dor, 3 \u00f6ppna fack, sminkbord, modernt, pastellrosa RDT103R01<\/p>\n","protected":false},"featured_media":45743,"comment_status":"open","ping_status":"closed","template":"","meta":[],"product_brand":[],"product_cat":[33],"product_tag":[],"class_list":{"0":"post-18761","1":"product","2":"type-product","3":"status-publish","4":"has-post-thumbnail","6":"product_cat-okategoriserad","8":"first","9":"instock","10":"shipping-taxable","11":"purchasable","12":"product-type-simple"},"_links":{"self":[{"href":"https:\/\/nordicmart.andreevmaster.com\/sv\/wp-json\/wp\/v2\/product\/18761","targetHints":{"allow":["GET"]}}],"collection":[{"href":"https:\/\/nordicmart.andreevmaster.com\/sv\/wp-json\/wp\/v2\/product"}],"about":[{"href":"https:\/\/nordicmart.andreevmaster.com\/sv\/wp-json\/wp\/v2\/types\/product"}],"replies":[{"embeddable":true,"href":"https:\/\/nordicmart.andreevmaster.com\/sv\/wp-json\/wp\/v2\/comments?post=18761"}],"wp:featuredmedia":[{"embeddable":true,"href":"https:\/\/nordicmart.andreevmaster.com\/sv\/wp-json\/wp\/v2\/media\/45743"}],"wp:attachment":[{"href":"https:\/\/nordicmart.andreevmaster.com\/sv\/wp-json\/wp\/v2\/media?parent=18761"}],"wp:term":[{"taxonomy":"product_brand","embeddable":true,"href":"https:\/\/nordicmart.andreevmaster.com\/sv\/wp-json\/wp\/v2\/product_brand?post=18761"},{"taxonomy":"product_cat","embeddable":true,"href":"https:\/\/nordicmart.andreevmaster.com\/sv\/wp-json\/wp\/v2\/product_cat?post=18761"},{"taxonomy":"product_tag","embeddable":true,"href":"https:\/\/nordicmart.andreevmaster.com\/sv\/wp-json\/wp\/v2\/product_tag?post=18761"}],"curies":[{"name":"wp","href":"https:\/\/api.w.org\/{rel}","templated":true}]}}