{"id":18759,"date":"2026-02-27T00:41:25","date_gmt":"2026-02-27T00:41:25","guid":{"rendered":"https:\/\/nordicmart.andreevmaster.com\/product\/songmics-litet-sminkbord-med-vridbar-spegel\/"},"modified":"2026-02-27T08:29:39","modified_gmt":"2026-02-27T08:29:39","slug":"songmics-litet-sminkbord-med-vridbar-spegel","status":"publish","type":"product","link":"https:\/\/nordicmart.andreevmaster.com\/sv\/produkt\/songmics-litet-sminkbord-med-vridbar-spegel\/","title":{"rendered":"SONGMICS Litet sminkbord med vridbar spegel"},"content":{"rendered":"<p>Vi presenterar ett sminkbord till ett oslagbart pris! Den vackra lackeringen ger spegelkommoden ett modernt och elegant utseende! Produktdetaljer: M\u00e5tt: 80 x 140 x 40 cm (B x H x D) M\u00e5tt bordsskiva: 80 x 40 cm M\u00e5tt spegel: 54,5 x 38 cm (H x B) M\u00e5tt pall: 37 x 45 x 28 cm (B x H x D) Innerm\u00e5tt l\u00e5da p\u00e5 \u00f6verdelen: 17,5 x 5,5 x 7,5 cm (B x H x D) Innerm\u00e5tt mellersta l\u00e5da p\u00e5 bordet: 20 x 5,5 x 25 cm (B x H x D)Inre m\u00e5tt p\u00e5 sidol\u00e5dan i bordet: 12,5 x 7,5 x 25 cm (B x H x D)Material: Tr\u00e4fiberplatta (MDF klass E1) + tr\u00e4 Obs! &#8211; F\u00f6r att undvika att pallen v\u00e4lter, sitt inte p\u00e5 stolens kant. Skaka inte p\u00e5 pallen och l\u00e5t dig inte bara falla ner p\u00e5 den. N\u00e4r du sitter ska du anv\u00e4nda hela sittytan och alla fyra benen ska alltid vara p\u00e5 golvet. &#8211; Anv\u00e4nd inte en akku-skruvdragare f\u00f6r montering, utan den medf\u00f6ljande inbussnyckeln. &#8211; Undvik generellt all kontakt mellan ytan och vassa eller spetsiga f\u00f6rem\u00e5l f\u00f6r att undvika repor. &#8211; F\u00f6lj underh\u00e5llsinstruktionerna innan du underh\u00e5ller bordet.  &#8211; F\u00f6r att de f\u00f6rborrade g\u00e4ngorna i benen inte ska skadas och skruvarna inte ska sitta snett, ska du f\u00f6rst skruva i skruvarna n\u00e4r du monterar benen, efter att alla borrh\u00e5l har anpassats till varandra. &#8211; F\u00f6rs\u00f6k inte montera bordet med v\u00e5ld. Detta skadar produkten.  Vid problem, v\u00e4nligen kontakta v\u00e5r kundtj\u00e4nst.  Leveransomfattning: 1 x sminkbord 1 x pall 1 x beslagsp\u00e5se (i den lilla l\u00e5dan) 2 x underh\u00e5llare 1 x instruktioner (tyska, engelska, franska, italienska, spanska)<\/p>\n","protected":false},"excerpt":{"rendered":"<p>SONGMICS sminkbord med 5 l\u00e5dor (inkl. 2 avdelare), toalettbord med spegel och pall, sminkbord med tippskydd, vitt, RDT09W<\/p>\n","protected":false},"featured_media":45741,"comment_status":"open","ping_status":"closed","template":"","meta":[],"product_brand":[],"product_cat":[33],"product_tag":[],"class_list":{"0":"post-18759","1":"product","2":"type-product","3":"status-publish","4":"has-post-thumbnail","6":"product_cat-okategoriserad","8":"first","9":"instock","10":"shipping-taxable","11":"purchasable","12":"product-type-simple"},"_links":{"self":[{"href":"https:\/\/nordicmart.andreevmaster.com\/sv\/wp-json\/wp\/v2\/product\/18759","targetHints":{"allow":["GET"]}}],"collection":[{"href":"https:\/\/nordicmart.andreevmaster.com\/sv\/wp-json\/wp\/v2\/product"}],"about":[{"href":"https:\/\/nordicmart.andreevmaster.com\/sv\/wp-json\/wp\/v2\/types\/product"}],"replies":[{"embeddable":true,"href":"https:\/\/nordicmart.andreevmaster.com\/sv\/wp-json\/wp\/v2\/comments?post=18759"}],"wp:featuredmedia":[{"embeddable":true,"href":"https:\/\/nordicmart.andreevmaster.com\/sv\/wp-json\/wp\/v2\/media\/45741"}],"wp:attachment":[{"href":"https:\/\/nordicmart.andreevmaster.com\/sv\/wp-json\/wp\/v2\/media?parent=18759"}],"wp:term":[{"taxonomy":"product_brand","embeddable":true,"href":"https:\/\/nordicmart.andreevmaster.com\/sv\/wp-json\/wp\/v2\/product_brand?post=18759"},{"taxonomy":"product_cat","embeddable":true,"href":"https:\/\/nordicmart.andreevmaster.com\/sv\/wp-json\/wp\/v2\/product_cat?post=18759"},{"taxonomy":"product_tag","embeddable":true,"href":"https:\/\/nordicmart.andreevmaster.com\/sv\/wp-json\/wp\/v2\/product_tag?post=18759"}],"curies":[{"name":"wp","href":"https:\/\/api.w.org\/{rel}","templated":true}]}}