{"id":18758,"date":"2026-02-27T00:41:25","date_gmt":"2026-02-27T00:41:25","guid":{"rendered":"https:\/\/nordicmart.andreevmaster.com\/product\/songmics-toalettbord-med-fallbar-spegel-och-pall\/"},"modified":"2026-02-27T08:29:38","modified_gmt":"2026-02-27T08:29:38","slug":"songmics-toalettbord-med-fallbar-spegel-och-pall","status":"publish","type":"product","link":"https:\/\/nordicmart.andreevmaster.com\/sv\/produkt\/songmics-toalettbord-med-fallbar-spegel-och-pall\/","title":{"rendered":"SONGMICS toalettbord med f\u00e4llbar spegel och pall"},"content":{"rendered":"<p>Produktdetaljer: M\u00e5tt: 90 x 145 x 40 cm (B x H x D) M\u00e5tt bordsskiva: 90 x 40 cm M\u00e5tt spegel: 60 x 71 cm (H x B) M\u00e5tt pall: 37 x 45 x 28 cm (B x H x D) Innerm\u00e5tt liten l\u00e5da: 16,5 x 6 x 6 cm (B x H x D) Innerm\u00e5tt stor l\u00e5da: 28 x 6 x 28 cm (B x H x D) Material: tr\u00e4fiberplatta (MDF klass E1) + tr\u00e4 Leveransomfattning: 1 x sminkbord 1 x pall 1 x beslagsp\u00e5se (i den lilla l\u00e5dan) 1 x bruksanvisning (tyska, engelska, franska, italienska, spanska)<\/p>\n","protected":false},"excerpt":{"rendered":"<p>SONGMICS sminkbord, toalettbord med 3 speglar och pall, 4 l\u00e5dor, med pall, romantiskt, vitt RDT07W<\/p>\n","protected":false},"featured_media":45740,"comment_status":"open","ping_status":"closed","template":"","meta":[],"product_brand":[],"product_cat":[33],"product_tag":[],"class_list":{"0":"post-18758","1":"product","2":"type-product","3":"status-publish","4":"has-post-thumbnail","6":"product_cat-okategoriserad","8":"first","9":"instock","10":"shipping-taxable","11":"purchasable","12":"product-type-simple"},"_links":{"self":[{"href":"https:\/\/nordicmart.andreevmaster.com\/sv\/wp-json\/wp\/v2\/product\/18758","targetHints":{"allow":["GET"]}}],"collection":[{"href":"https:\/\/nordicmart.andreevmaster.com\/sv\/wp-json\/wp\/v2\/product"}],"about":[{"href":"https:\/\/nordicmart.andreevmaster.com\/sv\/wp-json\/wp\/v2\/types\/product"}],"replies":[{"embeddable":true,"href":"https:\/\/nordicmart.andreevmaster.com\/sv\/wp-json\/wp\/v2\/comments?post=18758"}],"wp:featuredmedia":[{"embeddable":true,"href":"https:\/\/nordicmart.andreevmaster.com\/sv\/wp-json\/wp\/v2\/media\/45740"}],"wp:attachment":[{"href":"https:\/\/nordicmart.andreevmaster.com\/sv\/wp-json\/wp\/v2\/media?parent=18758"}],"wp:term":[{"taxonomy":"product_brand","embeddable":true,"href":"https:\/\/nordicmart.andreevmaster.com\/sv\/wp-json\/wp\/v2\/product_brand?post=18758"},{"taxonomy":"product_cat","embeddable":true,"href":"https:\/\/nordicmart.andreevmaster.com\/sv\/wp-json\/wp\/v2\/product_cat?post=18758"},{"taxonomy":"product_tag","embeddable":true,"href":"https:\/\/nordicmart.andreevmaster.com\/sv\/wp-json\/wp\/v2\/product_tag?post=18758"}],"curies":[{"name":"wp","href":"https:\/\/api.w.org\/{rel}","templated":true}]}}