{"id":18757,"date":"2026-02-27T00:41:25","date_gmt":"2026-02-27T00:41:25","guid":{"rendered":"https:\/\/nordicmart.andreevmaster.com\/product\/songmics-sminkbord-med-spegel-och-pall-vitt\/"},"modified":"2026-02-27T08:29:38","modified_gmt":"2026-02-27T08:29:38","slug":"songmics-sminkbord-med-spegel-och-pall-vitt","status":"publish","type":"product","link":"https:\/\/nordicmart.andreevmaster.com\/sv\/produkt\/songmics-sminkbord-med-spegel-och-pall-vitt\/","title":{"rendered":"SONGMICS sminkbord med spegel och pall, vitt"},"content":{"rendered":"<p>Produktdetaljer: F\u00e4rg: mattvit M\u00e5tt: 75 x 139 x 40 cm (B x H x D) M\u00e5tt bordsskiva: 75 x 40 cm M\u00e5tt spegel: 54 x 38 cm (B x H) M\u00e5tt pall: 37 x 45 x 28 cm (B x H x D) M\u00e5tt liten l\u00e5da: 12,5 x 5,5 x 5,5 cm (BxDxH) M\u00e5tt stor l\u00e5da: 25 x 20 x 7 cm (BxDxH) Material: Massivt tr\u00e4 + MDF (medeldensitetsfiberplatta) klass E1Leveransomfattning:1 x sminkbord1 x pall1 x monteringsanvisning (DE, FR, EN, ES, IT)<\/p>\n","protected":false},"excerpt":{"rendered":"<p>SONGMICS sminkbord med spegel och pall, 4 l\u00e5dor inkl. 2 avdelare, tippskydd, vitt RDT04W<\/p>\n","protected":false},"featured_media":45739,"comment_status":"open","ping_status":"closed","template":"","meta":[],"product_brand":[],"product_cat":[33],"product_tag":[],"class_list":{"0":"post-18757","1":"product","2":"type-product","3":"status-publish","4":"has-post-thumbnail","6":"product_cat-okategoriserad","8":"first","9":"instock","10":"shipping-taxable","11":"purchasable","12":"product-type-simple"},"_links":{"self":[{"href":"https:\/\/nordicmart.andreevmaster.com\/sv\/wp-json\/wp\/v2\/product\/18757","targetHints":{"allow":["GET"]}}],"collection":[{"href":"https:\/\/nordicmart.andreevmaster.com\/sv\/wp-json\/wp\/v2\/product"}],"about":[{"href":"https:\/\/nordicmart.andreevmaster.com\/sv\/wp-json\/wp\/v2\/types\/product"}],"replies":[{"embeddable":true,"href":"https:\/\/nordicmart.andreevmaster.com\/sv\/wp-json\/wp\/v2\/comments?post=18757"}],"wp:featuredmedia":[{"embeddable":true,"href":"https:\/\/nordicmart.andreevmaster.com\/sv\/wp-json\/wp\/v2\/media\/45739"}],"wp:attachment":[{"href":"https:\/\/nordicmart.andreevmaster.com\/sv\/wp-json\/wp\/v2\/media?parent=18757"}],"wp:term":[{"taxonomy":"product_brand","embeddable":true,"href":"https:\/\/nordicmart.andreevmaster.com\/sv\/wp-json\/wp\/v2\/product_brand?post=18757"},{"taxonomy":"product_cat","embeddable":true,"href":"https:\/\/nordicmart.andreevmaster.com\/sv\/wp-json\/wp\/v2\/product_cat?post=18757"},{"taxonomy":"product_tag","embeddable":true,"href":"https:\/\/nordicmart.andreevmaster.com\/sv\/wp-json\/wp\/v2\/product_tag?post=18757"}],"curies":[{"name":"wp","href":"https:\/\/api.w.org\/{rel}","templated":true}]}}