{"id":18756,"date":"2026-02-27T00:41:24","date_gmt":"2026-02-27T00:41:24","guid":{"rendered":"https:\/\/nordicmart.andreevmaster.com\/product\/songmics-sminkbord-med-2-stora-lador\/"},"modified":"2026-02-27T08:29:38","modified_gmt":"2026-02-27T08:29:38","slug":"songmics-sminkbord-med-2-stora-lador","status":"publish","type":"product","link":"https:\/\/nordicmart.andreevmaster.com\/sv\/produkt\/songmics-sminkbord-med-2-stora-lador\/","title":{"rendered":"SONGMICS sminkbord med 2 stora l\u00e5dor"},"content":{"rendered":"<p>Enkel montering En flerspr\u00e5kig monteringsanvisning hj\u00e4lper dig att montera ditt nya sminkbord p\u00e5 15\u201320 minuter. De stora l\u00e5dorna levereras f\u00e4rdiga utan montering, du beh\u00f6ver bara montera spegeln, bordsbenen och pallbenen. S\u00e4ker och stabil Sminkbordets mekaniska s\u00e4kerhet har testats av T\u00dcV Rheinland enligt EN 12520: 2015, EN 1022:2005 och EN 1728:2012. Testrapport nr: 50090112\/SHF\/01-01; Kl\u00e4dseln av flamskyddat skumplast har klarat flamtestet hos T\u00dcV Rheinland, testrapport nr: 0154237535a001. Dessutom erbjuder vi ett tippskydd till v\u00e5rt sminkbord som ger \u00f6kad s\u00e4kerhet. Produktdetaljer: &#8211; F\u00e4rg: vit &#8211; Material: MDF-skiva, gummitr\u00e4, furu &#8211; M\u00e5tt p\u00e5 sminkbordet: 80 x 137,5 x 40 cm (B x H x D) &#8211; M\u00e5tt p\u00e5 pall: 40,5 x 50 x 30,5 cm (B x H x D) &#8211; Max. belastning p\u00e5 pall: 130 kg &#8211; Vikt: 19,0 kg Leveransomfattning:- 1 x sminkbord &#8211; 1 x pall &#8211; 1 x sminkf\u00f6rvaring &#8211; 1 x bruksanvisning (DE, EN, IT, FR, ES) SONGMICS Anm\u00e4rkningar: -Undvik att uts\u00e4tta sminkbordet f\u00f6r direkt solljus -Undvik att sminkbordet kommer i kontakt med vassa f\u00f6rem\u00e5l och aggressiva l\u00f6sningsmedel s\u00e5 att det inte repas eller skadas.<\/p>\n","protected":false},"excerpt":{"rendered":"<p>SONGMICS sminkbord, 2 stora l\u00e5dor med skenor, avtagbar sminkorganiserare f\u00f6r penslar och nagellack, med spegel och pall, vit RDT012WT<\/p>\n","protected":false},"featured_media":45738,"comment_status":"open","ping_status":"closed","template":"","meta":[],"product_brand":[],"product_cat":[33],"product_tag":[],"class_list":{"0":"post-18756","1":"product","2":"type-product","3":"status-publish","4":"has-post-thumbnail","6":"product_cat-okategoriserad","8":"first","9":"instock","10":"shipping-taxable","11":"purchasable","12":"product-type-simple"},"_links":{"self":[{"href":"https:\/\/nordicmart.andreevmaster.com\/sv\/wp-json\/wp\/v2\/product\/18756","targetHints":{"allow":["GET"]}}],"collection":[{"href":"https:\/\/nordicmart.andreevmaster.com\/sv\/wp-json\/wp\/v2\/product"}],"about":[{"href":"https:\/\/nordicmart.andreevmaster.com\/sv\/wp-json\/wp\/v2\/types\/product"}],"replies":[{"embeddable":true,"href":"https:\/\/nordicmart.andreevmaster.com\/sv\/wp-json\/wp\/v2\/comments?post=18756"}],"wp:featuredmedia":[{"embeddable":true,"href":"https:\/\/nordicmart.andreevmaster.com\/sv\/wp-json\/wp\/v2\/media\/45738"}],"wp:attachment":[{"href":"https:\/\/nordicmart.andreevmaster.com\/sv\/wp-json\/wp\/v2\/media?parent=18756"}],"wp:term":[{"taxonomy":"product_brand","embeddable":true,"href":"https:\/\/nordicmart.andreevmaster.com\/sv\/wp-json\/wp\/v2\/product_brand?post=18756"},{"taxonomy":"product_cat","embeddable":true,"href":"https:\/\/nordicmart.andreevmaster.com\/sv\/wp-json\/wp\/v2\/product_cat?post=18756"},{"taxonomy":"product_tag","embeddable":true,"href":"https:\/\/nordicmart.andreevmaster.com\/sv\/wp-json\/wp\/v2\/product_tag?post=18756"}],"curies":[{"name":"wp","href":"https:\/\/api.w.org\/{rel}","templated":true}]}}