{"id":18755,"date":"2026-02-27T00:41:24","date_gmt":"2026-02-27T00:41:24","guid":{"rendered":"https:\/\/nordicmart.andreevmaster.com\/product\/songmics-sminkbord-med-oval-spegel\/"},"modified":"2026-02-27T08:29:38","modified_gmt":"2026-02-27T08:29:38","slug":"songmics-sminkbord-med-oval-spegel","status":"publish","type":"product","link":"https:\/\/nordicmart.andreevmaster.com\/sv\/produkt\/songmics-sminkbord-med-oval-spegel\/","title":{"rendered":"SONGMICS sminkbord med oval spegel"},"content":{"rendered":"<p>Vi presenterar ett h\u00f6gkvalitativt sminkbord till ett oslagbart pris!  Det ser verkligen ut som ett prinsessbord som man k\u00e4nner igen fr\u00e5n sagorna.  Observera:  &#8211; F\u00f6r att undvika att pallen v\u00e4lter, sitt inte p\u00e5 stolskanten. Skaka inte p\u00e5 pallen och l\u00e5t dig inte bara falla ner p\u00e5 den. N\u00e4r du sitter ska du anv\u00e4nda hela sittytan och alla fyra benen ska alltid vara p\u00e5 golvet. &#8211; Anv\u00e4nd inte en akku-skruvdragare f\u00f6r montering, utan den medf\u00f6ljande inbussnyckeln. &#8211; Undvik generellt all kontakt mellan ytan och vassa eller spetsiga f\u00f6rem\u00e5l f\u00f6r att undvika repor. &#8211; F\u00f6lj underh\u00e5llsinstruktionerna innan du underh\u00e5ller bordet.  &#8211; F\u00f6r att de f\u00f6rborrade g\u00e4ngorna i benen inte ska skadas och skruvarna inte ska sitta snett, ska du f\u00f6rst skruva i skruvarna n\u00e4r du monterar benen, efter att alla borrh\u00e5l har anpassats till varandra. &#8211; F\u00f6rs\u00f6k inte montera bordet med v\u00e5ld. Detta skadar produkten.  Vid problem, v\u00e4nligen kontakta v\u00e5r kundtj\u00e4nst. Produktdetaljer: F\u00e4rg: vit M\u00e5tt: 137 x 80 x 40 cm M\u00e5tt bordsskiva: 80 x 40 cm M\u00e5tt spegel: 50 x 35 cm (B x H) M\u00e5tt pall: 50 x 40 x 30 cm Material: Massivt tr\u00e4 + MDF (medeldensitetsfiberplatta) klass E1 Leveransomfattning: 1x sminkbord 1x pall 1x monteringsanvisning (DE, FR, GB, ES, IT)<\/p>\n","protected":false},"excerpt":{"rendered":"<p>SONGMICS Songmics sminkbord med spegel, tr\u00e4, vit, 80 x 40 x 137 cm<\/p>\n","protected":false},"featured_media":45737,"comment_status":"open","ping_status":"closed","template":"","meta":[],"product_brand":[],"product_cat":[33],"product_tag":[],"class_list":{"0":"post-18755","1":"product","2":"type-product","3":"status-publish","4":"has-post-thumbnail","6":"product_cat-okategoriserad","8":"first","9":"instock","10":"shipping-taxable","11":"purchasable","12":"product-type-simple"},"_links":{"self":[{"href":"https:\/\/nordicmart.andreevmaster.com\/sv\/wp-json\/wp\/v2\/product\/18755","targetHints":{"allow":["GET"]}}],"collection":[{"href":"https:\/\/nordicmart.andreevmaster.com\/sv\/wp-json\/wp\/v2\/product"}],"about":[{"href":"https:\/\/nordicmart.andreevmaster.com\/sv\/wp-json\/wp\/v2\/types\/product"}],"replies":[{"embeddable":true,"href":"https:\/\/nordicmart.andreevmaster.com\/sv\/wp-json\/wp\/v2\/comments?post=18755"}],"wp:featuredmedia":[{"embeddable":true,"href":"https:\/\/nordicmart.andreevmaster.com\/sv\/wp-json\/wp\/v2\/media\/45737"}],"wp:attachment":[{"href":"https:\/\/nordicmart.andreevmaster.com\/sv\/wp-json\/wp\/v2\/media?parent=18755"}],"wp:term":[{"taxonomy":"product_brand","embeddable":true,"href":"https:\/\/nordicmart.andreevmaster.com\/sv\/wp-json\/wp\/v2\/product_brand?post=18755"},{"taxonomy":"product_cat","embeddable":true,"href":"https:\/\/nordicmart.andreevmaster.com\/sv\/wp-json\/wp\/v2\/product_cat?post=18755"},{"taxonomy":"product_tag","embeddable":true,"href":"https:\/\/nordicmart.andreevmaster.com\/sv\/wp-json\/wp\/v2\/product_tag?post=18755"}],"curies":[{"name":"wp","href":"https:\/\/api.w.org\/{rel}","templated":true}]}}