{"id":18754,"date":"2026-02-27T00:41:24","date_gmt":"2026-02-27T00:41:24","guid":{"rendered":"https:\/\/nordicmart.andreevmaster.com\/product\/songmics-fyrkantig-sminkbordspall\/"},"modified":"2026-02-27T08:29:38","modified_gmt":"2026-02-27T08:29:38","slug":"songmics-fyrkantig-sminkbordspall","status":"publish","type":"product","link":"https:\/\/nordicmart.andreevmaster.com\/sv\/produkt\/songmics-fyrkantig-sminkbordspall\/","title":{"rendered":"SONGMICS Fyrkantig sminkbordspall"},"content":{"rendered":"<p>G\u00f6r din sk\u00f6nhetsh\u00f6rna perfekt: G\u00f6r din sk\u00f6nhetsh\u00f6rna r\u00e4ttvisa och ers\u00e4tt den instabila campingstolen som st\u00e5tt framf\u00f6r ditt sminkbord alldeles f\u00f6r l\u00e4nge med denna charmiga stoppade pall. Dess raka silhuett och vita lackering \u00e4r det efterl\u00e4ngtade komplementet till ditt eleganta sminkbord. Extra stor sittyta: Denna sminkpall ser visserligen liten och enkel ut. Men den har mycket att erbjuda: Tack vare de fyra f\u00f6rst\u00e4rkta benen i massivt tr\u00e4 t\u00e5l pallen en belastning p\u00e5 upp till 130 kg. Den tjocka skumdynan p\u00e5 den stora rektangul\u00e4ra sitsen ger dessutom h\u00f6g sittkomfort. Produktdetaljer: F\u00e4rg: Vit Material: Kautschuktr\u00e4, skumplast, PU-konstl\u00e4der Storlek: 48 x 43 x 46 cm (L x B x H) Vikt: 8,7 kg Max. statisk belastningskapacitet: 130 kg Leveransomfattning: 1 x sminkbordspall 1 x monterings tillbeh\u00f6r 1 x instruktioner (DE, EN, ES, IT, FR) SONGMICS Anm\u00e4rkningar:Anv\u00e4nd produkten endast inomhus och placera den inte i en fuktig milj\u00f6 under l\u00e4ngre tid. Sitt inte p\u00e5 kanten av pallen och placera den p\u00e5 ett plant underlag f\u00f6r att undvika att den v\u00e4lter. Undvik all kontakt mellan ytan och vassa eller spetsiga f\u00f6rem\u00e5l samt aggressiva kemiska \u00e4mnen.<\/p>\n","protected":false},"excerpt":{"rendered":"<p>SONGMICS sminkbordspall, stoppad pall, sittpall med gummiben, pall f\u00f6r sminkbord, pianopall, sovrum, badrum, belastningskapacitet upp till 130 kg, rektangul\u00e4r, vit RDS52W<\/p>\n","protected":false},"featured_media":45736,"comment_status":"open","ping_status":"closed","template":"","meta":[],"product_brand":[],"product_cat":[33],"product_tag":[],"class_list":{"0":"post-18754","1":"product","2":"type-product","3":"status-publish","4":"has-post-thumbnail","6":"product_cat-okategoriserad","8":"first","9":"instock","10":"shipping-taxable","11":"purchasable","12":"product-type-simple"},"_links":{"self":[{"href":"https:\/\/nordicmart.andreevmaster.com\/sv\/wp-json\/wp\/v2\/product\/18754","targetHints":{"allow":["GET"]}}],"collection":[{"href":"https:\/\/nordicmart.andreevmaster.com\/sv\/wp-json\/wp\/v2\/product"}],"about":[{"href":"https:\/\/nordicmart.andreevmaster.com\/sv\/wp-json\/wp\/v2\/types\/product"}],"replies":[{"embeddable":true,"href":"https:\/\/nordicmart.andreevmaster.com\/sv\/wp-json\/wp\/v2\/comments?post=18754"}],"wp:featuredmedia":[{"embeddable":true,"href":"https:\/\/nordicmart.andreevmaster.com\/sv\/wp-json\/wp\/v2\/media\/45736"}],"wp:attachment":[{"href":"https:\/\/nordicmart.andreevmaster.com\/sv\/wp-json\/wp\/v2\/media?parent=18754"}],"wp:term":[{"taxonomy":"product_brand","embeddable":true,"href":"https:\/\/nordicmart.andreevmaster.com\/sv\/wp-json\/wp\/v2\/product_brand?post=18754"},{"taxonomy":"product_cat","embeddable":true,"href":"https:\/\/nordicmart.andreevmaster.com\/sv\/wp-json\/wp\/v2\/product_cat?post=18754"},{"taxonomy":"product_tag","embeddable":true,"href":"https:\/\/nordicmart.andreevmaster.com\/sv\/wp-json\/wp\/v2\/product_tag?post=18754"}],"curies":[{"name":"wp","href":"https:\/\/api.w.org\/{rel}","templated":true}]}}