{"id":18753,"date":"2026-02-27T00:41:24","date_gmt":"2026-02-27T00:41:24","guid":{"rendered":"https:\/\/nordicmart.andreevmaster.com\/product\/songmics-konkav-stoppad-pall-vit-beige\/"},"modified":"2026-02-27T08:29:37","modified_gmt":"2026-02-27T08:29:37","slug":"songmics-konkav-stoppad-pall-vit-beige","status":"publish","type":"product","link":"https:\/\/nordicmart.andreevmaster.com\/sv\/produkt\/songmics-konkav-stoppad-pall-vit-beige\/","title":{"rendered":"SONGMICS Konkav stoppad pall Vit-beige"},"content":{"rendered":"<p>Produktbeskrivning:  Ett bra sminkbord f\u00f6rtj\u00e4nar en h\u00f6gkvalitativ pall. Songmics sittpall med ny design g\u00f6r sminkningen till en behaglig upplevelse. Detta sminkbord i stilren design ger ditt rum en modern touch. Tjockt stoppat sittdynor garanterar h\u00f6g sittkomfort. Inbussnyckeln f\u00f6r montering medf\u00f6ljer. Den fungerar dessutom perfekt som skost\u00e4ll i hallen.  Produktdetaljer: &#8211; F\u00e4rg: vit &#8211; Material: gummitr\u00e4, MDF-skiva &#8211; M\u00e5tt: 48 x 46 x 30 cm (B x H x D) &#8211; Vikt: 5 kg Leveransomfattning:  &#8211; 1 x ben av gummitr\u00e4 &#8211; 1 x pallram &#8211; 1 x instruktioner (DE, EN, IT, FR, ES) &#8211; 1 x beslagsp\u00e5se Anm\u00e4rkningar:  &#8211; Sminkbordet b\u00f6r skyddas fr\u00e5n direkt solljus. &#8211; Undvik generellt all kontakt mellan bordet och vassa f\u00f6rem\u00e5l och aggressiva l\u00f6sningsmedel f\u00f6r att skydda det mot repor och skador.<\/p>\n","protected":false},"excerpt":{"rendered":"<p>SONGMICS sminkpall, stoppad pall, sittpall, tr\u00e4pall, pall f\u00f6r sminkbord, ben av gummitr\u00e4, konkav sits, modern design, 48 x 46 x 30 cm, vit RDS51W<\/p>\n","protected":false},"featured_media":45735,"comment_status":"open","ping_status":"closed","template":"","meta":[],"product_brand":[],"product_cat":[33],"product_tag":[],"class_list":{"0":"post-18753","1":"product","2":"type-product","3":"status-publish","4":"has-post-thumbnail","6":"product_cat-okategoriserad","8":"first","9":"instock","10":"shipping-taxable","11":"purchasable","12":"product-type-simple"},"_links":{"self":[{"href":"https:\/\/nordicmart.andreevmaster.com\/sv\/wp-json\/wp\/v2\/product\/18753","targetHints":{"allow":["GET"]}}],"collection":[{"href":"https:\/\/nordicmart.andreevmaster.com\/sv\/wp-json\/wp\/v2\/product"}],"about":[{"href":"https:\/\/nordicmart.andreevmaster.com\/sv\/wp-json\/wp\/v2\/types\/product"}],"replies":[{"embeddable":true,"href":"https:\/\/nordicmart.andreevmaster.com\/sv\/wp-json\/wp\/v2\/comments?post=18753"}],"wp:featuredmedia":[{"embeddable":true,"href":"https:\/\/nordicmart.andreevmaster.com\/sv\/wp-json\/wp\/v2\/media\/45735"}],"wp:attachment":[{"href":"https:\/\/nordicmart.andreevmaster.com\/sv\/wp-json\/wp\/v2\/media?parent=18753"}],"wp:term":[{"taxonomy":"product_brand","embeddable":true,"href":"https:\/\/nordicmart.andreevmaster.com\/sv\/wp-json\/wp\/v2\/product_brand?post=18753"},{"taxonomy":"product_cat","embeddable":true,"href":"https:\/\/nordicmart.andreevmaster.com\/sv\/wp-json\/wp\/v2\/product_cat?post=18753"},{"taxonomy":"product_tag","embeddable":true,"href":"https:\/\/nordicmart.andreevmaster.com\/sv\/wp-json\/wp\/v2\/product_tag?post=18753"}],"curies":[{"name":"wp","href":"https:\/\/api.w.org\/{rel}","templated":true}]}}